{"id":3,"date":"2018-09-04T04:42:50","date_gmt":"2018-09-04T02:42:50","guid":{"rendered":"http:\/\/anonym.2gci.fr\/?page_id=3"},"modified":"2024-05-13T17:05:20","modified_gmt":"2024-05-13T15:05:20","slug":"politique-de-confidentialite","status":"publish","type":"page","link":"https:\/\/brox.shop\/de\/politique-de-confidentialite\/","title":{"rendered":"Datenschutzrichtlinie"},"content":{"rendered":"<h2>Verwendung der erhobenen personenbezogenen Daten<\/h2>\n<h3>Dieses Portal verwendet Cookies zur Optimierung der Browserfunktion. Informieren Sie sich, wie wir Cookies verwenden und wie Sie Ihre Einstellungen \u00e4ndern k\u00f6nnen.<\/h3>\n<p>Wenn Sie auf unserer Site einen Kommentar hinterlassen, k\u00f6nnen Sie der Speicherung Ihres Namens, Ihrer E-Mail-Adresse und Ihrer Website in Cookies zustimmen. Diese dienen lediglich Ihrer Bequemlichkeit, damit Sie Ihre Daten nicht erneut eingeben m\u00fcssen, wenn Sie einen weiteren Kommentar hinterlassen. Diese Cookies verlieren nach einem Jahr ihre G\u00fcltigkeit.<\/p>\n<p>Wenn Sie ein Konto haben und sich bei dieser Site anmelden, wird ein tempor\u00e4res Cookie erstellt, um festzustellen, ob Ihr Browser Cookies akzeptiert. Es enth\u00e4lt keine personenbezogenen Daten und wird beim Schlie\u00dfen Ihres Browsers automatisch gel\u00f6scht.<\/p>\n<p>Wenn Sie sich anmelden, richten wir au\u00dferdem mehrere Cookies ein, um Ihre Anmeldeinformationen und Ihre Bildschirmanzeigeeinstellungen zu speichern. Die Lebensdauer eines Login-Cookies betr\u00e4gt zwei Tage, die eines Screen-Option-Cookies ein Jahr. Wenn Sie \u201eAngemeldet bleiben\u201c aktivieren, wird Ihr Login-Cookie zwei Wochen lang gespeichert. Wenn Sie sich von Ihrem Konto abmelden, wird das Anmelde-Cookie gel\u00f6scht.<\/p>\n<p>Durch das Bearbeiten oder Ver\u00f6ffentlichen eines Beitrags wird ein zus\u00e4tzlicher Cookie in Ihrem Browser gespeichert. Dieser Cookie enth\u00e4lt keine personenbezogenen Daten. Es zeigt lediglich die ID des Beitrags an, den Sie gerade bearbeitet haben. Es verf\u00e4llt nach einem Tag.<\/p>\n<h3>Eingebettete Inhalte von anderen Websites<\/h3>\n<p>Artikel auf dieser Site k\u00f6nnen eingebettete Inhalte enthalten (z. B. Videos, Bilder, Artikel usw.). Eingebettete Inhalte von anderen Websites verhalten sich exakt so, als ob der Besucher die andere Website besucht h\u00e4tte.<\/p>\n<p>Diese Websites k\u00f6nnen Daten \u00fcber Sie sammeln, Cookies benutzen, zus\u00e4tzliche Tracking-Dienste von Dritten einbetten und Ihre Interaktion mit diesem eingebetteten Inhalt aufzeichnen, inklusive Ihrer Interaktion mit dem eingebetteten Inhalt, falls Sie ein Konto haben und auf dieser Website angemeldet sind.<\/p>\n<h3>Statistiken und Besuchermessung<\/h3>\n<p>Gem\u00e4\u00df der europ\u00e4ischen Richtlinie \u201eDSGVO\u201c m\u00fcssen Internetnutzer vor dem Setzen von Cookies informiert werden und ihre Zustimmung geben.<\/p>\n<p>Auf der Brox-Site verwenden wir nur zwei Cookies, die dazu dienen, das Benutzererlebnis auf unserer Site zu verbessern:<\/p>\n<ul>\n<li>ein Google Analytics-Cookie: Dies erm\u00f6glicht uns, die Besucher der Website auf v\u00f6llig anonyme Weise besser zu verstehen.<\/li>\n<li>Ein Cookie, mit dem wir die Pr\u00e4senz des Banners verwalten k\u00f6nnen, auf das Sie geklickt haben, um auf diese Seite zuzugreifen.<\/li>\n<\/ul>\n<p>Wir informieren den Internetnutzer \u00fcber das Vorhandensein dieser Cookies \u00fcber ein Banner in der Fu\u00dfzeile der Site, um seine Zustimmung einzuholen.<\/p>\n<h2>Speicherdauer Ihrer Daten<\/h2>\n<p>F\u00fcr Benutzer, die sich auf unserer Website registrieren (falls zutreffend), speichern wir zus\u00e4tzlich die pers\u00f6nlichen Daten, die sie in ihren Benutzerprofilen angeben. Alle Benutzer k\u00f6nnen ihre pers\u00f6nlichen Daten (mit Ausnahme ihres Benutzernamens) jederzeit einsehen, bearbeiten oder l\u00f6schen. Site-Manager k\u00f6nnen diese Informationen ebenfalls anzeigen und bearbeiten.<\/p>\n<h2>Ihre Rechte an Ihren Daten<\/h2>\n<p>Wenn Sie \u00fcber ein Konto verf\u00fcgen oder Kommentare auf der Site hinterlassen haben, k\u00f6nnen Sie eine Datei mit allen personenbezogenen Daten anfordern, die wir \u00fcber Sie gespeichert haben, einschlie\u00dflich aller Daten, die Sie uns \u00fcbermittelt haben. Dar\u00fcber hinaus k\u00f6nnen Sie die L\u00f6schung der Sie betreffenden personenbezogenen Daten verlangen. Hiervon ausgenommen sind Daten, die zu administrativen, rechtlichen oder sicherheitsrelevanten Zwecken gespeichert werden.<\/p>\n<h2>Kontaktinformationen<\/h2>\n<p>Firmenname und -form: Pigeon &amp; Goldy<br \/>\nAdresse: 2, rue g\u00e2te bourse \u2013 17690 Angoulins<br \/>\nSIRENE: 832 705 123<br \/>\nSIRET: 83270512300012<\/p>\n<p>Publikationsleiterin: Camille Pigeonnier<br \/>\nE-Mail: camille-@eudoxie.fr<\/p>","protected":false},"excerpt":{"rendered":"<p>Utilisation des donn\u00e9es personnelles collect\u00e9es Cookies Si vous d\u00e9posez un commentaire sur notre site, il vous sera propos\u00e9 d\u2019enregistrer votre nom, adresse de messagerie et site web dans des cookies. C\u2019est uniquement pour votre confort afin de ne pas avoir \u00e0 saisir ces informations si vous d\u00e9posez un autre commentaire plus tard. Ces cookies expirent &#8230;<\/p>","protected":false},"author":1,"featured_media":0,"parent":0,"menu_order":0,"comment_status":"closed","ping_status":"open","template":"page-blank-title-center.php","meta":{"inline_featured_image":false,"footnotes":""},"class_list":["post-3","page","type-page","status-publish","hentry"],"_links":{"self":[{"href":"https:\/\/brox.shop\/de\/wp-json\/wp\/v2\/pages\/3","targetHints":{"allow":["GET"]}}],"collection":[{"href":"https:\/\/brox.shop\/de\/wp-json\/wp\/v2\/pages"}],"about":[{"href":"https:\/\/brox.shop\/de\/wp-json\/wp\/v2\/types\/page"}],"author":[{"embeddable":true,"href":"https:\/\/brox.shop\/de\/wp-json\/wp\/v2\/users\/1"}],"replies":[{"embeddable":true,"href":"https:\/\/brox.shop\/de\/wp-json\/wp\/v2\/comments?post=3"}],"version-history":[{"count":2,"href":"https:\/\/brox.shop\/de\/wp-json\/wp\/v2\/pages\/3\/revisions"}],"predecessor-version":[{"id":17501,"href":"https:\/\/brox.shop\/de\/wp-json\/wp\/v2\/pages\/3\/revisions\/17501"}],"wp:attachment":[{"href":"https:\/\/brox.shop\/de\/wp-json\/wp\/v2\/media?parent=3"}],"curies":[{"name":"wp","href":"https:\/\/api.w.org\/{rel}","templated":true}]}}