{"id":3294,"date":"2019-02-12T04:29:30","date_gmt":"2019-02-12T03:29:30","guid":{"rendered":"http:\/\/eudoxie.2gci.fr\/?page_id=3294"},"modified":"2023-10-24T10:13:17","modified_gmt":"2023-10-24T08:13:17","slug":"mentions-legales","status":"publish","type":"page","link":"https:\/\/brox.shop\/de\/mentions-legales\/","title":{"rendered":"Rechtliche Hinweise"},"content":{"rendered":"<a href=\"https:\/\/brox.shop\/wp-content\/uploads\/2021\/08\/FICHE-DE-RETOUR-Eudoxie.pdf\" target=\"_blank\" class=\"button primary\" rel=\"noopener\" >\n\t\t<span>R\u00dcCKSENDEFORMULAR<\/span>\n\t<\/a>\n\n<h3>TECHNISCHE DATEN<\/h3>\n<p>Bitte beachten Sie, dass die Vertraulichkeit der Korrespondenz im Internet nicht gew\u00e4hrleistet ist und dass es in der Verantwortung jedes Internet-Benutzers liegt, alle geeigneten Ma\u00dfnahmen zu ergreifen, um die eigenen Daten und\/oder Software vor einer Infektion mit im Internet zirkulierenden Viren zu sch\u00fctzen.<\/p>\n<h3>PERSONENBEZOGENE DATEN<\/h3>\n<p>Alle Informationen in Ihrem Konto werden nur im Rahmen Ihrer Gesch\u00e4ftsbeziehung mit brox.shop verwendet. Diese Informationen werden niemals an Dritte weitergegeben oder weiterverkauft. Gem\u00e4\u00df den Bestimmungen des Gesetzes Nr. 78-17 vom 6. Januar 1978 \u00fcber Informationstechnologie, Dateien und Freiheiten wurde die Site bei der CNIL (Nationale Kommission f\u00fcr Informationstechnologie und Freiheiten) unter der Nr. 1547941 v 0 gemeldet.<\/p>\n<h2 style=\"text-align: center;\">LIEFERUNG<\/h2>\n<p>BESTELLUNGEN WERDEN INNERHALB VON 24 STUNDEN NACH IHRER BESTELLUNG VORBEREITET UND VERSENDET<br \/>\n(AUSGENOMMEN SAMSTAG, SONNTAG UND FEIERTAGE)<br \/>\nIn arbeitsreichen Zeiten kann die Auftragsvorbereitung bis zu 48\/72 Stunden dauern.<\/p>\n<h3>VERSANDKOSTEN<\/h3>\n<p>FRANKREICH: Wir bieten unseren Kunden an, sich an den Liefer- und Vorbereitungskosten der Bestellung zu beteiligen.<br \/>\nab 5,99 Euro unabh\u00e4ngig vom gew\u00e4hlten Produkt.<br \/>\nEUROPA: F\u00fcr Europa startet das Paket unabh\u00e4ngig von der Bestellmenge bei 8,99 Euro.<br \/>\nWELT: F\u00fcr internationale Sendungen startet das Paket bei 14,99 Euro<\/p>\n<h3>Alle Sendungen werden per Post versandt.<\/h3>\n<p>Bei besonderen Umst\u00e4nden (Geburtstag, Geschenk usw.) k\u00f6nnen Sie uns gerne bez\u00fcglich eines vorrangigen Versands kontaktieren.<br \/>\nGem\u00e4\u00df den Allgemeinen Verkaufsbedingungen erfolgt der Versand auf Risiko des K\u00e4ufers. Sollten Sie auf Probleme sto\u00dfen oder ungew\u00f6hnlich lange Verz\u00f6gerungen erleben, z\u00f6gern Sie bitte nicht, uns zu kontaktieren.<\/p>\n<h2 style=\"text-align: center;\">R\u00fcckversand<\/h2>\n<p>Sie haben nach Erhalt Ihrer Bestellung eine Frist von vierzehn (14) Tagen, um uns \u00fcber Ihren Wunsch zur R\u00fcckgabe eines Teils oder der gesamten Bestellung zu informieren. F\u00e4llt das Fristende regelm\u00e4\u00dfig auf einen Samstag, Sonntag oder Feiertag, so verl\u00e4ngert sich die Frist bis zum n\u00e4chsten darauf folgenden Werktag. Gem\u00e4\u00df den allgemeinen Verkaufsbedingungen werden nur Artikel akzeptiert, die in ihrer Originalverpackung zur\u00fcckgesandt werden. Zur\u00fcckgegebene Artikel m\u00fcssen in wiederverkaufsf\u00e4higem Zustand sein.<\/p>\n<h3>Ihnen werden erstattet:<\/h3>\n<p>\u2013 ohne Sanktionen, <strong>Die R\u00fccksendekosten gehen zu Ihren Lasten.<\/strong><\/p>\n<p>Ein Umtausch ist nicht m\u00f6glich.<br \/>\nIm Falle eines defekten Artikels werden die Kosten der R\u00fccksendung von Brox \u00fcbernommen. Sollte der von Ihnen bestellte Artikel defekt sein, senden Sie bitte eine E-Mail an: rider@brox.shop<\/p>\n<h3>Wie ist das Vorgehen?<\/h3>\n<p>Um eine R\u00fccksendung vorzunehmen, senden Sie uns den bestellten Artikel zusammen mit einem separaten Blatt Papier mit Ihren Kontaktdaten und der\/den gew\u00fcnschten Gr\u00f6\u00dfe(n) an folgende Adresse: FMS \u2013 BROX: 48, rue des Vanniers, 40150 Hossegor \u2013 FRANKREICH. Nach Erhalt und \u00dcberpr\u00fcfung des Zustands des\/der Artikel(s) nehmen wir die R\u00fcckerstattung vor.<\/p>\n<h3>Wie lange dauert die R\u00fcckerstattung?<\/h3>\n<p>Brox verpflichtet sich, Ihnen den Betrag innerhalb von maximal 15 Tagen ab dem Tag des Eingangs Ihres Pakets in unserem Lager zu erstatten. R\u00fcckerstattungen erfolgen durch Gutschrift auf die Bankkarte, das Paypal-Konto oder das Alma-Konto, das bei der Bezahlung der Bestellung verwendet wurde.<\/p>\n<h2 style=\"text-align: center;\">ALLGEMEINE VERKAUFSBEDINGUNGEN<\/h2>\n<h3>1. ZWECK<\/h3>\n<p>Diese allgemeinen Verkaufsbedingungen zielen darauf ab, die Rechte und Pflichten von Brox und dem Kunden in Bezug auf die von Brox auf seiner Website brox.shop pr\u00e4sentierten Produkte zu definieren. Sie gelten ausschlie\u00dflich zwischen der Firma Pigeon &amp; Goldy (Brox) 2, rue g\u00e2te bourse 17690 Angoulins Siret: 832 705 123 00012 und jedem einzelnen Verbraucher, der die Website besucht oder einen Kauf t\u00e4tigt.<br \/>\n\u00fcber die besagte Site. Auf der Site bietet Brox dem Kunden die M\u00f6glichkeit, Produkte der Marke Brox online zu bestellen.<br \/>\ngem\u00e4\u00df diesen Allgemeinen Gesch\u00e4ftsbedingungen.<\/p>\n<p>Jede bei Brox aufgegebene Bestellung setzt daher die vorbehaltlose Annahme dieser Bedingungen durch den Kunden voraus. Diese Allgemeinen Gesch\u00e4ftsbedingungen k\u00f6nnen von Brox jederzeit und ohne Vorank\u00fcndigung ge\u00e4ndert werden. Es gelten die Bedingungen, die am Tag der Bestellung durch den Kunden in Kraft sind. Diese allgemeinen Verkaufsbedingungen sind unter der folgenden Adresse dauerhaft zug\u00e4nglich: in einem Computerformat, das den Ausdruck und\/oder das Herunterladen erm\u00f6glicht, sodass der Kunde sie vervielf\u00e4ltigen oder speichern kann.<\/p>\n<h3>2. PRODUKTE UND COMPLIANCE<\/h3>\n<p>2.1. Die zum Verkauf angebotenen Produkte werden auf der Brox-Website pr\u00e4sentiert und mit einer Beschreibung versehen.<br \/>\n2.2. Die von Brox angebotenen Produkte entsprechen den in Frankreich geltenden Normen.<\/p>\n<p>Elemente wie Fotos, Texte, Grafiken und s\u00e4mtliche Informationen und Eigenschaften, die die Produkte veranschaulichen und\/oder begleiten, sind nicht vertraglich bindend, wovon der Kunde Kenntnis nimmt.<\/p>\n<h3>3. PFLICHTEN DES KUNDEN<\/h3>\n<p>3.1. Der Kunde erkl\u00e4rt, dass er mindestens 18 Jahre alt ist und die erforderliche Rechtsf\u00e4higkeit besitzt oder \u00fcber die Einwilligung eines Erziehungsberechtigten verf\u00fcgt, eine Bestellung auf der Website aufzugeben.<br \/>\n3.2. Der Kunde verpflichtet sich, Brox die tats\u00e4chlichen und erforderlichen Informationen zur Erbringung der Dienstleistung gem\u00e4\u00df diesen Bedingungen wie online angefordert und entsprechend seiner Situation mitzuteilen, insbesondere seinen Namen, Vornamen, Adresse, Telefonnummer und g\u00fcltige E-Mail-Adresse. Der Kunde ist f\u00fcr die Folgen verantwortlich, die sich aus \u00fcbermittelten falschen oder ungenauen Informationen ergeben oder deren Verwendung rechtswidrig w\u00e4re.<br \/>\n3.3. Sobald die Bestellung aufgegeben wurde, sendet Brox dem Kunden eine E-Mail zur Bestellbest\u00e4tigung. Er informiert ihn \u00fcber die Versendung der Produkte.<br \/>\n3.4. Der Kunde kann seine Daten im Bereich \u201eMein Konto\u201c \u00e4ndern.<\/p>\n<h3>4. BESTELLUNG &amp; VORBESTELLUNG<\/h3>\n<p>4.1. Jede Bestellung oder Vorbestellung wird erst nach Zahlungseingang best\u00e4tigt.<br \/>\n4.2. Brox beh\u00e4lt sich das Recht vor, eine Bestellung oder Vorbestellung im Falle eines Streits mit dem Kunden \u00fcber eine fr\u00fchere Bestellung zu stornieren oder abzulehnen.<br \/>\n4.3. Brox kann Bestellungen oder Vorbestellungen annehmen, solange der Vorrat reicht. Der Kunde wird zum Zeitpunkt der Auftragsbest\u00e4tigung \u00fcber die Verf\u00fcgbarkeit der auf der Website verkauften Produkte informiert.<\/p>\n<p>4.4. Im Falle einer Vorbestellung stellen die vom Kunden im Voraus gezahlten Betr\u00e4ge keine Anzahlung im Sinne von Artikel 1590 des B\u00fcrgerlichen Gesetzbuches dar.<\/p>\n<p>Sollten die Produkte trotz aller Sorgfalt nicht verf\u00fcgbar sein, informiert Brox den Kunden schnellstm\u00f6glich per E-Mail. Der Kunde kann dann seine Bestellung stornieren und sich ggf. bereits gezahlte Betr\u00e4ge erstatten lassen.<br \/>\nEine dauerhafte oder vor\u00fcbergehende Nichtverf\u00fcgbarkeit kann in keinem Fall zur Haftung von Brox f\u00fchren und begr\u00fcndet keinen Anspruch auf Entsch\u00e4digung oder Schadensersatz zugunsten des Kunden.<\/p>\n<h3>5. PREIS<\/h3>\n<p>5.1. Die auf der Website angezeigten Preise verstehen sich in Euro und beinhalten alle franz\u00f6sischen Steuern (franz\u00f6sische Mehrwertsteuer und andere ggf. anfallende Steuern). Versandkosten, Zusch\u00fcsse zu den Bestellabwicklungskosten und Verpackungskosten sind nicht enthalten.<\/p>\n<p>Versandkosten, Beitrag zu den Bestellabwicklungskosten und Verpackungskosten werden im Warenkorb des Kunden vor der endg\u00fcltigen Best\u00e4tigung der Bestellung angezeigt. Die Preise k\u00f6nnen jederzeit und ohne Vorank\u00fcndigung ge\u00e4ndert werden, insbesondere im Falle einer \u00c4nderung steuerlicher oder wirtschaftlicher Daten. Die Artikel werden auf Grundlage der zum Zeitpunkt der Bestellung g\u00fcltigen Tarife in Rechnung gestellt.<\/p>\n<h3>6. LIEFERUNG<\/h3>\n<p>6.1. Brox liefert seine Produkte in Frankreich und in alle L\u00e4nder der Welt.<\/p>\n<p>Der Versand der Produkte erfolgt mit Lieferschein an die vom Kunden bei der Bestellung angegebene Lieferadresse.<br \/>\nEine Lieferung an Hotels oder Postf\u00e4cher ist nicht m\u00f6glich. Bei den auf der Website angegebenen Lieferzeiten handelt es sich um Richtwerte, die den durchschnittlichen Bearbeitungs- und Lieferzeiten entsprechen. Damit diese Fristen eingehalten werden k\u00f6nnen, muss der Kunde sicherstellen, dass er genaue und vollst\u00e4ndige Informationen zur Lieferadresse angegeben hat (wie insbesondere: Hausnummer, Geb\u00e4udenummer, Treppenhausnummer, Zugangscodes, Namen und\/oder Sprechanlagennummern usw.).<br \/>\nBei einer Lieferverz\u00f6gerung von mehr als 14 Werktagen kann der Kunde, sofern das Produkt noch nicht versandt wurde, die Bestellung per Einschreiben mit R\u00fcckschein stornieren und eine R\u00fcckerstattung der Bestellung verlangen.<\/p>\n<p>Wenn der Artikel vor Eingang der Stornierung der Bestellung aufgrund einer Lieferverz\u00f6gerung von mehr als 7 Tagen versandt wurde, erstattet Brox den Artikel sowie die Versand- und R\u00fccksendekosten, sobald der Artikel vollst\u00e4ndig, in seinem Originalzustand und mit allen Etiketten zur\u00fcckerhalten wurde.<br \/>\nIm Falle besch\u00e4digter Pakete (bereits ge\u00f6ffnet, fehlende Produkte usw.) verpflichtet sich der Kunde, dem Spediteur und Brox etwaige Vorbehalte innerhalb von 3 Tagen nach Erhalt des Produkts auf beliebigem Wege mitzuteilen.<\/p>\n<p>F\u00fcr die Folgen einer unverschuldeten Lieferverz\u00f6gerung kann Brox nicht haftbar gemacht werden.<\/p>\n<h3>7. ZAHLUNG<\/h3>\n<p>Der volle Betrag muss zum Zeitpunkt der Bestellung bezahlt werden. Die gezahlten Betr\u00e4ge d\u00fcrfen zu keinem Zeitpunkt als Anzahlung oder Anzahlung betrachtet werden. Der Kunde bezahlt seine Bestellung per Bankkarte (Visa, Eurocard\/Mastercard) gem\u00e4\u00df den Bestimmungen dieses Artikels. Bei jeder Transaktion gibt der Kunde die Nummer auf der Vorderseite seiner Karte, das Ablaufdatum seiner Karte und das Kryptogramm auf der R\u00fcckseite seiner Karte (letzte drei Ziffern) an.<\/p>\n<p>Die Mitteilung der Bankkartennummer durch den Kunden stellt f\u00fcr Brox eine Erm\u00e4chtigung dar, den Betrag seiner Bestellung von seinem Konto abzubuchen. Es werden keine Nachnahmesendungen, aus welchem Grund auch immer, angenommen.<\/p>\n<p>Bis zur vollst\u00e4ndigen Bezahlung des Preises durch den Kunden bleibt die Ware Eigentum von Brox. Der Einkauf erfolgt sicher. Die von Brox verwendeten Zahlungsl\u00f6sungen sind 100%-sicher. Bei Zahlungen per Bankkarte (Carte Bleue, Carte Bleue Visa und e-Carte Bleue) werden alle Informationen, die Kunden an Brox \u00fcbermitteln, streng gesch\u00fctzt und die Konformit\u00e4t und Sicherheit jeder Transaktion gew\u00e4hrleistet.<\/p>\n<h3>8. UMTAUSCH UND R\u00dcCKGABE VON PRODUKTEN<\/h3>\n<p>WIDERRUFSRECHT<br \/>\nInnerhalb von sieben (7) Tagen nach Erhalt der Bestellung kann der Kunde bei Brox eine R\u00fcckerstattung f\u00fcr das\/die Produkt(e) verlangen.<br \/>\nInnerhalb von drei\u00dfig (30) Tagen nach Erhalt der Bestellung kann der Kunde bei Brox die R\u00fcckgabe gegen Gutschrift oder Umtausch des\/der Produkts\/Produkte verlangen.<\/p>\n<p>Hierzu muss der Kunde zun\u00e4chst per E-Mail einen R\u00fccksende- oder Umtauschantrag stellen.<\/p>\n<p>Die R\u00fccksendung oder der Umtausch erfolgt auf Gefahr des Kunden. Das Produkt muss innerhalb einer Woche in seiner Originalverpackung, in seinem Originalzustand, neu, ungetragen und ungewaschen an die folgende Adresse zur\u00fcckgesandt werden: Brox, 37 rue Charles de Gaulle 33310 Lormont, Frankreich<\/p>\n<p>Die R\u00fcckerstattung des zur\u00fcckgesandten Produkts erfolgt innerhalb von maximal f\u00fcnfzehn (15) Tagen nach Erhalt durch Brox, indem der zu erstattende Betrag dem Bankkonto des Kunden gutgeschrieben wird. Die Kosten der R\u00fccksendung gehen zu Lasten des Kunden, es sei denn, Brox hat ein besch\u00e4digtes oder anderes als das bestellte Produkt geliefert. Bei Nichteinhaltung dieser Bedingungen durch den Kunden, insbesondere der R\u00fcckgabe- oder Umtauschbedingungen, ist Brox nicht in der Lage, die betreffenden Produkte zu erstatten.<\/p>\n<h3>9. GARANTIEN<\/h3>\n<p>Brox hat f\u00fcr alle Phasen des Zugriffs auf die Website, vom Bestellvorgang bis zum Versand des Pakets oder nachfolgender Dienste, lediglich eine Mittelpflicht. Brox kann nicht f\u00fcr Unannehmlichkeiten oder Sch\u00e4den haftbar gemacht werden, die mit der Nutzung des Internets verbunden sind, insbesondere nicht f\u00fcr Dienstausf\u00e4lle, externe Eingriffe oder das Vorhandensein von Computerviren oder f\u00fcr Ereignisse, die gem\u00e4\u00df Gesetz und Rechtsprechung als h\u00f6here Gewalt einzustufen sind.<\/p>\n<h3>10. GEISTIGES EIGENTUM<\/h3>\n<p>Der Kunde ist unter keinen Umst\u00e4nden berechtigt, die Website und insbesondere deren Inhalte (aufgelistete Produkte, Beschreibungen, Bilder, Videos usw.) ganz oder teilweise herunterzuladen oder zu \u00e4ndern. Diese Site oder Teile dieser Site d\u00fcrfen ohne die ausdr\u00fcckliche schriftliche Genehmigung von Brox nicht reproduziert, kopiert, verkauft oder anderweitig zu kommerziellen Zwecken genutzt werden. Generell bleiben alle Urheberrechte, Marken und anderen Kennzeichen sowie Eigentums- und geistigen Eigentumsrechte, die auf der Site erscheinen, uneingeschr\u00e4nktes Eigentum von Brox. Der Kunde ist daher verpflichtet, die Rechte am geistigen Eigentum zu respektieren und darf die auf der Website und gegebenenfalls auf den Produkten erscheinenden Marken nicht verwenden oder eine Marke registrieren, die f\u00fcr den Rechteinhaber nachteilig w\u00e4re, sofern im Vertrag nichts anderes bestimmt ist. Gleiches gilt f\u00fcr alle sonstigen geistigen Eigentumsrechte.<\/p>\n<h3>11. GARANTIEN UND HAFTUNG<\/h3>\n<p>Brox verpflichtet sich, vertrauliche Kundeninformationen nur im Rahmen des Betriebs seiner Site zu verwenden. Zur ordnungsgem\u00e4\u00dfen Abwicklung der Bestellung werden die erhobenen personenbezogenen Daten computergest\u00fctzt verarbeitet. Der Kunde best\u00e4tigt, sich dessen bewusst zu sein. Daher k\u00f6nnen ihn betreffende Informationen an die technischen Dienstleister von Brox weitergegeben werden. Dar\u00fcber hinaus kann Brox technische Mittel einsetzen, um nicht personenbezogene Daten \u00fcber Internet-Benutzer zu erhalten und damit die Funktionalit\u00e4t der Website zu verbessern, beispielsweise durch die Verfolgung der Besucherzahlen bestimmter Seiten. Gem\u00e4\u00df dem Gesetz vom 6. Januar 1978, ge\u00e4ndert durch das Gesetz vom 6. August 2004, hat der Kunde ein Recht auf Zugriff und Berichtigung der ihn betreffenden personenbezogenen Daten in den Brox-Dateien. Alle Anfragen m\u00fcssen per E-Mail an rider@brox.shop oder per Post an die folgende Adresse gesendet werden: Brox, 37, rue du G\u00e9n\u00e9ral de Gaulle 33310 Lormont.<\/p>\n<p>Diese Computerverarbeitung wurde der Nationalen Kommission f\u00fcr Informationstechnologie und b\u00fcrgerliche Freiheiten (CNIL) gemeldet, die am 28. November 2011 die Quittung Nr. 1547941 v 0 ausstellte.<\/p>\n<h3>12. H\u00d6HERE GEWALT<\/h3>\n<p>Im Falle des Auftretens eines Ereignisses h\u00f6herer Gewalt muss die betroffene Partei die andere Partei innerhalb von f\u00fcnfzehn (15) Tagen nach Auftreten dieses Ereignisses per Einschreiben mit R\u00fcckschein informieren.<br \/>\nAls F\u00e4lle h\u00f6herer Gewalt oder unvorhersehbarer Umst\u00e4nde werden neben den in der Rechtsprechung der franz\u00f6sischen Gerichte allgemein anerkannten F\u00e4llen ausdr\u00fccklich folgende Ereignisse betrachtet: Total- oder Teilstreiks, Aussperrungen, Aufst\u00e4nde, Boykotte oder sonstige Arbeitskampfma\u00dfnahmen oder Handelsstreitigkeiten, innere Unruhen, Aufst\u00e4nde, Krieg, Unwetter, Epidemien, Blockaden von Transportmitteln oder der Versorgung aus jedwedem Grund, Erdbeben, Br\u00e4nde, St\u00fcrme, \u00dcberschwemmungen, Wassersch\u00e4den, staatliche oder gesetzliche Beschr\u00e4nkungen, gesetzliche oder beh\u00f6rdliche \u00c4nderungen der Vertriebsformen, Computerausf\u00e4lle, Blockaden im Telekommunikationsbereich (einschlie\u00dflich kabelgebundener oder kabelloser Telekommunikationsnetze) und alle anderen F\u00e4lle au\u00dferhalb des Einflussbereichs der Parteien, die die normale Durchf\u00fchrung des Vertragsverh\u00e4ltnisses verhindern.<br \/>\nF\u00fcr die gesamte Dauer des Ereignisses h\u00f6herer Gewalt werden s\u00e4mtliche Verpflichtungen der Parteien entsch\u00e4digungslos ausgesetzt. Wenn das Ereignis h\u00f6herer Gewalt l\u00e4nger als drei (3) Monate andauert, kann der betroffene Vertrag automatisch und ohne Entsch\u00e4digung f\u00fcr eine der Parteien gek\u00fcndigt werden.<\/p>\n<h3>13. ALLGEMEINE BESTIMMUNGEN<\/h3>\n<p>13.1. Teilunwirksamkeit einer Klausel<\/p>\n<p>Sollte eine der Bestimmungen dieser Bedingungen von einem zust\u00e4ndigen Gericht f\u00fcr nichtig oder nicht durchsetzbar erkl\u00e4rt werden, gilt sie als nicht geschrieben und hat nicht die Nichtigkeit der \u00fcbrigen Bestimmungen zur Folge.<\/p>\n<p>13.2. Aktualisieren<\/p>\n<p>Diese Allgemeinen Gesch\u00e4ftsbedingungen k\u00f6nnen von Brox jederzeit und ohne Vorank\u00fcndigung ge\u00e4ndert werden. Es gelten die Bedingungen, die am Tag der Bestellung durch den Kunden in Kraft sind. Diese allgemeinen Verkaufsbedingungen sind unter der folgenden Adresse dauerhaft zug\u00e4nglich: in einem Computerformat, das den Ausdruck und\/oder das Herunterladen erm\u00f6glicht, sodass der Kunde sie vervielf\u00e4ltigen oder speichern kann.<\/p>\n<p>13.3. Geltendes Recht \u2013 Gerichtsstand<\/p>\n<p>Diese Allgemeinen Gesch\u00e4ftsbedingungen unterliegen hinsichtlich ihrer materiellen und formellen Bestimmungen dem franz\u00f6sischen Recht. Jedem Streitfall muss zun\u00e4chst ein g\u00fctlicher Einigungsversuch vorausgehen. Kommt keine g\u00fctliche Einigung zustande, wird die Zust\u00e4ndigkeit den zust\u00e4ndigen franz\u00f6sischen Gerichten zugewiesen, ungeachtet mehrerer Beklagter oder Anspr\u00fcche Dritter.<\/p>\n<p>13.4. : Wiedergabe der geltenden Texte (Verordnung 2005-136 vom 17. Februar 2005, Verbraucherschutzgesetz, B\u00fcrgerliches Gesetzbuch)<\/p>\n<p>Kunst. L. 211-4. des Verbraucherschutzgesetzes<br \/>\nDer Verk\u00e4ufer ist verpflichtet, vertragsgem\u00e4\u00dfe Waren zu liefern und haftet f\u00fcr etwaige Vertragswidrigkeiten, die zum Zeitpunkt der Lieferung bestehen.<br \/>\nEr haftet au\u00dferdem f\u00fcr etwaige Konformit\u00e4tsm\u00e4ngel, die sich aus der Verpackung, der Montageanleitung oder der Installation ergeben, wenn diese vertraglich in seine Verantwortung \u00fcbernommen wurden oder unter seiner Verantwortung durchgef\u00fchrt wurden.<\/p>\n<p>Kunst. L. 211-5. des Verbraucherschutzgesetzes<br \/>\nUm dem Vertrag zu entsprechen, muss die Immobilie:<br \/>\n1. F\u00fcr die Verwendung geeignet sein, die \u00fcblicherweise von einer \u00e4hnlichen Ware erwartet wird, und gegebenenfalls:<br \/>\n\u2013 der Beschreibung des Verk\u00e4ufers entsprechen und die Eigenschaften besitzen, die dieser dem Kunden in Form eines Musters oder Modells vorgestellt hat;<br \/>\n\u2013 die Eigenschaften aufweisen, die ein Kunde angesichts der \u00f6ffentlichen \u00c4u\u00dferungen des Verk\u00e4ufers, des Herstellers oder seines Vertreters, insbesondere in der Werbung oder bei der Kennzeichnung, berechtigterweise erwarten kann;<\/p>\n<p>2\u00b0 Oder die von den Parteien einvernehmlich festgelegten Eigenschaften aufweisen oder f\u00fcr einen vom Kunden gew\u00fcnschten besonderen Zweck geeignet sein, der dem Verk\u00e4ufer mitgeteilt wurde und den dieser akzeptiert hat.<\/p>\n<p>Kunst. L. 211-12. des Verbraucherschutzgesetzes<br \/>\nDie Verj\u00e4hrungsfrist f\u00fcr Anspr\u00fcche aus Vertragswidrigkeiten betr\u00e4gt zwei Jahre ab Ablieferung der Ware.<\/p>\n<p>Kunst. 1641 des B\u00fcrgerlichen Gesetzbuches<br \/>\nDer Verk\u00e4ufer haftet im Rahmen der Gew\u00e4hrleistung f\u00fcr versteckte M\u00e4ngel der verkauften Sache, die diese f\u00fcr den bestimmungsgem\u00e4\u00dfen Gebrauch unbrauchbar machen oder diesen Gebrauch so beeintr\u00e4chtigen, dass der Kunde die Sache nicht oder nur zu einem geringeren Preis erworben h\u00e4tte, wenn er von ihnen gewusst h\u00e4tte.<\/p>\n<p>Kunst. 1648 Absatz 1 des B\u00fcrgerlichen Gesetzbuches<br \/>\nDie Klage wegen versteckter M\u00e4ngel muss vom K\u00e4ufer innerhalb von zwei Jahren nach Entdeckung des Mangels erhoben werden.<\/p>","protected":false},"excerpt":{"rendered":"<p>INFORMATIONS TECHNIQUES Il est rappel\u00e9 que le secret des correspondances n\u2019est pas garanti sur le r\u00e9seau Internet et qu\u2019il appartient \u00e0 chaque utilisateur d\u2019Internet de prendre toutes les mesures appropri\u00e9es de fa\u00e7on \u00e0 prot\u00e9ger ses propres donn\u00e9es et\/ou logiciels de la contamination d\u2019\u00e9ventuels virus circulant sur Internet. DONN\u00c9ES PERSONNELLES Toutes les informations de votre compte &#8230;<\/p>","protected":false},"author":1,"featured_media":0,"parent":0,"menu_order":0,"comment_status":"closed","ping_status":"closed","template":"page-blank-title-center.php","meta":{"inline_featured_image":false,"footnotes":""},"class_list":["post-3294","page","type-page","status-publish","hentry"],"_links":{"self":[{"href":"https:\/\/brox.shop\/de\/wp-json\/wp\/v2\/pages\/3294","targetHints":{"allow":["GET"]}}],"collection":[{"href":"https:\/\/brox.shop\/de\/wp-json\/wp\/v2\/pages"}],"about":[{"href":"https:\/\/brox.shop\/de\/wp-json\/wp\/v2\/types\/page"}],"author":[{"embeddable":true,"href":"https:\/\/brox.shop\/de\/wp-json\/wp\/v2\/users\/1"}],"replies":[{"embeddable":true,"href":"https:\/\/brox.shop\/de\/wp-json\/wp\/v2\/comments?post=3294"}],"version-history":[{"count":2,"href":"https:\/\/brox.shop\/de\/wp-json\/wp\/v2\/pages\/3294\/revisions"}],"predecessor-version":[{"id":17291,"href":"https:\/\/brox.shop\/de\/wp-json\/wp\/v2\/pages\/3294\/revisions\/17291"}],"wp:attachment":[{"href":"https:\/\/brox.shop\/de\/wp-json\/wp\/v2\/media?parent=3294"}],"curies":[{"name":"wp","href":"https:\/\/api.w.org\/{rel}","templated":true}]}}