{"id":17052,"date":"2023-09-21T17:06:12","date_gmt":"2023-09-21T15:06:12","guid":{"rendered":"https:\/\/brox.shop\/?post_type=product&#038;p=17052"},"modified":"2026-01-25T17:12:10","modified_gmt":"2026-01-25T16:12:10","slug":"bonnet-brox","status":"publish","type":"product","link":"https:\/\/brox.shop\/de\/produkt\/bonnet-brox\/","title":{"rendered":"Brox-Motorhaube"},"content":{"rendered":"<h1 style=\"text-align: center\">Brox-Motorhaube<\/h1>\n<ul>\n<li>Einheitsgr\u00f6\u00dfe<\/li>\n<li>Schwarz und Wei\u00df<\/li>\n<li>Einfacher und klassischer Stil<\/li>\n<\/ul>\n<p style=\"text-align: left\">Sie k\u00f6nnen Ihre Gr\u00f6\u00dfe nicht finden oder ein Produkt ist nicht mehr verf\u00fcgbar? Schreiben Sie uns an rider@brox.shop, wir finden die L\u00f6sung!<\/p>\n<div class=\"accordion\">\n\t<div id=\"accordion-2659252488\" class=\"accordion-item\">\n\t\t<a id=\"accordion-2659252488-label\" class=\"accordion-title plain\" href=\"#accordion-item-livraison-et-retours\" aria-expanded=\"false\" aria-controls=\"accordion-2659252488-content\">\n\t\t\t<button class=\"toggle\" aria-label=\"Umschalten\"><i class=\"icon-angle-down\" aria-hidden=\"true\"><\/i><\/button>\n\t\t\t<span>LIEFERUNG UND R\u00dcCKGABE<\/span>\n\t\t<\/a>\n\t\t<div id=\"accordion-2659252488-content\" class=\"accordion-inner\" aria-labelledby=\"accordion-2659252488-label\">\n\t\t\t\n<p><img loading=\"lazy\" decoding=\"async\" class=\"wp-image-17461 aligncenter\" src=\"https:\/\/eudoxie.shop\/wp-content\/uploads\/2023\/04\/reassurance-telephone-600x637.jpg\" alt=\"Reassurance Telephone\" width=\"377\" height=\"400\" \/><\/p>\n<ul>\n<li>M\u00f6glichkeit der R\u00fcckerstattung innerhalb von 14 Tagen nach Erhalt<\/li>\n<li>1 Jahr Garantie<\/li>\n<\/ul>\n\t\t<\/div>\n\t<\/div>\n\t\n<\/div>\n<h2>Beschreibung des Brox-Hutes<\/h2>\n<div>Du suchst eine schlichte M\u00fctze, eine Markenm\u00fctze, eine M\u00fctze im Motorrad-Stil, aber vor allem eine richtig warme M\u00fctze? Brox, du hast es geh\u00f6rt: HIER IST ES!<\/div>\n<div><\/div>\n<div>Die Brox-M\u00fctze ist die perfekte Kombination aus Mode, Qualit\u00e4t und Komfort. Diese Beanie-M\u00fctze h\u00e4lt Sie warm und verleiht Ihrem Look gleichzeitig eine stilvolle Note. Sie ist ein Grundbestandteil jeder Wintergarderobe.<\/div>\n<div>Stellen Sie sich vor, Sie tragen es, w\u00e4hrend Sie durch die verschneiten Stra\u00dfen laufen und bleiben dabei sch\u00f6n warm. Das ist ein Erlebnis, das Sie sich nicht entgehen lassen sollten. Egal, ob Sie sich aus \u00e4sthetischen Gr\u00fcnden oder wegen ihres Schutzes vor der eisigen K\u00e4lte f\u00fcr sie entscheiden, die Brox-M\u00fctze erf\u00fcllt alle Ihre Winterbed\u00fcrfnisse. Bekr\u00e4ftigen Sie Ihren Stil, trotzen Sie der K\u00e4lte und erleben Sie Eleganz mit einem einzigen Accessoire. Mit der Brox-M\u00fctze wird der Winter zu einer Jahreszeit voller Mode und W\u00e4rme, die Sie lieben werden.<\/div>\n<div>Entdecken Sie ultimativen Komfort und Eleganz in einem Accessoire. Brox, Ihr Verb\u00fcndeter, um dem Winter mit Stil und W\u00e4rme zu trotzen.<\/div>\n<p>Sie z\u00f6gern bei einem unserer St\u00fccke? Wir bieten Ihnen auch unsere anderen bew\u00e4hrten Jacken an,<a href=\"https:\/\/brox.shop\/de\/produkt-kategorie\/equipements-moto\/\"> HIER<\/a><\/p>\n<p>Ansonsten finden Sie alle unsere Abenteuer auf unserer <a href=\"https:\/\/www.instagram.com\/brox_motorcycle_label\/\" target=\"_blank\" rel=\"noopener\">Instagram <\/a>!<\/p>","protected":false},"excerpt":{"rendered":"<p>Einheitsgr\u00f6\u00dfe<\/p>\n<p>Schwarz und Wei\u00df<\/p>\n<p>Einfacher und klassischer Stil<\/p>","protected":false},"featured_media":17138,"comment_status":"closed","ping_status":"closed","template":"","meta":{"inline_featured_image":false},"product_brand":[],"product_cat":[416,401,409],"product_tag":[],"class_list":{"0":"post-17052","1":"product","2":"type-product","3":"status-publish","4":"has-post-thumbnail","6":"product_cat-black-friday","7":"product_cat-bonnet","8":"product_cat-vetements-brox","10":"first","11":"instock","12":"sold-individually","13":"taxable","14":"shipping-taxable","15":"purchasable","16":"product-type-simple"},"supplier_id":null,"supplier_sku":"","barcode":null,"atum_controlled":true,"out_stock_date":null,"out_stock_threshold":null,"inheritable":false,"inbound_stock":0,"stock_on_hold":0,"sold_today":0,"sales_last_days":0,"reserved_stock":0,"customer_returns":0,"warehouse_damage":0,"lost_in_post":0,"other_logs":0,"out_stock_days":0,"lost_sales":0,"has_location":false,"update_date":"2026-04-22T01:15:46","atum_locations":[],"atum_stock_status":"instock","restock_status":false,"low_stock_amount":"","sales_update_date":"2026-04-22T01:15:46","calc_backorders":null,"_links":{"self":[{"href":"https:\/\/brox.shop\/de\/wp-json\/wp\/v2\/product\/17052","targetHints":{"allow":["GET"]}}],"collection":[{"href":"https:\/\/brox.shop\/de\/wp-json\/wp\/v2\/product"}],"about":[{"href":"https:\/\/brox.shop\/de\/wp-json\/wp\/v2\/types\/product"}],"replies":[{"embeddable":true,"href":"https:\/\/brox.shop\/de\/wp-json\/wp\/v2\/comments?post=17052"}],"wp:featuredmedia":[{"embeddable":true,"href":"https:\/\/brox.shop\/de\/wp-json\/wp\/v2\/media\/17138"}],"wp:attachment":[{"href":"https:\/\/brox.shop\/de\/wp-json\/wp\/v2\/media?parent=17052"}],"wp:term":[{"taxonomy":"product_brand","embeddable":true,"href":"https:\/\/brox.shop\/de\/wp-json\/wp\/v2\/product_brand?post=17052"},{"taxonomy":"product_cat","embeddable":true,"href":"https:\/\/brox.shop\/de\/wp-json\/wp\/v2\/product_cat?post=17052"},{"taxonomy":"product_tag","embeddable":true,"href":"https:\/\/brox.shop\/de\/wp-json\/wp\/v2\/product_tag?post=17052"}],"curies":[{"name":"wp","href":"https:\/\/api.w.org\/{rel}","templated":true}]}}