{"id":17054,"date":"2023-09-21T17:06:12","date_gmt":"2023-09-21T15:06:12","guid":{"rendered":"https:\/\/brox.shop\/?post_type=product&#038;p=17054"},"modified":"2026-01-07T16:52:17","modified_gmt":"2026-01-07T15:52:17","slug":"gants-moto-homologues-lizzy-spark","status":"publish","type":"product","link":"https:\/\/brox.shop\/de\/produkt\/gants-moto-homologues-lizzy-spark\/","title":{"rendered":"Lizzy Spark: Zugelassene Motorradhandschuhe 1"},"content":{"rendered":"<h1 style=\"text-align: center;\">Lizzy Spark: Zugelassene Motorradhandschuhe 1<\/h1>\n<ul>\n<li>1 Zugelassene Motorradhandschuhe aus Leder<\/li>\n<li>Eng am Handgelenk<\/li>\n<li>Taktiler Zeigefinger und Daumen<\/li>\n<li>Zugelassene Motorradhandschuhe mit atmungsaktivem Futter<\/li>\n<li>Handschlaufe, damit Sie sie nicht verlieren<\/li>\n<\/ul>\n<div class=\"accordion\">\n\t<div id=\"accordion-3962287573\" class=\"accordion-item\">\n\t\t<a id=\"accordion-3962287573-label\" class=\"accordion-title plain\" href=\"#accordion-item-homologation\" aria-expanded=\"false\" aria-controls=\"accordion-3962287573-content\">\n\t\t\t<button class=\"toggle\" aria-label=\"Umschalten\"><i class=\"icon-angle-down\" aria-hidden=\"true\"><\/i><\/button>\n\t\t\t<span>GENEHMIGUNG<\/span>\n\t\t<\/a>\n\t\t<div id=\"accordion-3962287573-content\" class=\"accordion-inner\" aria-labelledby=\"accordion-3962287573-label\">\n\t\t\t\n<p style=\"text-align: center;\"><img loading=\"lazy\" decoding=\"async\" class=\"alignnone wp-image-17240\" src=\"https:\/\/brox.shop\/wp-content\/uploads\/2023\/10\/HOMOLOGATION-moto-gants-LIZZY-1.jpg\" alt=\"Homologation Moto Gants Lizzy 1\" width=\"179\" height=\"278\" \/><\/p>\n<p style=\"text-align: center;\">Level 1KP-Zulassung<\/p>\n\t\t<\/div>\n\t<\/div>\n\t\n\t<div id=\"accordion-2576370686\" class=\"accordion-item\">\n\t\t<a id=\"accordion-2576370686-label\" class=\"accordion-title plain\" href=\"#accordion-item-guide-des-tailles\" aria-expanded=\"false\" aria-controls=\"accordion-2576370686-content\">\n\t\t\t<button class=\"toggle\" aria-label=\"Umschalten\"><i class=\"icon-angle-down\" aria-hidden=\"true\"><\/i><\/button>\n\t\t\t<span>GR\u00d6SSENTABELLE<\/span>\n\t\t<\/a>\n\t\t<div id=\"accordion-2576370686-content\" class=\"accordion-inner\" aria-labelledby=\"accordion-2576370686-label\">\n\t\t\t\n<p><img loading=\"lazy\" decoding=\"async\" class=\"alignnone size-medium wp-image-17229\" src=\"https:\/\/brox.shop\/wp-content\/uploads\/2023\/09\/guide-des-tailles-gants-moto-brox-600x384.jpg\" alt=\"Guide Des Tailles Gants Moto Brox\" width=\"600\" height=\"384\" srcset=\"https:\/\/brox.shop\/wp-content\/uploads\/2023\/09\/guide-des-tailles-gants-moto-brox-600x384.jpg 600w, https:\/\/brox.shop\/wp-content\/uploads\/2023\/09\/guide-des-tailles-gants-moto-brox-350x224.jpg 350w, https:\/\/brox.shop\/wp-content\/uploads\/2023\/09\/guide-des-tailles-gants-moto-brox-768x491.jpg 768w, https:\/\/brox.shop\/wp-content\/uploads\/2023\/09\/guide-des-tailles-gants-moto-brox-800x512.jpg 800w, https:\/\/brox.shop\/wp-content\/uploads\/2023\/09\/guide-des-tailles-gants-moto-brox.jpg 1035w\" sizes=\"auto, (max-width: 600px) 100vw, 600px\" \/><\/p>\n<p>Sie k\u00f6nnen Ihre Gr\u00f6\u00dfe nicht finden oder ein Produkt ist nicht mehr verf\u00fcgbar? Schreiben Sie uns an <strong>rider@brox.shop<\/strong> , wir finden die L\u00f6sung!<\/p>\n\t\t<\/div>\n\t<\/div>\n\t\n\t<div id=\"accordion-1097659526\" class=\"accordion-item\">\n\t\t<a id=\"accordion-1097659526-label\" class=\"accordion-title plain\" href=\"#accordion-item-livraison-et-retours\" aria-expanded=\"false\" aria-controls=\"accordion-1097659526-content\">\n\t\t\t<button class=\"toggle\" aria-label=\"Umschalten\"><i class=\"icon-angle-down\" aria-hidden=\"true\"><\/i><\/button>\n\t\t\t<span>LIEFERUNG UND R\u00dcCKGABE<\/span>\n\t\t<\/a>\n\t\t<div id=\"accordion-1097659526-content\" class=\"accordion-inner\" aria-labelledby=\"accordion-1097659526-label\">\n\t\t\t\n<p><img loading=\"lazy\" decoding=\"async\" class=\"wp-image-17461 aligncenter\" src=\"https:\/\/eudoxie.shop\/wp-content\/uploads\/2023\/04\/reassurance-telephone-600x637.jpg\" alt=\"Reassurance Telephone\" width=\"377\" height=\"400\" \/><\/p>\n<ul>\n<li>M\u00f6glichkeit der R\u00fcckerstattung innerhalb von 14 Tagen nach Erhalt<\/li>\n<\/ul>\n\t\t<\/div>\n\t<\/div>\n\t\n<\/div>\n\t<div class=\"box has-hover   has-hover box-text-bottom\" >\n\n\t\t<div class=\"box-image\" >\n\t\t\t\t\t\t<div class=\"\" >\n\t\t\t\t<img loading=\"lazy\" decoding=\"async\" width=\"1080\" height=\"1080\" src=\"https:\/\/brox.shop\/wp-content\/uploads\/2023\/09\/GH-LIZZY-HOMOLOGATION.jpg\" class=\"attachment- size-\" alt=\"Gh Lizzy Homologation\" srcset=\"https:\/\/brox.shop\/wp-content\/uploads\/2023\/09\/GH-LIZZY-HOMOLOGATION.jpg 1080w, https:\/\/brox.shop\/wp-content\/uploads\/2023\/09\/GH-LIZZY-HOMOLOGATION-600x600.jpg 600w, https:\/\/brox.shop\/wp-content\/uploads\/2023\/09\/GH-LIZZY-HOMOLOGATION-1050x1050.jpg 1050w, https:\/\/brox.shop\/wp-content\/uploads\/2023\/09\/GH-LIZZY-HOMOLOGATION-350x350.jpg 350w, https:\/\/brox.shop\/wp-content\/uploads\/2023\/09\/GH-LIZZY-HOMOLOGATION-768x768.jpg 768w, https:\/\/brox.shop\/wp-content\/uploads\/2023\/09\/GH-LIZZY-HOMOLOGATION-800x800.jpg 800w, https:\/\/brox.shop\/wp-content\/uploads\/2023\/09\/GH-LIZZY-HOMOLOGATION-100x100.jpg 100w, https:\/\/brox.shop\/wp-content\/uploads\/2023\/09\/GH-LIZZY-HOMOLOGATION-50x50.jpg 50w\" sizes=\"auto, (max-width: 1080px) 100vw, 1080px\" \/>\t\t\t\t\t\t\t\t\t\t\t<\/div>\n\t\t\t\t\t<\/div>\n\n\t\t<div class=\"box-text text-center\" style=\"background-color:rgb(33, 33, 33);\">\n\t\t\t<div class=\"box-text-inner\">\n\t\t\t\t\n\t<div id=\"text-3839364648\" class=\"text\">\n\t\t\n<h1><strong>GENEHMIGT 1<\/strong><\/h1>\n<p>Diese zugelassenen Motorradhandschuhe erf\u00fcllen die CE-Norm EN13594:2015, die im Falle eines Sturzes Schutz der Stufe 1 garantiert.<br \/>\n\t\t\n<style>\n#text-3839364648 {\n  color: rgb(255,255,255);\n}\n#text-3839364648 > * {\n  color: rgb(255,255,255);\n}\n<\/style>\n\t<\/div>\n\t\n\t\t\t<\/div>\n\t\t<\/div>\n\t<\/div>\n\t\n\t<div class=\"box has-hover   has-hover box-text-bottom\" >\n\n\t\t<div class=\"box-image\" >\n\t\t\t\t\t\t<div class=\"\" >\n\t\t\t\t<img loading=\"lazy\" decoding=\"async\" width=\"1080\" height=\"1080\" src=\"https:\/\/brox.shop\/wp-content\/uploads\/2023\/09\/GH-LIZZY-CUIR.jpg\" class=\"attachment- size-\" alt=\"Gh Lizzy Cuir\" srcset=\"https:\/\/brox.shop\/wp-content\/uploads\/2023\/09\/GH-LIZZY-CUIR.jpg 1080w, https:\/\/brox.shop\/wp-content\/uploads\/2023\/09\/GH-LIZZY-CUIR-600x600.jpg 600w, https:\/\/brox.shop\/wp-content\/uploads\/2023\/09\/GH-LIZZY-CUIR-1050x1050.jpg 1050w, https:\/\/brox.shop\/wp-content\/uploads\/2023\/09\/GH-LIZZY-CUIR-350x350.jpg 350w, https:\/\/brox.shop\/wp-content\/uploads\/2023\/09\/GH-LIZZY-CUIR-768x768.jpg 768w, https:\/\/brox.shop\/wp-content\/uploads\/2023\/09\/GH-LIZZY-CUIR-800x800.jpg 800w, https:\/\/brox.shop\/wp-content\/uploads\/2023\/09\/GH-LIZZY-CUIR-100x100.jpg 100w, https:\/\/brox.shop\/wp-content\/uploads\/2023\/09\/GH-LIZZY-CUIR-50x50.jpg 50w\" sizes=\"auto, (max-width: 1080px) 100vw, 1080px\" \/>\t\t\t\t\t\t\t\t\t\t\t<\/div>\n\t\t\t\t\t<\/div>\n\n\t\t<div class=\"box-text text-center\" style=\"background-color:rgb(33, 33, 33);\">\n\t\t\t<div class=\"box-text-inner\">\n\t\t\t\t\n\t<div id=\"text-4127422584\" class=\"text\">\n\t\t\n<h1>EXTRA LANGLEBIGE N\u00c4HTE<\/h1>\n<p>Unsere bew\u00e4hrten Motorradhandschuhe verf\u00fcgen \u00fcber extrem widerstandsf\u00e4hige N\u00e4hte, die eine Art weiche R\u00fcstung um Ihre Hand bilden. Mittelhand- und Handfl\u00e4chen sind gesch\u00fctzt und vereinen gleichzeitig Flexibilit\u00e4t, Sicherheit und Komfort.<br \/>\n\t\t\n<style>\n#text-4127422584 {\n  color: rgb(255,255,255);\n}\n#text-4127422584 > * {\n  color: rgb(255,255,255);\n}\n<\/style>\n\t<\/div>\n\t\n\t\t\t<\/div>\n\t\t<\/div>\n\t<\/div>\n\t\n\t<div class=\"box has-hover   has-hover box-text-bottom\" >\n\n\t\t<div class=\"box-image\" >\n\t\t\t\t\t\t<div class=\"\" >\n\t\t\t\t<img loading=\"lazy\" decoding=\"async\" width=\"1080\" height=\"1080\" src=\"https:\/\/brox.shop\/wp-content\/uploads\/2023\/09\/GH-LIZZY-TACTILE.jpg\" class=\"attachment- size-\" alt=\"Gh Lizzy Tactile\" srcset=\"https:\/\/brox.shop\/wp-content\/uploads\/2023\/09\/GH-LIZZY-TACTILE.jpg 1080w, https:\/\/brox.shop\/wp-content\/uploads\/2023\/09\/GH-LIZZY-TACTILE-600x600.jpg 600w, https:\/\/brox.shop\/wp-content\/uploads\/2023\/09\/GH-LIZZY-TACTILE-1050x1050.jpg 1050w, https:\/\/brox.shop\/wp-content\/uploads\/2023\/09\/GH-LIZZY-TACTILE-350x350.jpg 350w, https:\/\/brox.shop\/wp-content\/uploads\/2023\/09\/GH-LIZZY-TACTILE-768x768.jpg 768w, https:\/\/brox.shop\/wp-content\/uploads\/2023\/09\/GH-LIZZY-TACTILE-800x800.jpg 800w, https:\/\/brox.shop\/wp-content\/uploads\/2023\/09\/GH-LIZZY-TACTILE-100x100.jpg 100w, https:\/\/brox.shop\/wp-content\/uploads\/2023\/09\/GH-LIZZY-TACTILE-50x50.jpg 50w\" sizes=\"auto, (max-width: 1080px) 100vw, 1080px\" \/>\t\t\t\t\t\t\t\t\t\t\t<\/div>\n\t\t\t\t\t<\/div>\n\n\t\t<div class=\"box-text text-center\" style=\"background-color:rgb(33, 33, 33);\">\n\t\t\t<div class=\"box-text-inner\">\n\t\t\t\t\n\t<div id=\"text-3856956086\" class=\"text\">\n\t\t\n<h1><strong>DRACHEN<\/strong><\/h1>\n<h1><strong>UND FINGER BER\u00dcHREN<\/strong><\/h1>\n<p>Mit diesen Handgelenkb\u00e4ndern k\u00f6nnen Sie Ihre Handschuhe nie wieder verlieren! Bewegungsfreiheit garantiert<br \/>\n\t\t\n<style>\n#text-3856956086 {\n  color: rgb(255,255,255);\n}\n#text-3856956086 > * {\n  color: rgb(255,255,255);\n}\n<\/style>\n\t<\/div>\n\t\n\t\t\t<\/div>\n\t\t<\/div>\n\t<\/div>\n\t\n\t\n  \n    <div class=\"row large-columns-4 medium-columns-3 small-columns-2 row-small has-shadow row-box-shadow-3-hover slider row-slider slider-nav-reveal slider-nav-push\"  data-flickity-options='{&quot;imagesLoaded&quot;: true, &quot;groupCells&quot;: &quot;100%&quot;, &quot;dragThreshold&quot; : 5, &quot;cellAlign&quot;: &quot;left&quot;,&quot;wrapAround&quot;: true,&quot;prevNextButtons&quot;: true,&quot;percentPosition&quot;: true,&quot;pageDots&quot;: false, &quot;rightToLeft&quot;: false, &quot;autoPlay&quot; : false}' >\n\n  <\/div>\n<h3><\/h3>\n<h3>Zulassung von Handschuhen<\/h3>\n<div>\n<p>Von diesen Handschuhen haben Sie getr\u00e4umt. BROX hat sie hergestellt. Das Modell Lizzy wurde in enger Zusammenarbeit mit unseren franz\u00f6sischen Labors sorgf\u00e4ltig durchdacht und getestet, um Ihnen Handschuhe mit Level 1-Zulassung anbieten zu k\u00f6nnen.<\/p>\n<\/div>\n<div>Was ist eine Level-1-Zulassung? Die Level-1-Zulassung bedeutet, dass diese Handschuhe Ihnen einen grundlegenden Schutz sowie Abrieb- und Rei\u00dffestigkeit bieten. Diese Zulassungsstufe wird f\u00fcr eher st\u00e4dtische Fahrten empfohlen.<\/div>\n<div><\/div>\n<div>Durch seine extrem widerstandsf\u00e4higen N\u00e4hte bildet es eine Art flexible R\u00fcstung um Ihre Hand. Mittelhand und Handfl\u00e4che werden gesch\u00fctzt und gleichzeitig wird Flexibilit\u00e4t mit h\u00f6chstem Fahrkomfort vereint.<\/div>\n<div><\/div>\n<div>Beim sogenannten \u201eFull Grain\u201c-Leder handelt es sich um ein hochwertiges Premiumleder. Behandelt und weich gemacht, erh\u00e4lt es im Laufe Ihrer Abenteuer eine Patina.<\/div>\n<h3>Beschreibung zugelassener Motorradhandschuhe<\/h3>\n<p>Die zugelassenen Motorradhandschuhe von LIZZY Stark sind die ersten Handschuhe der Stufe 1, die das Team herausgebracht hat. Das gepr\u00e4gte Leder mit der Aufschrift \u201eBROX\u201c am Handgelenk und das gold-schwarze Design verleihen diesem Handschuh einen rockigen und originellen Stil.<\/p>\n<p>Auf der linken Seite, auf der fr\u00fcher das ber\u00fchmte \u201e\u270c\ufe0f\u201c stand, mit dem man andere Biker gr\u00fc\u00dfte, sorgt ein kleiner Blitz f\u00fcr den Unterschied und erinnert an das Logo.<\/p>\n<p>Je mehr Abenteuer Sie mit Ihrem Motorrad erleben, desto mehr Patina entwickeln Ihre Handschuhe. Dieser kleine Fleck l\u00f6st sich auf und hinterl\u00e4sst einen Patinahandschuh, der Ihren Gasgriff perfekt umschlie\u00dft.<\/p>\n<p>Kurz gesagt: Wie bei einer T\u00e4towierung auf der Handfl\u00e4che sind die Abdr\u00fccke zerbrechlich und werden durch Reibung verg\u00e4nglich.<\/p>\n<p>Was das Material betrifft, besteht das Futter zus\u00e4tzlich zu diesem zugelassenen Leder aus mikrobel\u00fcftetem Polyester 100%, damit die Handschuhe Ihre H\u00e4nde atmen lassen. Das Material erm\u00f6glicht eine Temperaturregulierung, sodass Ihnen weder zu hei\u00df noch zu kalt ist.<\/p>\n<p>Sie sind d\u00fcnn und liegen eng an der Hand, um Bewegungsfreiheit und einen deutlich sp\u00fcrbaren Komfort bei Ihren zuk\u00fcnftigen Motorradfahrten zu gew\u00e4hrleisten. Sie sind am Handgelenk enger geschnitten, um einen besseren Halt zu bieten.<\/p>\n<p>Wir sind sehr stolz auf diese mit Liebe hergestellten Handschuhe, um unsere lieben Biker immer weiter zufrieden zu stellen. Und um Ihnen immer mehr Qualit\u00e4t zu bieten, haben wir sie selbst hergestellt!<\/p>\n<p>Die perfekte Kombination aus Sicherheit, Stil und Komfort.<\/p>\n<p>Beeilen Sie sich und bestellen Sie sie, alle Biker werden sich darum rei\u00dfen!<\/p>\n<h3>Folgen Sie dem Team BROX<\/h3>\n<p>Entdecken Sie unsere Styles, unsere neuen Produkte und unsere Welt des Reitens und Abenteuers auf unserem Instagram: <a href=\"https:\/\/www.instagram.com\/brox_motorcycle_label\/\" target=\"_blank\" rel=\"noopener\">@brox_motorcycle_label<\/a><\/p>","protected":false},"excerpt":{"rendered":"<p style=\"text-align: left;\">1 Zugelassene Motorradhandschuhe aus Leder<\/p>\n<p style=\"text-align: left;\">Eng am Handgelenk<\/p>\n<p style=\"text-align: left;\">Taktiler Zeigefinger und Daumen<\/p>\n<p style=\"text-align: left;\">Zugelassene Motorradhandschuhe mit atmungsaktivem Futter<\/p>\n<p style=\"text-align: left;\">Handschlaufe, damit Sie sie nicht verlieren<\/p>","protected":false},"featured_media":17295,"comment_status":"closed","ping_status":"closed","template":"","meta":{"inline_featured_image":false},"product_brand":[],"product_cat":[404,403],"product_tag":[],"class_list":{"0":"post-17054","1":"product","2":"type-product","3":"status-publish","4":"has-post-thumbnail","6":"product_cat-equipements-moto","7":"product_cat-gants-moto","9":"first","10":"instock","11":"sold-individually","12":"taxable","13":"shipping-taxable","14":"purchasable","15":"product-type-variable"},"supplier_id":null,"supplier_sku":"","barcode":null,"atum_controlled":true,"out_stock_date":null,"out_stock_threshold":null,"inheritable":true,"inbound_stock":0,"stock_on_hold":0,"sold_today":0,"sales_last_days":0,"reserved_stock":0,"customer_returns":0,"warehouse_damage":0,"lost_in_post":0,"other_logs":0,"out_stock_days":0,"lost_sales":0,"has_location":false,"update_date":"2026-04-22T01:15:46","atum_locations":[],"atum_stock_status":"instock","restock_status":false,"low_stock_amount":"","sales_update_date":"2026-04-22T01:15:46","calc_backorders":null,"_links":{"self":[{"href":"https:\/\/brox.shop\/de\/wp-json\/wp\/v2\/product\/17054","targetHints":{"allow":["GET"]}}],"collection":[{"href":"https:\/\/brox.shop\/de\/wp-json\/wp\/v2\/product"}],"about":[{"href":"https:\/\/brox.shop\/de\/wp-json\/wp\/v2\/types\/product"}],"replies":[{"embeddable":true,"href":"https:\/\/brox.shop\/de\/wp-json\/wp\/v2\/comments?post=17054"}],"wp:featuredmedia":[{"embeddable":true,"href":"https:\/\/brox.shop\/de\/wp-json\/wp\/v2\/media\/17295"}],"wp:attachment":[{"href":"https:\/\/brox.shop\/de\/wp-json\/wp\/v2\/media?parent=17054"}],"wp:term":[{"taxonomy":"product_brand","embeddable":true,"href":"https:\/\/brox.shop\/de\/wp-json\/wp\/v2\/product_brand?post=17054"},{"taxonomy":"product_cat","embeddable":true,"href":"https:\/\/brox.shop\/de\/wp-json\/wp\/v2\/product_cat?post=17054"},{"taxonomy":"product_tag","embeddable":true,"href":"https:\/\/brox.shop\/de\/wp-json\/wp\/v2\/product_tag?post=17054"}],"curies":[{"name":"wp","href":"https:\/\/api.w.org\/{rel}","templated":true}]}}