{"id":17055,"date":"2023-09-21T17:06:12","date_gmt":"2023-09-21T15:06:12","guid":{"rendered":"https:\/\/brox.shop\/?post_type=product&#038;p=17055"},"modified":"2026-01-08T14:23:00","modified_gmt":"2026-01-08T13:23:00","slug":"veste-moto-homologuee-cuir-blast","status":"publish","type":"product","link":"https:\/\/brox.shop\/de\/produkt\/veste-moto-homologuee-cuir-blast\/","title":{"rendered":"BLAST \u2013 Zugelassene Motorradjacke aus Leder"},"content":{"rendered":"<h1 style=\"text-align: center;\">Blast \u2013 Zugelassene Motorradjacke aus Leder<\/h1>\n<ul>\n<li>Zwickel und Kn\u00f6pfe zum Anpassen der Manschetten<\/li>\n<li>Geldb\u00f6rsenfach mit Rei\u00dfverschluss innen<\/li>\n<li>Hosenaufh\u00e4ngesystem innen<\/li>\n<li>Winddichter Kragenverschluss<\/li>\n<li>Zugelassene Motorradjacke aus vollnarbigem Rindsleder<\/li>\n<li>CE AA-gepr\u00fcfte, im Labor getestete Motorradjacke<\/li>\n<li>100% Polyester-Stepp-Satin<\/li>\n<li>Gesticktes BROX-Label<\/li>\n<li>5 Taschen mit integrierten Schalen (einschlie\u00dflich R\u00fccken-, Ellbogen- und Schultertaschen)<\/li>\n<li>Bew\u00e4hrte Motorradjacke mit hochwertiger Verarbeitung<\/li>\n<li>Gesteppte und satinierte Innenseite<\/li>\n<\/ul>\n<p style=\"text-align: left;\">Sie k\u00f6nnen Ihre Gr\u00f6\u00dfe nicht finden oder ein Produkt ist nicht mehr verf\u00fcgbar? Schreiben Sie uns an rider@brox.shop, wir finden die L\u00f6sung!<\/p>\n<div class=\"accordion\">\n\t<div id=\"accordion-4056358408\" class=\"accordion-item\">\n\t\t<a id=\"accordion-4056358408-label\" class=\"accordion-title plain\" href=\"#accordion-item-homologation\" aria-expanded=\"false\" aria-controls=\"accordion-4056358408-content\">\n\t\t\t<button class=\"toggle\" aria-label=\"Umschalten\"><i class=\"icon-angle-down\" aria-hidden=\"true\"><\/i><\/button>\n\t\t\t<span>GENEHMIGUNG<\/span>\n\t\t<\/a>\n\t\t<div id=\"accordion-4056358408-content\" class=\"accordion-inner\" aria-labelledby=\"accordion-4056358408-label\">\n\t\t\t\n<p style=\"text-align: center;\"><img loading=\"lazy\" decoding=\"async\" class=\"alignnone wp-image-17851\" src=\"https:\/\/eudoxie.shop\/wp-content\/uploads\/2023\/06\/homologation-aa-1.jpg\" alt=\"Homologation Aa\" width=\"154\" height=\"263\" \/><\/p>\n<p style=\"text-align: center;\">Motorrad-Lederjacke zugelassen nach AA-Niveau und europ\u00e4ischen CE-Normen<\/p>\n\t\t<\/div>\n\t<\/div>\n\t\n\t<div id=\"accordion-4013247434\" class=\"accordion-item\">\n\t\t<a id=\"accordion-4013247434-label\" class=\"accordion-title plain\" href=\"#accordion-item-guide-des-tailles\" aria-expanded=\"false\" aria-controls=\"accordion-4013247434-content\">\n\t\t\t<button class=\"toggle\" aria-label=\"Umschalten\"><i class=\"icon-angle-down\" aria-hidden=\"true\"><\/i><\/button>\n\t\t\t<span>GR\u00d6SSENTABELLE<\/span>\n\t\t<\/a>\n\t\t<div id=\"accordion-4013247434-content\" class=\"accordion-inner\" aria-labelledby=\"accordion-4013247434-label\">\n\t\t\t\n<p>Nehmen Sie Ihre \u00fcbliche Gr\u00f6\u00dfe (zwischen 2 nehmen Sie die gr\u00f6\u00dfere)<\/p>\n<p><img loading=\"lazy\" decoding=\"async\" class=\"alignnone size-medium wp-image-11315\" src=\"https:\/\/eudoxie.shop\/wp-content\/uploads\/2020\/10\/EUDOXIE-grille-taille-size-grid-600x321.jpg\" alt=\"Eudoxie Grille Taille Size Grid\" width=\"600\" height=\"321\" \/><\/p>\n<p><img loading=\"lazy\" decoding=\"async\" class=\"alignnone size-full wp-image-10679\" src=\"https:\/\/eudoxie.shop\/wp-content\/uploads\/2020\/10\/SIZE-GRID-leather-jacket.jpg\" alt=\"Size Grid Leather Jacket\" width=\"425\" height=\"184\" \/><\/p>\n\t\t<\/div>\n\t<\/div>\n\t\n\t<div id=\"accordion-737608035\" class=\"accordion-item\">\n\t\t<a id=\"accordion-737608035-label\" class=\"accordion-title plain\" href=\"#accordion-item-livraison-et-retours\" aria-expanded=\"false\" aria-controls=\"accordion-737608035-content\">\n\t\t\t<button class=\"toggle\" aria-label=\"Umschalten\"><i class=\"icon-angle-down\" aria-hidden=\"true\"><\/i><\/button>\n\t\t\t<span>LIEFERUNG UND R\u00dcCKGABE<\/span>\n\t\t<\/a>\n\t\t<div id=\"accordion-737608035-content\" class=\"accordion-inner\" aria-labelledby=\"accordion-737608035-label\">\n\t\t\t\n<p><img loading=\"lazy\" decoding=\"async\" class=\"wp-image-17461 aligncenter\" src=\"https:\/\/eudoxie.shop\/wp-content\/uploads\/2023\/04\/reassurance-telephone-600x637.jpg\" alt=\"Reassurance Telephone\" width=\"377\" height=\"400\" \/><\/p>\n<ul>\n<li>M\u00f6glichkeit der R\u00fcckerstattung innerhalb von 14 Tagen nach Erhalt<\/li>\n<\/ul>\n\t\t<\/div>\n\t<\/div>\n\t\n<\/div>\n\t<div class=\"box has-hover   has-hover box-text-bottom\" >\n\n\t\t<div class=\"box-image\" >\n\t\t\t\t\t\t<div class=\"\" >\n\t\t\t\t<img loading=\"lazy\" decoding=\"async\" width=\"1080\" height=\"1080\" src=\"https:\/\/brox.shop\/wp-content\/uploads\/2023\/09\/JLH-BLAST-HOMOLOGATION.jpg\" class=\"attachment- size-\" alt=\"Jlh Blast Homologation\" srcset=\"https:\/\/brox.shop\/wp-content\/uploads\/2023\/09\/JLH-BLAST-HOMOLOGATION.jpg 1080w, https:\/\/brox.shop\/wp-content\/uploads\/2023\/09\/JLH-BLAST-HOMOLOGATION-600x600.jpg 600w, https:\/\/brox.shop\/wp-content\/uploads\/2023\/09\/JLH-BLAST-HOMOLOGATION-1050x1050.jpg 1050w, https:\/\/brox.shop\/wp-content\/uploads\/2023\/09\/JLH-BLAST-HOMOLOGATION-350x350.jpg 350w, https:\/\/brox.shop\/wp-content\/uploads\/2023\/09\/JLH-BLAST-HOMOLOGATION-768x768.jpg 768w, https:\/\/brox.shop\/wp-content\/uploads\/2023\/09\/JLH-BLAST-HOMOLOGATION-800x800.jpg 800w, https:\/\/brox.shop\/wp-content\/uploads\/2023\/09\/JLH-BLAST-HOMOLOGATION-100x100.jpg 100w, https:\/\/brox.shop\/wp-content\/uploads\/2023\/09\/JLH-BLAST-HOMOLOGATION-50x50.jpg 50w\" sizes=\"auto, (max-width: 1080px) 100vw, 1080px\" \/>\t\t\t\t\t\t\t\t\t\t\t<\/div>\n\t\t\t\t\t<\/div>\n\n\t\t<div class=\"box-text text-center\" style=\"background-color:rgb(33, 33, 33);\">\n\t\t\t<div class=\"box-text-inner\">\n\t\t\t\t\n\t<div id=\"text-2768898377\" class=\"text\">\n\t\t\n<h1>AA-GENEHMIGT<\/h1>\n<h1>&amp; INTEGRIERTE SCHALEN<\/h1>\n<p>Optimale Zulassung, entspricht den europ\u00e4ischen Normen. Erh\u00f6hte Sicherheit dank integrierter Protektoren an Ellbogen, Schultern und R\u00fccken.<br \/>\n\t\t\n<style>\n#text-2768898377 {\n  color: rgb(255, 255, 255);\n}\n#text-2768898377 > * {\n  color: rgb(255, 255, 255);\n}\n<\/style>\n\t<\/div>\n\t\n\t\t\t<\/div>\n\t\t<\/div>\n\t<\/div>\n\t\n\t<div class=\"box has-hover   has-hover box-text-bottom\" >\n\n\t\t<div class=\"box-image\" >\n\t\t\t\t\t\t<div class=\"\" >\n\t\t\t\t<img loading=\"lazy\" decoding=\"async\" width=\"1080\" height=\"1080\" src=\"https:\/\/brox.shop\/wp-content\/uploads\/2023\/09\/JLH-BLAST-DETAILS.jpg\" class=\"attachment- size-\" alt=\"Jlh Blast Details\" srcset=\"https:\/\/brox.shop\/wp-content\/uploads\/2023\/09\/JLH-BLAST-DETAILS.jpg 1080w, https:\/\/brox.shop\/wp-content\/uploads\/2023\/09\/JLH-BLAST-DETAILS-600x600.jpg 600w, https:\/\/brox.shop\/wp-content\/uploads\/2023\/09\/JLH-BLAST-DETAILS-1050x1050.jpg 1050w, https:\/\/brox.shop\/wp-content\/uploads\/2023\/09\/JLH-BLAST-DETAILS-350x350.jpg 350w, https:\/\/brox.shop\/wp-content\/uploads\/2023\/09\/JLH-BLAST-DETAILS-768x768.jpg 768w, https:\/\/brox.shop\/wp-content\/uploads\/2023\/09\/JLH-BLAST-DETAILS-800x800.jpg 800w, https:\/\/brox.shop\/wp-content\/uploads\/2023\/09\/JLH-BLAST-DETAILS-100x100.jpg 100w, https:\/\/brox.shop\/wp-content\/uploads\/2023\/09\/JLH-BLAST-DETAILS-50x50.jpg 50w\" sizes=\"auto, (max-width: 1080px) 100vw, 1080px\" \/>\t\t\t\t\t\t\t\t\t\t\t<\/div>\n\t\t\t\t\t<\/div>\n\n\t\t<div class=\"box-text text-center\" style=\"background-color:rgb(33, 33, 33);\">\n\t\t\t<div class=\"box-text-inner\">\n\t\t\t\t\n\t<div id=\"text-1052045763\" class=\"text\">\n\t\t\n<h1>5 TASCHEN &amp; VERSCHLIESSBARER KRAGEN<\/h1>\n<p>Egal, ob Sie ein erfahrener Biker sind oder gerade erst anfangen, die Stra\u00dfen zu erkunden, diese bew\u00e4hrte Leder-Motorradjacke ist die ideale Wahl f\u00fcr optimalen Schutz und zeitlosen Stil.<br \/>\n\t\t\n<style>\n#text-1052045763 {\n  color: rgb(255, 255, 255);\n}\n#text-1052045763 > * {\n  color: rgb(255, 255, 255);\n}\n<\/style>\n\t<\/div>\n\t\n\t\t\t<\/div>\n\t\t<\/div>\n\t<\/div>\n\t\n\t<div class=\"box has-hover   has-hover box-text-bottom\" >\n\n\t\t<div class=\"box-image\" >\n\t\t\t\t\t\t<div class=\"\" >\n\t\t\t\t<img loading=\"lazy\" decoding=\"async\" width=\"1080\" height=\"1080\" src=\"https:\/\/brox.shop\/wp-content\/uploads\/2023\/09\/JLH-BLAST-DETAILS2.jpg\" class=\"attachment- size-\" alt=\"Jlh Blast Details2\" srcset=\"https:\/\/brox.shop\/wp-content\/uploads\/2023\/09\/JLH-BLAST-DETAILS2.jpg 1080w, https:\/\/brox.shop\/wp-content\/uploads\/2023\/09\/JLH-BLAST-DETAILS2-600x600.jpg 600w, https:\/\/brox.shop\/wp-content\/uploads\/2023\/09\/JLH-BLAST-DETAILS2-1050x1050.jpg 1050w, https:\/\/brox.shop\/wp-content\/uploads\/2023\/09\/JLH-BLAST-DETAILS2-350x350.jpg 350w, https:\/\/brox.shop\/wp-content\/uploads\/2023\/09\/JLH-BLAST-DETAILS2-768x768.jpg 768w, https:\/\/brox.shop\/wp-content\/uploads\/2023\/09\/JLH-BLAST-DETAILS2-800x800.jpg 800w, https:\/\/brox.shop\/wp-content\/uploads\/2023\/09\/JLH-BLAST-DETAILS2-100x100.jpg 100w, https:\/\/brox.shop\/wp-content\/uploads\/2023\/09\/JLH-BLAST-DETAILS2-50x50.jpg 50w\" sizes=\"auto, (max-width: 1080px) 100vw, 1080px\" \/>\t\t\t\t\t\t\t\t\t\t\t<\/div>\n\t\t\t\t\t<\/div>\n\n\t\t<div class=\"box-text text-center\" style=\"background-color:rgb(33, 33, 33);\">\n\t\t\t<div class=\"box-text-inner\">\n\t\t\t\t\n\t<div id=\"text-229629718\" class=\"text\">\n\t\t\n<h1>Vollnarbiges Rindsleder<\/h1>\n<p>Optimale Luftzirkulation f\u00fcr maximalen Komfort, auch bei hei\u00dfem Wetter. Die hochwertige Verarbeitung und die verstellbaren \u00c4rmel passen sich Ihrer K\u00f6rperform an.<br \/>\n\t\t\n<style>\n#text-229629718 {\n  color: rgb(255, 255, 255);\n}\n#text-229629718 > * {\n  color: rgb(255, 255, 255);\n}\n<\/style>\n\t<\/div>\n\t\n\t\t\t<\/div>\n\t\t<\/div>\n\t<\/div>\n\t\n<div class=\"container section-title-container\" style=\"margin-top:10px;margin-bottom:-2px;\"><h1 class=\"section-title section-title-center\"><b aria-hidden=\"true\"><\/b><span class=\"section-title-main\" >DIE PERFEKTE KOMBINATION<\/span><b aria-hidden=\"true\"><\/b><\/h1><\/div>\n\t\n  \n    <div class=\"row large-columns-2 medium-columns- small-columns- row-small has-shadow row-box-shadow-3-hover slider row-slider slider-nav-reveal slider-nav-push\"  data-flickity-options='{&quot;imagesLoaded&quot;: true, &quot;groupCells&quot;: &quot;100%&quot;, &quot;dragThreshold&quot; : 5, &quot;cellAlign&quot;: &quot;left&quot;,&quot;wrapAround&quot;: true,&quot;prevNextButtons&quot;: true,&quot;percentPosition&quot;: true,&quot;pageDots&quot;: false, &quot;rightToLeft&quot;: false, &quot;autoPlay&quot; : false}' >\n\n  \n\t     <div class=\"product-small col has-hover product type-product post-17059 status-publish first instock product_cat-soldes product_cat-t-shirt-moto product_cat-vetements-brox has-post-thumbnail sold-individually taxable shipping-taxable purchasable product-type-variable\">\n\t<div class=\"col-inner\">\n\t\n<div class=\"badge-container absolute left top z-1\">\n\n<\/div>\n\t<div class=\"product-small box\">\n\t\t<div class=\"box-image\">\n\t\t\t<div class=\"image-fade_in_back\">\n\t\t\t\t<a href=\"https:\/\/brox.shop\/de\/produkt\/pilote-t-shirt-manches-longues-moto\/\">\n\t\t\t\t\t<img loading=\"lazy\" decoding=\"async\" width=\"350\" height=\"525\" src=\"https:\/\/brox.shop\/wp-content\/uploads\/2023\/09\/t-shirt-manches-longues-moto-brox-pilote_0003_side-lifestyule-350x525.jpg\" class=\"attachment-woocommerce_thumbnail size-woocommerce_thumbnail\" alt=\"T Shirt Manches Longues Moto Brox Pilote\" \/><img loading=\"lazy\" decoding=\"async\" width=\"350\" height=\"525\" src=\"https:\/\/brox.shop\/wp-content\/uploads\/2023\/09\/t-shirt-manches-longues-moto-brox-pilote_0000_duo-350x525.jpg\" class=\"show-on-hover absolute fill hide-for-small back-image\" alt=\"T Shirt Manches Longues Moto Brox\" aria-hidden=\"true\" \/>\t\t\t\t<\/a>\n\t\t\t<\/div>\n\t\t\t<div class=\"image-tools is-small top right show-on-hover\">\n\t\t\t\t\t\t\t<\/div>\n\t\t\t<div class=\"image-tools is-small hide-for-small bottom left show-on-hover\">\n\t\t\t\t\t\t\t<\/div>\n\t\t\t<div class=\"image-tools grid-tools text-center hide-for-small bottom hover-slide-in show-on-hover\">\n\t\t\t\t<a href=\"https:\/\/brox.shop\/de\/produkt\/pilote-t-shirt-manches-longues-moto\/\" aria-describedby=\"woocommerce_loop_add_to_cart_link_describedby_17059\" data-quantity=\"1\" class=\"add-to-cart-grid no-padding is-transparent product_type_variable add_to_cart_button\" data-product_id=\"17059\" data-product_sku=\"TMLH-PILOTE\" aria-label=\"Optionen f\u00fcr \u201ePilote - T-shirt manches longues moto\u201c ausw\u00e4hlen\" rel=\"nofollow\" data-no-translation-aria-label=\"\"><div class=\"cart-icon tooltip is-small\" title=\"Ausf\u00fchrung w\u00e4hlen\" data-no-translation-title=\"\"><strong>+<\/strong><\/div><\/a>\t<span id=\"woocommerce_loop_add_to_cart_link_describedby_17059\" class=\"screen-reader-text\">\n\t\tDieses Produkt hat mehrere Varianten. Die Optionen k\u00f6nnen auf der Produktseite ausgew\u00e4hlt werden\t<\/span>\n<a href=\"#quick-view\" class=\"quick-view\" role=\"button\" data-prod=\"17059\" aria-haspopup=\"dialog\" aria-expanded=\"false\" data-flatsome-role-button>Schnellansicht<\/a>\t\t\t<\/div>\n\t\t\t\t\t<\/div>\n\n\t\t<div class=\"box-text box-text-products text-center grid-style-2\">\n\t\t\t<div class=\"title-wrapper\"><p class=\"name product-title woocommerce-loop-product__title\"><a href=\"https:\/\/brox.shop\/de\/produkt\/pilote-t-shirt-manches-longues-moto\/\" class=\"woocommerce-LoopProduct-link woocommerce-loop-product__link\">Pilot \u2013 Motorrad Langarm T-Shirt<\/a><\/p><\/div><div class=\"price-wrapper\">\n\t<span class=\"price\"><span class=\"woocommerce-Price-amount amount\"><bdi>69.00<span class=\"woocommerce-Price-currencySymbol\">\u20ac<\/span><\/bdi><\/span><\/span>\n<\/div>\t\t<\/div>\n\t<\/div>\n\t<span class=\"gtm4wp_productdata\" style=\"display:none; visibility:hidden;\" data-gtm4wp_product_data=\"{&quot;internal_id&quot;:17059,&quot;item_id&quot;:17059,&quot;item_name&quot;:&quot;Pilote - T-shirt manches longues moto&quot;,&quot;sku&quot;:&quot;TMLH-PILOTE&quot;,&quot;price&quot;:69,&quot;stocklevel&quot;:1,&quot;stockstatus&quot;:&quot;instock&quot;,&quot;google_business_vertical&quot;:&quot;retail&quot;,&quot;item_category&quot;:&quot;T-shirt moto&quot;,&quot;id&quot;:17059,&quot;productlink&quot;:&quot;https:\\\/\\\/brox.shop\\\/de\\\/produkt\\\/pilote-t-shirt-manches-longues-moto\\\/&quot;,&quot;item_list_name&quot;:&quot;General Product List&quot;,&quot;index&quot;:1,&quot;product_type&quot;:&quot;variable&quot;,&quot;item_brand&quot;:&quot;&quot;}\"><\/span>\t<\/div>\n<\/div><div class=\"product-small col has-hover product type-product post-17054 status-publish instock product_cat-equipements-moto product_cat-gants-moto has-post-thumbnail sold-individually taxable shipping-taxable purchasable product-type-variable\">\n\t<div class=\"col-inner\">\n\t\n<div class=\"badge-container absolute left top z-1\">\n\n<\/div>\n\t<div class=\"product-small box\">\n\t\t<div class=\"box-image\">\n\t\t\t<div class=\"image-fade_in_back\">\n\t\t\t\t<a href=\"https:\/\/brox.shop\/de\/produkt\/gants-moto-homologues-lizzy-spark\/\">\n\t\t\t\t\t<img loading=\"lazy\" decoding=\"async\" width=\"350\" height=\"525\" src=\"https:\/\/brox.shop\/wp-content\/uploads\/2023\/10\/GH-LIZZY-SPARK-homologation-1-350x525.jpg\" class=\"attachment-woocommerce_thumbnail size-woocommerce_thumbnail\" alt=\"Gants moto homologu\u00e9s - Gh Lizzy Spark Homologation (1)\" srcset=\"https:\/\/brox.shop\/wp-content\/uploads\/2023\/10\/GH-LIZZY-SPARK-homologation-1-350x525.jpg 350w, https:\/\/brox.shop\/wp-content\/uploads\/2023\/10\/GH-LIZZY-SPARK-homologation-1-600x900.jpg 600w, https:\/\/brox.shop\/wp-content\/uploads\/2023\/10\/GH-LIZZY-SPARK-homologation-1-768x1152.jpg 768w, https:\/\/brox.shop\/wp-content\/uploads\/2023\/10\/GH-LIZZY-SPARK-homologation-1.jpg 787w\" sizes=\"auto, (max-width: 350px) 100vw, 350px\" \/><img loading=\"lazy\" decoding=\"async\" width=\"350\" height=\"525\" src=\"https:\/\/brox.shop\/wp-content\/uploads\/2023\/10\/G-LIZZY-BLAST-2-350x525.jpg\" class=\"show-on-hover absolute fill hide-for-small back-image\" alt=\"G Lizzy Blast (2)\" aria-hidden=\"true\" srcset=\"https:\/\/brox.shop\/wp-content\/uploads\/2023\/10\/G-LIZZY-BLAST-2-350x525.jpg 350w, https:\/\/brox.shop\/wp-content\/uploads\/2023\/10\/G-LIZZY-BLAST-2-600x900.jpg 600w, https:\/\/brox.shop\/wp-content\/uploads\/2023\/10\/G-LIZZY-BLAST-2-768x1152.jpg 768w, https:\/\/brox.shop\/wp-content\/uploads\/2023\/10\/G-LIZZY-BLAST-2.jpg 787w\" sizes=\"auto, (max-width: 350px) 100vw, 350px\" \/>\t\t\t\t<\/a>\n\t\t\t<\/div>\n\t\t\t<div class=\"image-tools is-small top right show-on-hover\">\n\t\t\t\t\t\t\t<\/div>\n\t\t\t<div class=\"image-tools is-small hide-for-small bottom left show-on-hover\">\n\t\t\t\t\t\t\t<\/div>\n\t\t\t<div class=\"image-tools grid-tools text-center hide-for-small bottom hover-slide-in show-on-hover\">\n\t\t\t\t<a href=\"https:\/\/brox.shop\/de\/produkt\/gants-moto-homologues-lizzy-spark\/\" aria-describedby=\"woocommerce_loop_add_to_cart_link_describedby_17054\" data-quantity=\"1\" class=\"add-to-cart-grid no-padding is-transparent product_type_variable add_to_cart_button\" data-product_id=\"17054\" data-product_sku=\"GH-LIZZY-SPARK\" aria-label=\"Optionen f\u00fcr \u201eLizzy Spark : Gants Moto Homologu\u00e9s 1\u201c ausw\u00e4hlen\" rel=\"nofollow\" data-no-translation-aria-label=\"\"><div class=\"cart-icon tooltip is-small\" title=\"Ausf\u00fchrung w\u00e4hlen\" data-no-translation-title=\"\"><strong>+<\/strong><\/div><\/a>\t<span id=\"woocommerce_loop_add_to_cart_link_describedby_17054\" class=\"screen-reader-text\">\n\t\tDieses Produkt hat mehrere Varianten. Die Optionen k\u00f6nnen auf der Produktseite ausgew\u00e4hlt werden\t<\/span>\n<a href=\"#quick-view\" class=\"quick-view\" role=\"button\" data-prod=\"17054\" aria-haspopup=\"dialog\" aria-expanded=\"false\" data-flatsome-role-button>Schnellansicht<\/a>\t\t\t<\/div>\n\t\t\t\t\t<\/div>\n\n\t\t<div class=\"box-text box-text-products text-center grid-style-2\">\n\t\t\t<div class=\"title-wrapper\"><p class=\"name product-title woocommerce-loop-product__title\"><a href=\"https:\/\/brox.shop\/de\/produkt\/gants-moto-homologues-lizzy-spark\/\" class=\"woocommerce-LoopProduct-link woocommerce-loop-product__link\">Lizzy Spark: Zugelassene Motorradhandschuhe 1<\/a><\/p><\/div><div class=\"price-wrapper\">\n\t<span class=\"price\"><span class=\"woocommerce-Price-amount amount\"><bdi>95.00<span class=\"woocommerce-Price-currencySymbol\">\u20ac<\/span><\/bdi><\/span><\/span>\n<\/div>\t\t<\/div>\n\t<\/div>\n\t<span class=\"gtm4wp_productdata\" style=\"display:none; visibility:hidden;\" data-gtm4wp_product_data=\"{&quot;internal_id&quot;:17054,&quot;item_id&quot;:17054,&quot;item_name&quot;:&quot;Lizzy Spark : Gants Moto Homologu\\u00e9s 1&quot;,&quot;sku&quot;:&quot;GH-LIZZY-SPARK&quot;,&quot;price&quot;:95,&quot;stocklevel&quot;:null,&quot;stockstatus&quot;:&quot;instock&quot;,&quot;google_business_vertical&quot;:&quot;retail&quot;,&quot;item_category&quot;:&quot;Equipements moto&quot;,&quot;id&quot;:17054,&quot;productlink&quot;:&quot;https:\\\/\\\/brox.shop\\\/de\\\/produkt\\\/gants-moto-homologues-lizzy-spark\\\/&quot;,&quot;item_list_name&quot;:&quot;General Product List&quot;,&quot;index&quot;:2,&quot;product_type&quot;:&quot;variable&quot;,&quot;item_brand&quot;:&quot;&quot;}\"><\/span>\t<\/div>\n<\/div><\/div>\n<div class=\"container section-title-container\" style=\"margin-bottom:-2px;\"><h1 class=\"section-title section-title-center\"><b aria-hidden=\"true\"><\/b><span class=\"section-title-main\" >SPEZIFIKATIONEN<\/span><b aria-hidden=\"true\"><\/b><\/h1><\/div>\n<h2>Beschreibung der zugelassenen Motorradjacke<\/h2>\n<div>Entdecken Sie die CE AA Spark-Leder-Motorradjacke, ideal zum Motorradfahren oder f\u00fcr den Alltag! Entwickelt f\u00fcr anspruchsvolle Fahrer, die maximalen Schutz und einen einzigartigen, narrensicheren Stil suchen. Die aus hochwertigem Rindsleder gefertigte Jacke ist langlebig und bietet optimalen Schutz bei St\u00f6\u00dfen oder St\u00fcrzen. <span style=\"color: #555555;\">Wir wollten, dass es langlebig ist, damit es Sie bei all Ihren Abenteuern und viele Jahre lang begleiten kann!<\/span><\/div>\n<div><\/div>\n<div>Die Jacke verf\u00fcgt \u00fcber ein gestepptes Satinfutter, das eine optimale Luftzirkulation f\u00fcr maximalen Komfort auch bei hei\u00dfem Wetter erm\u00f6glicht. Die hochwertige Verarbeitung und die verstellbaren \u00c4rmel passen sich Ihrer K\u00f6rperform an.<\/div>\n<div><\/div>\n<div>Diese Jacke ist f\u00fcr den Stra\u00dfengebrauch CE AA-zugelassen und bietet erh\u00f6hte Sicherheit dank integrierter Protektoren an Ellbogen, Schultern und R\u00fccken. Die Protektoren sind abnehmbar, damit die Jacke leichter gereinigt werden kann, aber auch, um sie im Alltag einfacher tragen zu k\u00f6nnen.<\/div>\n<div><\/div>\n<div>Sein Stil und sein Schnitt im \u201ePerfecto\u201c-Stil verleihen Ihrem Outfit DEN unglaublichen Touch, egal ob Sie Jeans oder Lederhosen tragen. Hochwertige Oberfl\u00e4chen wie Rei\u00dfverschl\u00fcsse, Druckkn\u00f6pfe und Kontrastn\u00e4hte verleihen einen Hauch von Eleganz. Um unserem Leder noch mehr Optik zu verleihen, haben wir zus\u00e4tzlich im Zwickel der \u00c4rmel einen Brox integriert. Das Logo ist sowohl diskret als auch subtil und nur sichtbar, wenn der Balg ge\u00f6ffnet ist.<\/div>\n<p>Im Hinblick auf die von ihm gebotene Schutzwirkung wurde er zahlreichen Tests unterzogen, um die Zulassung zu erhalten und den CE-Normen zu entsprechen.<\/p>\n<p>Kurz gesagt: Schutz ist wichtig, aber wir wollten die Qualit\u00e4t dieser Jacke nicht au\u00dfer Acht lassen, ein wesentliches Element f\u00fcr uns!<\/p>\n<p>&nbsp;<\/p>\n<p>Sie z\u00f6gern bei einem unserer St\u00fccke? Wir bieten Ihnen auch unsere anderen bew\u00e4hrten Jacken an, <a href=\"https:\/\/eudoxie.shop\/collection\/collection-technique\/vestes-homologuees\/\" target=\"_blank\" rel=\"noopener\">HIER\u00a0<\/a><\/p>\n<p>Ansonsten finden Sie alle unsere Abenteuer auf unserer <a href=\"https:\/\/www.instagram.com\/brox_motorcycle_label\/\" target=\"_blank\" rel=\"noopener\">Instagram <\/a>!<\/p>","protected":false},"excerpt":{"rendered":"<p style=\"text-align: left;\">Brox hat ein Must-have f\u00fcr Biker entworfen: Das<strong> zugelassene Motorradjacke<\/strong> aus Leder. Ob im Alltag oder einfach auf dem Motorrad, es passt sich Ihrem Stil ebenso an wie Ihrem Lebenstempo.<\/p>\n<ul>\n<li style=\"text-align: left;\">Zwickel und Kn\u00f6pfe zum Anpassen der Manschetten<\/li>\n<li style=\"text-align: left;\">Geldb\u00f6rsenfach mit Rei\u00dfverschluss innen<\/li>\n<li style=\"text-align: left;\">Hosenaufh\u00e4ngesystem innen<\/li>\n<li style=\"text-align: left;\">Winddichter Kragenverschluss<\/li>\n<li style=\"text-align: left;\">Zugelassene Motorradjacke aus vollnarbigem Rindsleder<\/li>\n<li style=\"text-align: left;\">CE AA-gepr\u00fcfte, im Labor getestete Motorradjacke<\/li>\n<li style=\"text-align: left;\">100% Polyester-Stepp-Satin<\/li>\n<li style=\"text-align: left;\">Gesticktes BROX-Label<\/li>\n<li style=\"text-align: left;\">5 Taschen mit integrierten Schalen (einschlie\u00dflich R\u00fccken-, Ellbogen- und Schultertaschen)<\/li>\n<li style=\"text-align: left;\">Bew\u00e4hrte Motorradjacke mit hochwertiger Verarbeitung<\/li>\n<li style=\"text-align: left;\">Gesteppte und satinierte Innenseite<\/li>\n<\/ul>","protected":false},"featured_media":17296,"comment_status":"closed","ping_status":"closed","template":"","meta":{"inline_featured_image":false},"product_brand":[],"product_cat":[404,407],"product_tag":[],"class_list":{"0":"post-17055","1":"product","2":"type-product","3":"status-publish","4":"has-post-thumbnail","6":"product_cat-equipements-moto","7":"product_cat-vestes-cuir-moto","9":"last","10":"instock","11":"sold-individually","12":"taxable","13":"shipping-taxable","14":"purchasable","15":"product-type-variable"},"supplier_id":null,"supplier_sku":"","barcode":null,"atum_controlled":true,"out_stock_date":null,"out_stock_threshold":null,"inheritable":true,"inbound_stock":0,"stock_on_hold":0,"sold_today":0,"sales_last_days":0,"reserved_stock":0,"customer_returns":0,"warehouse_damage":0,"lost_in_post":0,"other_logs":0,"out_stock_days":0,"lost_sales":0,"has_location":false,"update_date":"2026-04-22T01:15:46","atum_locations":[],"atum_stock_status":"instock","restock_status":false,"low_stock_amount":"","sales_update_date":"2026-04-22T01:15:46","calc_backorders":null,"_links":{"self":[{"href":"https:\/\/brox.shop\/de\/wp-json\/wp\/v2\/product\/17055","targetHints":{"allow":["GET"]}}],"collection":[{"href":"https:\/\/brox.shop\/de\/wp-json\/wp\/v2\/product"}],"about":[{"href":"https:\/\/brox.shop\/de\/wp-json\/wp\/v2\/types\/product"}],"replies":[{"embeddable":true,"href":"https:\/\/brox.shop\/de\/wp-json\/wp\/v2\/comments?post=17055"}],"wp:featuredmedia":[{"embeddable":true,"href":"https:\/\/brox.shop\/de\/wp-json\/wp\/v2\/media\/17296"}],"wp:attachment":[{"href":"https:\/\/brox.shop\/de\/wp-json\/wp\/v2\/media?parent=17055"}],"wp:term":[{"taxonomy":"product_brand","embeddable":true,"href":"https:\/\/brox.shop\/de\/wp-json\/wp\/v2\/product_brand?post=17055"},{"taxonomy":"product_cat","embeddable":true,"href":"https:\/\/brox.shop\/de\/wp-json\/wp\/v2\/product_cat?post=17055"},{"taxonomy":"product_tag","embeddable":true,"href":"https:\/\/brox.shop\/de\/wp-json\/wp\/v2\/product_tag?post=17055"}],"curies":[{"name":"wp","href":"https:\/\/api.w.org\/{rel}","templated":true}]}}