{"id":17058,"date":"2023-09-21T17:06:12","date_gmt":"2023-09-21T15:06:12","guid":{"rendered":"https:\/\/brox.shop\/?post_type=product&#038;p=17058"},"modified":"2026-01-08T14:41:16","modified_gmt":"2026-01-08T13:41:16","slug":"t-shirt-moto-noir-dark","status":"publish","type":"product","link":"https:\/\/brox.shop\/de\/produkt\/t-shirt-moto-noir-dark\/","title":{"rendered":"Dark \u2013 Schwarzes Motorrad T-Shirt"},"content":{"rendered":"<h1 style=\"text-align: center;\">Dark \u2013 Schwarzes Motorrad T-Shirt<\/h1>\n<ul>\n<li>Schwarzes Motorrad-T-Shirt aus dicker Baumwolle<\/li>\n<li>Vintage-Waschung<\/li>\n<li>100% Bio-Baumwolle<\/li>\n<li>hochwertiger Siebdruck<\/li>\n<\/ul>\n<p style=\"text-align: left;\">Sie k\u00f6nnen Ihre Gr\u00f6\u00dfe nicht finden oder ein Produkt ist nicht mehr verf\u00fcgbar? Schreiben Sie uns an rider@brox.shop, wir finden die L\u00f6sung!<\/p>\n<div class=\"accordion\">\n\t<div id=\"accordion-2590425296\" class=\"accordion-item\">\n\t\t<a id=\"accordion-2590425296-label\" class=\"accordion-title plain\" href=\"#accordion-item-guide-des-tailles\" aria-expanded=\"false\" aria-controls=\"accordion-2590425296-content\">\n\t\t\t<button class=\"toggle\" aria-label=\"Umschalten\"><i class=\"icon-angle-down\" aria-hidden=\"true\"><\/i><\/button>\n\t\t\t<span>GR\u00d6SSENTABELLE<\/span>\n\t\t<\/a>\n\t\t<div id=\"accordion-2590425296-content\" class=\"accordion-inner\" aria-labelledby=\"accordion-2590425296-label\">\n\t\t\t\n<p><img loading=\"lazy\" decoding=\"async\" class=\"alignnone size-medium wp-image-17312\" src=\"https:\/\/brox.shop\/wp-content\/uploads\/2023\/09\/BROX-guide-taille-tee-shirt-600x307.jpg\" alt=\"Brox Guide Taille Tee Shirt\" width=\"600\" height=\"307\" srcset=\"https:\/\/brox.shop\/wp-content\/uploads\/2023\/09\/BROX-guide-taille-tee-shirt-600x307.jpg 600w, https:\/\/brox.shop\/wp-content\/uploads\/2023\/09\/BROX-guide-taille-tee-shirt-1050x537.jpg 1050w, https:\/\/brox.shop\/wp-content\/uploads\/2023\/09\/BROX-guide-taille-tee-shirt-350x179.jpg 350w, https:\/\/brox.shop\/wp-content\/uploads\/2023\/09\/BROX-guide-taille-tee-shirt-768x393.jpg 768w, https:\/\/brox.shop\/wp-content\/uploads\/2023\/09\/BROX-guide-taille-tee-shirt-800x409.jpg 800w, https:\/\/brox.shop\/wp-content\/uploads\/2023\/09\/BROX-guide-taille-tee-shirt.jpg 1378w\" sizes=\"auto, (max-width: 600px) 100vw, 600px\" \/><\/p>\n\t\t<\/div>\n\t<\/div>\n\t\n\t<div id=\"accordion-2579512825\" class=\"accordion-item\">\n\t\t<a id=\"accordion-2579512825-label\" class=\"accordion-title plain\" href=\"#accordion-item-livraison-et-retours\" aria-expanded=\"false\" aria-controls=\"accordion-2579512825-content\">\n\t\t\t<button class=\"toggle\" aria-label=\"Umschalten\"><i class=\"icon-angle-down\" aria-hidden=\"true\"><\/i><\/button>\n\t\t\t<span>LIEFERUNG UND R\u00dcCKGABE<\/span>\n\t\t<\/a>\n\t\t<div id=\"accordion-2579512825-content\" class=\"accordion-inner\" aria-labelledby=\"accordion-2579512825-label\">\n\t\t\t\n<p><img loading=\"lazy\" decoding=\"async\" class=\"wp-image-17461 aligncenter\" src=\"https:\/\/eudoxie.shop\/wp-content\/uploads\/2023\/04\/reassurance-telephone-600x637.jpg\" alt=\"Reassurance Telephone\" width=\"377\" height=\"400\" \/><\/p>\n<ul>\n<li>M\u00f6glichkeit der R\u00fcckerstattung innerhalb von 14 Tagen nach Erhalt<\/li>\n<\/ul>\n\t\t<\/div>\n\t<\/div>\n\t\n<\/div>\n<h2>Beschreibung des schwarzen Motorrad T-Shirts<\/h2>\n<div>\n<div>Das dunkel gewaschene schwarze Motorrad-T-Shirt: Das Wesentliche f\u00fcr stilvolle Fahrer<\/div>\n<div><\/div>\n<div>Hallo Zweirad-Fan! Wir wissen, dass Sie nach einem schwarzen Motorrad-T-Shirt suchen, das toll aussieht und gleichzeitig bei Ihren Motorradfahrten bequem ist. Nun haben Sie gerade das Must-have Ihrer Biker-Garderobe in die H\u00e4nde bekommen: das Black Washed Motorcycle T-Shirt.<\/div>\n<div><\/div>\n<div>Dieses T-Shirt ist f\u00fcr Sie gemacht, und hier ist der Grund:<\/div>\n<div><strong>Die perfekte Passform<\/strong> : Es liegt eng am K\u00f6rper an, bedeckt Ihre Nieren gut, um die Unannehmlichkeiten des Windes zu vermeiden und gleichzeitig eine Top-Optik zu bewahren. Der Ausschnitt ist sorgf\u00e4ltig gestaltet, der Schnitt gerade und leicht \u00fcbergro\u00df, f\u00fcr einen Stil, der knallhart und bequem zugleich ist.<\/div>\n<div><strong>Absoluter Komfort<\/strong> : Was ist los? Superweiche Bio-Baumwolle, die \u00fcberraschend angenehm zu tragen ist. Keine juckenden oder engen T-Shirts mehr, dieses werden Sie nicht mehr ausziehen wollen.<\/div>\n<div><strong>Eine zeitlose Vintage-Seite<\/strong> : Die Waschung der schwarzen Variante verleiht ihr einen zeitlosen Vintage-Charme. Damit liegen Sie modisch voll im Trend und bleiben zugleich Ihrem Biker-Stil treu.<\/div>\n<div><strong>Das Detail, das t\u00f6tet<\/strong> : Der Siebdruck auf der R\u00fcckseite ist DAS T\u00fcpfelchen auf dem i. Der Blitz, Symbol unserer Marke, wird von einem Crosshelm abgefeuert.<\/div>\n<div><\/div>\n<div>\n<p>Wenn Sie also ein T-Shirt m\u00f6chten, das Stil, Komfort und einen Hauch von Vintage vereint, ist es Zeit, sich f\u00fcr das Dark Black T-Shirt zu entscheiden. Es ist mehr als nur ein Kleidungsst\u00fcck, es ist ein wahres Emblem f\u00fcr echte Fahrer. Machen Sie sich bereit, die Blicke auf sich zu ziehen und der Welt zu zeigen, dass Sie ein stylischer Biker sind. Lassen Sie sich diese Gelegenheit nicht entgehen und f\u00fcgen Sie dieses Must-have-Motorrad-T-Shirt jetzt Ihrer Sammlung hinzu!<\/p>\n<\/div>\n<\/div>\n<p>&nbsp;<\/p>\n<p>Sie z\u00f6gern bei einem unserer St\u00fccke? Wir k\u00f6nnen Ihnen auch unsere anderen Lifestyle-T-Shirts anbieten <a href=\"https:\/\/brox.shop\/de\/produkt-kategorie\/vetements\/tshirts\/\">Hier<\/a><\/p>\n<p>Ansonsten finden Sie alle unsere Abenteuer auf unserer <a href=\"https:\/\/www.instagram.com\/brox_motorcycle_label\/\" target=\"_blank\" rel=\"noopener\">Instagram <\/a>!<\/p>","protected":false},"excerpt":{"rendered":"<ul>\n<li>Schwarzes Motorrad-T-Shirt aus dicker Baumwolle<\/li>\n<li style=\"text-align: left;\">Vintage-Waschung<\/li>\n<li style=\"text-align: left;\">100% Bio-Baumwolle<\/li>\n<li style=\"text-align: left;\">hochwertiger Siebdruck<\/li>\n<\/ul>\n<p style=\"text-align: left;\">","protected":false},"featured_media":17759,"comment_status":"closed","ping_status":"closed","template":"","meta":{"inline_featured_image":false},"product_brand":[],"product_cat":[416,417,143,409],"product_tag":[],"class_list":{"0":"post-17058","1":"product","2":"type-product","3":"status-publish","4":"has-post-thumbnail","6":"product_cat-black-friday","7":"product_cat-soldes","8":"product_cat-t-shirt-moto","9":"product_cat-vetements-brox","11":"first","12":"instock","13":"taxable","14":"shipping-taxable","15":"purchasable","16":"product-type-variable"},"supplier_id":null,"supplier_sku":"","barcode":null,"atum_controlled":true,"out_stock_date":null,"out_stock_threshold":null,"inheritable":true,"inbound_stock":0,"stock_on_hold":0,"sold_today":0,"sales_last_days":0,"reserved_stock":0,"customer_returns":0,"warehouse_damage":0,"lost_in_post":0,"other_logs":0,"out_stock_days":0,"lost_sales":0,"has_location":false,"update_date":"2026-04-22T01:15:46","atum_locations":[],"atum_stock_status":"instock","restock_status":false,"low_stock_amount":"","sales_update_date":"2026-04-22T01:15:46","calc_backorders":null,"_links":{"self":[{"href":"https:\/\/brox.shop\/de\/wp-json\/wp\/v2\/product\/17058","targetHints":{"allow":["GET"]}}],"collection":[{"href":"https:\/\/brox.shop\/de\/wp-json\/wp\/v2\/product"}],"about":[{"href":"https:\/\/brox.shop\/de\/wp-json\/wp\/v2\/types\/product"}],"replies":[{"embeddable":true,"href":"https:\/\/brox.shop\/de\/wp-json\/wp\/v2\/comments?post=17058"}],"wp:featuredmedia":[{"embeddable":true,"href":"https:\/\/brox.shop\/de\/wp-json\/wp\/v2\/media\/17759"}],"wp:attachment":[{"href":"https:\/\/brox.shop\/de\/wp-json\/wp\/v2\/media?parent=17058"}],"wp:term":[{"taxonomy":"product_brand","embeddable":true,"href":"https:\/\/brox.shop\/de\/wp-json\/wp\/v2\/product_brand?post=17058"},{"taxonomy":"product_cat","embeddable":true,"href":"https:\/\/brox.shop\/de\/wp-json\/wp\/v2\/product_cat?post=17058"},{"taxonomy":"product_tag","embeddable":true,"href":"https:\/\/brox.shop\/de\/wp-json\/wp\/v2\/product_tag?post=17058"}],"curies":[{"name":"wp","href":"https:\/\/api.w.org\/{rel}","templated":true}]}}