{"id":17059,"date":"2023-09-21T17:06:12","date_gmt":"2023-09-21T15:06:12","guid":{"rendered":"https:\/\/brox.shop\/?post_type=product&#038;p=17059"},"modified":"2026-01-08T14:41:16","modified_gmt":"2026-01-08T13:41:16","slug":"pilote-t-shirt-manches-longues-moto","status":"publish","type":"product","link":"https:\/\/brox.shop\/de\/produkt\/pilote-t-shirt-manches-longues-moto\/","title":{"rendered":"Pilot \u2013 Motorrad Langarm T-Shirt"},"content":{"rendered":"<h1 style=\"text-align: center;\">Pilot \u2013 Motorrad Langarm T-Shirt<\/h1>\n<ul>\n<li>Ikonischer Schnitt<\/li>\n<li>Verengter Kragen und \u00c4rmel<\/li>\n<li>100% Bio-Baumwolle<\/li>\n<li>hochwertiger Siebdruck<\/li>\n<li>Lang\u00e4rmliges Motorrad T-Shirt aus angenehmem Material<\/li>\n<\/ul>\n<p style=\"text-align: left;\">Sie k\u00f6nnen Ihre Gr\u00f6\u00dfe nicht finden oder ein Produkt ist nicht mehr verf\u00fcgbar? Schreiben Sie uns an rider@brox.shop, wir finden die L\u00f6sung!<\/p>\n<div class=\"accordion\">\n\t<div id=\"accordion-3213280700\" class=\"accordion-item\">\n\t\t<a id=\"accordion-3213280700-label\" class=\"accordion-title plain\" href=\"#accordion-item-guide-des-tailles\" aria-expanded=\"false\" aria-controls=\"accordion-3213280700-content\">\n\t\t\t<button class=\"toggle\" aria-label=\"Umschalten\"><i class=\"icon-angle-down\" aria-hidden=\"true\"><\/i><\/button>\n\t\t\t<span>GR\u00d6SSENTABELLE<\/span>\n\t\t<\/a>\n\t\t<div id=\"accordion-3213280700-content\" class=\"accordion-inner\" aria-labelledby=\"accordion-3213280700-label\">\n\t\t\t\n<p><img loading=\"lazy\" decoding=\"async\" class=\"alignnone size-medium wp-image-17312\" src=\"https:\/\/brox.shop\/wp-content\/uploads\/2023\/09\/BROX-guide-taille-tee-shirt-600x307.jpg\" alt=\"Brox Guide Taille Tee Shirt\" width=\"600\" height=\"307\" srcset=\"https:\/\/brox.shop\/wp-content\/uploads\/2023\/09\/BROX-guide-taille-tee-shirt-600x307.jpg 600w, https:\/\/brox.shop\/wp-content\/uploads\/2023\/09\/BROX-guide-taille-tee-shirt-1050x537.jpg 1050w, https:\/\/brox.shop\/wp-content\/uploads\/2023\/09\/BROX-guide-taille-tee-shirt-350x179.jpg 350w, https:\/\/brox.shop\/wp-content\/uploads\/2023\/09\/BROX-guide-taille-tee-shirt-768x393.jpg 768w, https:\/\/brox.shop\/wp-content\/uploads\/2023\/09\/BROX-guide-taille-tee-shirt-800x409.jpg 800w, https:\/\/brox.shop\/wp-content\/uploads\/2023\/09\/BROX-guide-taille-tee-shirt.jpg 1378w\" sizes=\"auto, (max-width: 600px) 100vw, 600px\" \/><\/p>\n\t\t<\/div>\n\t<\/div>\n\t\n\t<div id=\"accordion-3024625974\" class=\"accordion-item\">\n\t\t<a id=\"accordion-3024625974-label\" class=\"accordion-title plain\" href=\"#accordion-item-livraison-et-retours\" aria-expanded=\"false\" aria-controls=\"accordion-3024625974-content\">\n\t\t\t<button class=\"toggle\" aria-label=\"Umschalten\"><i class=\"icon-angle-down\" aria-hidden=\"true\"><\/i><\/button>\n\t\t\t<span>LIEFERUNG UND R\u00dcCKGABE<\/span>\n\t\t<\/a>\n\t\t<div id=\"accordion-3024625974-content\" class=\"accordion-inner\" aria-labelledby=\"accordion-3024625974-label\">\n\t\t\t\n<p><img loading=\"lazy\" decoding=\"async\" class=\"wp-image-17461 aligncenter\" src=\"https:\/\/eudoxie.shop\/wp-content\/uploads\/2023\/04\/reassurance-telephone-600x637.jpg\" alt=\"Reassurance Telephone\" width=\"377\" height=\"400\" \/><\/p>\n<ul>\n<li>M\u00f6glichkeit der R\u00fcckerstattung innerhalb von 14 Tagen nach Erhalt<\/li>\n<\/ul>\n\t\t<\/div>\n\t<\/div>\n\t\n<\/div>\n<h2>Produktbeschreibung<\/h2>\n<div>\n<p>Dieses bedruckte Langarm-T-Shirt mit Motorradmotiv ist ein Must-have in der Motorradkultur, sowohl im Vintage-Stil als auch tief im Motorradfahrergeist verwurzelt.<\/p>\n<p>Die Logo-\u00c4rmel sind ein wahrer Geniestreich, denn sie verleihen diesem Pullover einen einzigartigen Hauch von Stil, wahren aber gleichzeitig eine gewisse Schlichtheit an der Brust.<\/p>\n<p>Es ist ein vielseitiges T-Shirt, das perfekt unter robustes Leder oder eine leichte Jacke passt. Mit diesem lang\u00e4rmeligen Motorrad-T-Shirt sind Sie bei jedem Wetter f\u00fcr die \u00dcbergangszeit bereit.<\/p>\n<p>Es ist nicht nur ein T-Shirt, es ist ein St\u00fcck Motorradgeschichte aus organischer 100%-Baumwolle. Sein tadelloser Schnitt, kombiniert mit einem lustigen Siebdruck und einer Vintage-Waschung, macht es zu einer einfachen Wahl, um Ihren Alltagslook zu vervollst\u00e4ndigen.<\/p>\n<p>Wenn Sie also nach der perfekten Kombination aus Stil, Komfort und einem Hauch Nostalgie suchen, ist dieses bedruckte Langarm-T-Shirt genau das Richtige f\u00fcr Sie. F\u00fcgen Sie es Ihrer Sammlung hinzu und lassen Sie Ihren Look f\u00fcr Ihre Leidenschaft f\u00fcr das Motorradfahren sprechen.<\/p>\n<\/div>\n<p>&nbsp;<\/p>\n<p>Sie z\u00f6gern bei einem unserer St\u00fccke? Wir k\u00f6nnen Ihnen auch unsere anderen Lifestyle-T-Shirts anbieten <a href=\"https:\/\/brox.shop\/de\/produkt-kategorie\/vetements\/tshirts\/\">Hier<\/a><\/p>\n<p>Ansonsten finden Sie alle unsere Abenteuer auf unserer <a href=\"https:\/\/www.instagram.com\/brox_motorcycle_label\/\" target=\"_blank\" rel=\"noopener\">Instagram <\/a>!<\/p>","protected":false},"excerpt":{"rendered":"<ul>\n<li style=\"text-align: left;\">Ikonischer Schnitt<\/li>\n<li style=\"text-align: left;\">Verengter Kragen und \u00c4rmel<\/li>\n<li style=\"text-align: left;\">100% Bio-Baumwolle<\/li>\n<li style=\"text-align: left;\">hochwertiger Siebdruck<\/li>\n<li style=\"text-align: left;\">Lang\u00e4rmliges Motorrad T-Shirt aus angenehmem Material<\/li>\n<\/ul>","protected":false},"featured_media":17752,"comment_status":"closed","ping_status":"closed","template":"","meta":{"inline_featured_image":false},"product_brand":[],"product_cat":[417,143,409],"product_tag":[],"class_list":{"0":"post-17059","1":"product","2":"type-product","3":"status-publish","4":"has-post-thumbnail","6":"product_cat-soldes","7":"product_cat-t-shirt-moto","8":"product_cat-vetements-brox","10":"first","11":"instock","12":"sold-individually","13":"taxable","14":"shipping-taxable","15":"purchasable","16":"product-type-variable"},"supplier_id":null,"supplier_sku":"","barcode":null,"atum_controlled":true,"out_stock_date":null,"out_stock_threshold":null,"inheritable":true,"inbound_stock":0,"stock_on_hold":0,"sold_today":0,"sales_last_days":0,"reserved_stock":0,"customer_returns":0,"warehouse_damage":0,"lost_in_post":0,"other_logs":0,"out_stock_days":0,"lost_sales":0,"has_location":false,"update_date":"2026-04-22T01:15:46","atum_locations":[],"atum_stock_status":"instock","restock_status":false,"low_stock_amount":"","sales_update_date":"2026-04-22T01:15:46","calc_backorders":null,"_links":{"self":[{"href":"https:\/\/brox.shop\/de\/wp-json\/wp\/v2\/product\/17059","targetHints":{"allow":["GET"]}}],"collection":[{"href":"https:\/\/brox.shop\/de\/wp-json\/wp\/v2\/product"}],"about":[{"href":"https:\/\/brox.shop\/de\/wp-json\/wp\/v2\/types\/product"}],"replies":[{"embeddable":true,"href":"https:\/\/brox.shop\/de\/wp-json\/wp\/v2\/comments?post=17059"}],"wp:featuredmedia":[{"embeddable":true,"href":"https:\/\/brox.shop\/de\/wp-json\/wp\/v2\/media\/17752"}],"wp:attachment":[{"href":"https:\/\/brox.shop\/de\/wp-json\/wp\/v2\/media?parent=17059"}],"wp:term":[{"taxonomy":"product_brand","embeddable":true,"href":"https:\/\/brox.shop\/de\/wp-json\/wp\/v2\/product_brand?post=17059"},{"taxonomy":"product_cat","embeddable":true,"href":"https:\/\/brox.shop\/de\/wp-json\/wp\/v2\/product_cat?post=17059"},{"taxonomy":"product_tag","embeddable":true,"href":"https:\/\/brox.shop\/de\/wp-json\/wp\/v2\/product_tag?post=17059"}],"curies":[{"name":"wp","href":"https:\/\/api.w.org\/{rel}","templated":true}]}}