{"id":17413,"date":"2024-02-27T16:16:24","date_gmt":"2024-02-27T15:16:24","guid":{"rendered":"https:\/\/brox.shop\/?post_type=product&#038;p=17413"},"modified":"2026-01-07T16:41:21","modified_gmt":"2026-01-07T15:41:21","slug":"veste-moto-liberty-rider-homologuee-nascar","status":"publish","type":"product","link":"https:\/\/brox.shop\/de\/produkt\/veste-moto-liberty-rider-homologuee-nascar\/","title":{"rendered":"Liberty Rider \u2013 Von der Nascar zugelassene Motorradjacke"},"content":{"rendered":"<h1 style=\"text-align: center;\">Von Nascar zugelassene Liberty Rider-Jacke<\/h1>\n<ul>\n<li>Brox X Liberty Rider<\/li>\n<li>Zugelassene Motorradjacke im Bomber-Schnitt<\/li>\n<li>Bikerkragen<\/li>\n<li>Schulterzwickel f\u00fcr Komfort und Stil<\/li>\n<li>Extrem widerstandsf\u00e4higer YYK-Rei\u00dfverschluss<\/li>\n<li>Zwickel und Kn\u00f6pfe zum Anpassen der Manschetten<\/li>\n<li>2 Taschen an der Au\u00dfenseite der zugelassenen Motorradjacke<\/li>\n<li>Geldb\u00f6rsenfach innen<\/li>\n<\/ul>\n<p style=\"text-align: left;\">Sie k\u00f6nnen Ihre Gr\u00f6\u00dfe nicht finden oder ein Produkt ist nicht mehr verf\u00fcgbar? Schreiben Sie uns an rider@brox.shop, wir finden die L\u00f6sung!<\/p>\n<div class=\"accordion\">\n\t<div id=\"accordion-513546276\" class=\"accordion-item\">\n\t\t<a id=\"accordion-513546276-label\" class=\"accordion-title plain\" href=\"#accordion-item-brox-x-liberty-rider\" aria-expanded=\"false\" aria-controls=\"accordion-513546276-content\">\n\t\t\t<button class=\"toggle\" aria-label=\"Umschalten\"><i class=\"icon-angle-down\" aria-hidden=\"true\"><\/i><\/button>\n\t\t\t<span>BROX x LIBERTY RIDER<\/span>\n\t\t<\/a>\n\t\t<div id=\"accordion-513546276-content\" class=\"accordion-inner\" aria-labelledby=\"accordion-513546276-label\">\n\t\t\t\n<p>Diese Jacke ist nicht nur ein St\u00fcck Stoff, sie ist das Ergebnis einer festen Freundschaft zwischen Brox und Liberty Rider. Ja, wir sprechen \u00fcber diese App, die wir alle wegen der Fahrt, des Abenteuers und vor allem der Sicherheit lieben. Wir dachten, warum nicht unsere St\u00e4rken b\u00fcndeln und das perfekte Geschenk f\u00fcr einen echten Fahrer kreieren?<\/p>\n<p>Stellen Sie sich vor, Sie fahren mit Ihrem Motorrad zu einer neuen Session. Im Rahmen dieser Zusammenarbeit haben wir besonders hart gearbeitet, um Ihnen das Beste zu bieten. Wir haben diese Jacke mit erstklassigen Technologien entwickelt, um Ihre Sicherheit zu gew\u00e4hrleisten, ohne dabei auf Stil zu verzichten. Denn beim Radsport geht es nicht nur um Geschwindigkeit, es ist eine Geisteshaltung.<\/p>\n\t\t<\/div>\n\t<\/div>\n\t\n\t<div id=\"accordion-1659194151\" class=\"accordion-item\">\n\t\t<a id=\"accordion-1659194151-label\" class=\"accordion-title plain\" href=\"#accordion-item-homologation\" aria-expanded=\"false\" aria-controls=\"accordion-1659194151-content\">\n\t\t\t<button class=\"toggle\" aria-label=\"Umschalten\"><i class=\"icon-angle-down\" aria-hidden=\"true\"><\/i><\/button>\n\t\t\t<span>GENEHMIGUNG<\/span>\n\t\t<\/a>\n\t\t<div id=\"accordion-1659194151-content\" class=\"accordion-inner\" aria-labelledby=\"accordion-1659194151-label\">\n\t\t\t\n<p style=\"text-align: center;\"><img loading=\"lazy\" decoding=\"async\" class=\"alignnone size-full wp-image-17234\" src=\"https:\/\/brox.shop\/wp-content\/uploads\/2023\/09\/HOMOLOGUEE-A.jpg\" alt=\"homologation A veste moto homologu\u00e9e\" width=\"308\" height=\"498\" \/><\/p>\n<p style=\"text-align: center;\">Motorrad-Lederjacke zugelassen nach AA-Niveau und europ\u00e4ischen CE-Normen<\/p>\n\t\t<\/div>\n\t<\/div>\n\t\n\t<div id=\"accordion-769905593\" class=\"accordion-item\">\n\t\t<a id=\"accordion-769905593-label\" class=\"accordion-title plain\" href=\"#accordion-item-guide-des-tailles\" aria-expanded=\"false\" aria-controls=\"accordion-769905593-content\">\n\t\t\t<button class=\"toggle\" aria-label=\"Umschalten\"><i class=\"icon-angle-down\" aria-hidden=\"true\"><\/i><\/button>\n\t\t\t<span>GR\u00d6SSENTABELLE<\/span>\n\t\t<\/a>\n\t\t<div id=\"accordion-769905593-content\" class=\"accordion-inner\" aria-labelledby=\"accordion-769905593-label\">\n\t\t\t\n<p>Nehmen Sie Ihre \u00fcbliche Gr\u00f6\u00dfe (zwischen 2 nehmen Sie die gr\u00f6\u00dfere)<\/p>\n<p><img loading=\"lazy\" decoding=\"async\" class=\"alignnone size-medium wp-image-17235\" src=\"https:\/\/brox.shop\/wp-content\/uploads\/2023\/09\/BROX-guide-taille-vestes-600x311.jpg\" alt=\"guide des tailles veste moto brox \" width=\"600\" height=\"311\" srcset=\"https:\/\/brox.shop\/wp-content\/uploads\/2023\/09\/BROX-guide-taille-vestes-600x311.jpg 600w, https:\/\/brox.shop\/wp-content\/uploads\/2023\/09\/BROX-guide-taille-vestes-350x181.jpg 350w, https:\/\/brox.shop\/wp-content\/uploads\/2023\/09\/BROX-guide-taille-vestes-768x398.jpg 768w, https:\/\/brox.shop\/wp-content\/uploads\/2023\/09\/BROX-guide-taille-vestes-800x415.jpg 800w, https:\/\/brox.shop\/wp-content\/uploads\/2023\/09\/BROX-guide-taille-vestes.jpg 980w\" sizes=\"auto, (max-width: 600px) 100vw, 600px\" \/><\/p>\n<p>&nbsp;<\/p>\n<p>&nbsp;<\/p>\n\t\t<\/div>\n\t<\/div>\n\t\n\t<div id=\"accordion-973349901\" class=\"accordion-item\">\n\t\t<a id=\"accordion-973349901-label\" class=\"accordion-title plain\" href=\"#accordion-item-livraison-et-retours\" aria-expanded=\"false\" aria-controls=\"accordion-973349901-content\">\n\t\t\t<button class=\"toggle\" aria-label=\"Umschalten\"><i class=\"icon-angle-down\" aria-hidden=\"true\"><\/i><\/button>\n\t\t\t<span>LIEFERUNG UND R\u00dcCKGABE<\/span>\n\t\t<\/a>\n\t\t<div id=\"accordion-973349901-content\" class=\"accordion-inner\" aria-labelledby=\"accordion-973349901-label\">\n\t\t\t\n<p><img loading=\"lazy\" decoding=\"async\" class=\"wp-image-17461 aligncenter\" src=\"https:\/\/eudoxie.shop\/wp-content\/uploads\/2023\/04\/reassurance-telephone-600x637.jpg\" alt=\"Reassurance Telephone\" width=\"377\" height=\"400\" \/><\/p>\n<ul>\n<li>M\u00f6glichkeit der R\u00fcckerstattung innerhalb von 14 Tagen nach Erhalt<\/li>\n<\/ul>\n\t\t<\/div>\n\t<\/div>\n\t\n<\/div>\n\t<div class=\"box has-hover   has-hover box-text-bottom\" >\n\n\t\t<div class=\"box-image\" >\n\t\t\t\t\t\t<div class=\"\" >\n\t\t\t\t<img loading=\"lazy\" decoding=\"async\" width=\"1080\" height=\"1080\" src=\"https:\/\/brox.shop\/wp-content\/uploads\/2023\/09\/JNH-AWAY-HOMOLOGATION.jpg\" class=\"attachment- size-\" alt=\"Jnh Away Homologation\" srcset=\"https:\/\/brox.shop\/wp-content\/uploads\/2023\/09\/JNH-AWAY-HOMOLOGATION.jpg 1080w, https:\/\/brox.shop\/wp-content\/uploads\/2023\/09\/JNH-AWAY-HOMOLOGATION-600x600.jpg 600w, https:\/\/brox.shop\/wp-content\/uploads\/2023\/09\/JNH-AWAY-HOMOLOGATION-1050x1050.jpg 1050w, https:\/\/brox.shop\/wp-content\/uploads\/2023\/09\/JNH-AWAY-HOMOLOGATION-350x350.jpg 350w, https:\/\/brox.shop\/wp-content\/uploads\/2023\/09\/JNH-AWAY-HOMOLOGATION-768x768.jpg 768w, https:\/\/brox.shop\/wp-content\/uploads\/2023\/09\/JNH-AWAY-HOMOLOGATION-800x800.jpg 800w, https:\/\/brox.shop\/wp-content\/uploads\/2023\/09\/JNH-AWAY-HOMOLOGATION-100x100.jpg 100w, https:\/\/brox.shop\/wp-content\/uploads\/2023\/09\/JNH-AWAY-HOMOLOGATION-50x50.jpg 50w\" sizes=\"auto, (max-width: 1080px) 100vw, 1080px\" \/>\t\t\t\t\t\t\t\t\t\t\t<\/div>\n\t\t\t\t\t<\/div>\n\n\t\t<div class=\"box-text text-center\" style=\"background-color:rgb(33, 33, 33);\">\n\t\t\t<div class=\"box-text-inner\">\n\t\t\t\t\n\t<div id=\"text-1780928098\" class=\"text\">\n\t\t\n<h1>GENEHMIGT A<\/h1>\n<h1>&amp; INTEGRIERTE SCHALEN<\/h1>\n<p>Eine optimale, zugelassene Motorradjacke, die den europ\u00e4ischen Normen entspricht. Erh\u00f6hte Sicherheit dank integrierter Protektoren an Ellbogen, Schultern und R\u00fccken.<br \/>\n\t\t\n<style>\n#text-1780928098 {\n  color: rgb(255, 255, 255);\n}\n#text-1780928098 > * {\n  color: rgb(255, 255, 255);\n}\n<\/style>\n\t<\/div>\n\t\n\t\t\t<\/div>\n\t\t<\/div>\n\t<\/div>\n\t\n\t<div class=\"box has-hover   has-hover box-text-bottom\" >\n\n\t\t<div class=\"box-image\" >\n\t\t\t\t\t\t<div class=\"\" >\n\t\t\t\t<img loading=\"lazy\" decoding=\"async\" width=\"1080\" height=\"1080\" src=\"https:\/\/brox.shop\/wp-content\/uploads\/2023\/09\/JNH-AWAY-ZIP.jpg\" class=\"attachment- size-\" alt=\"Jnh Away Zip\" srcset=\"https:\/\/brox.shop\/wp-content\/uploads\/2023\/09\/JNH-AWAY-ZIP.jpg 1080w, https:\/\/brox.shop\/wp-content\/uploads\/2023\/09\/JNH-AWAY-ZIP-600x600.jpg 600w, https:\/\/brox.shop\/wp-content\/uploads\/2023\/09\/JNH-AWAY-ZIP-1050x1050.jpg 1050w, https:\/\/brox.shop\/wp-content\/uploads\/2023\/09\/JNH-AWAY-ZIP-350x350.jpg 350w, https:\/\/brox.shop\/wp-content\/uploads\/2023\/09\/JNH-AWAY-ZIP-768x768.jpg 768w, https:\/\/brox.shop\/wp-content\/uploads\/2023\/09\/JNH-AWAY-ZIP-800x800.jpg 800w, https:\/\/brox.shop\/wp-content\/uploads\/2023\/09\/JNH-AWAY-ZIP-100x100.jpg 100w, https:\/\/brox.shop\/wp-content\/uploads\/2023\/09\/JNH-AWAY-ZIP-50x50.jpg 50w\" sizes=\"auto, (max-width: 1080px) 100vw, 1080px\" \/>\t\t\t\t\t\t\t\t\t\t\t<\/div>\n\t\t\t\t\t<\/div>\n\n\t\t<div class=\"box-text text-center\" style=\"background-color:rgb(33, 33, 33);\">\n\t\t\t<div class=\"box-text-inner\">\n\t\t\t\t\n\t<div id=\"text-4085027110\" class=\"text\">\n\t\t\n<h1>5 TASCHEN &amp; VERSCHLIESSBARER KRAGEN<\/h1>\n<p>Egal, ob Sie ein erfahrener Biker sind oder gerade erst anfangen, die Stra\u00dfen zu erkunden, diese von NASCAR zugelassene Motorradjacke ist die ideale Wahl f\u00fcr optimalen Schutz und Lifestyle-Stil.<br \/>\n\t\t\n<style>\n#text-4085027110 {\n  color: rgb(255, 255, 255);\n}\n#text-4085027110 > * {\n  color: rgb(255, 255, 255);\n}\n<\/style>\n\t<\/div>\n\t\n\t\t\t<\/div>\n\t\t<\/div>\n\t<\/div>\n\t\n\t<div class=\"box has-hover   has-hover box-text-bottom\" >\n\n\t\t<div class=\"box-image\" >\n\t\t\t\t\t\t<div class=\"\" >\n\t\t\t\t<img loading=\"lazy\" decoding=\"async\" width=\"1080\" height=\"1080\" src=\"https:\/\/brox.shop\/wp-content\/uploads\/2023\/09\/JNH-AWAY-DETAILS.jpg\" class=\"attachment- size-\" alt=\"Jnh Away Details\" srcset=\"https:\/\/brox.shop\/wp-content\/uploads\/2023\/09\/JNH-AWAY-DETAILS.jpg 1080w, https:\/\/brox.shop\/wp-content\/uploads\/2023\/09\/JNH-AWAY-DETAILS-600x600.jpg 600w, https:\/\/brox.shop\/wp-content\/uploads\/2023\/09\/JNH-AWAY-DETAILS-1050x1050.jpg 1050w, https:\/\/brox.shop\/wp-content\/uploads\/2023\/09\/JNH-AWAY-DETAILS-350x350.jpg 350w, https:\/\/brox.shop\/wp-content\/uploads\/2023\/09\/JNH-AWAY-DETAILS-768x768.jpg 768w, https:\/\/brox.shop\/wp-content\/uploads\/2023\/09\/JNH-AWAY-DETAILS-800x800.jpg 800w, https:\/\/brox.shop\/wp-content\/uploads\/2023\/09\/JNH-AWAY-DETAILS-100x100.jpg 100w, https:\/\/brox.shop\/wp-content\/uploads\/2023\/09\/JNH-AWAY-DETAILS-50x50.jpg 50w\" sizes=\"auto, (max-width: 1080px) 100vw, 1080px\" \/>\t\t\t\t\t\t\t\t\t\t\t<\/div>\n\t\t\t\t\t<\/div>\n\n\t\t<div class=\"box-text text-center\" style=\"background-color:rgb(33, 33, 33);\">\n\t\t\t<div class=\"box-text-inner\">\n\t\t\t\t\n\t<div id=\"text-1168650217\" class=\"text\">\n\t\t\n<h1>NASCAR-CUP<\/h1>\n<p>Der Nascar-Schnitt ist von den Fahrerjacken der 70er Jahre inspiriert. Ein Lifestyle- und Vintage-Stil, der diese Jacke zu einem starken St\u00fcck in Ihrer Garderobe macht.<br \/>\n\t\t\n<style>\n#text-1168650217 {\n  color: rgb(255, 255, 255);\n}\n#text-1168650217 > * {\n  color: rgb(255, 255, 255);\n}\n<\/style>\n\t<\/div>\n\t\n\t\t\t<\/div>\n\t\t<\/div>\n\t<\/div>\n\t\n<div class=\"container section-title-container\" style=\"margin-top:10px;margin-bottom:-2px;\"><h1 class=\"section-title section-title-center\"><b aria-hidden=\"true\"><\/b><span class=\"section-title-main\" >DIE PERFEKTE KOMBINATION<\/span><b aria-hidden=\"true\"><\/b><\/h1><\/div>\n\t\n  \n    <div class=\"row large-columns-4 medium-columns-3 small-columns-2 row-small has-shadow row-box-shadow-3-hover slider row-slider slider-nav-reveal slider-nav-push\"  data-flickity-options='{&quot;imagesLoaded&quot;: true, &quot;groupCells&quot;: &quot;100%&quot;, &quot;dragThreshold&quot; : 5, &quot;cellAlign&quot;: &quot;left&quot;,&quot;wrapAround&quot;: true,&quot;prevNextButtons&quot;: true,&quot;percentPosition&quot;: true,&quot;pageDots&quot;: false, &quot;rightToLeft&quot;: false, &quot;autoPlay&quot; : false}' >\n\n  <\/div>\n<div class=\"container section-title-container\" style=\"margin-top:-20px;margin-bottom:-5px;\"><h1 class=\"section-title section-title-center\"><b aria-hidden=\"true\"><\/b><span class=\"section-title-main\" >BEACHTEN<\/span><b aria-hidden=\"true\"><\/b><\/h1><\/div>\n<div class=\"container section-title-container\" style=\"margin-bottom:-2px;\"><h1 class=\"section-title section-title-center\"><b aria-hidden=\"true\"><\/b><span class=\"section-title-main\" >SPEZIFIKATIONEN<\/span><b aria-hidden=\"true\"><\/b><\/h1><\/div>\n<h2>Beschreibung der zugelassenen Motorradjacke<\/h2>\n<div>Entdecken Sie die Nascar Liberty A-zugelassene Motorradjacke, ideal zum Motorradfahren oder f\u00fcr den t\u00e4glichen Gebrauch! Entwickelt f\u00fcr anspruchsvolle Fahrer, die maximalen Schutz und einen einzigartigen, narrensicheren Stil suchen. Die aus robuster und strapazierf\u00e4higer Baumwolle gefertigte Jacke ist langlebig und bietet optimalen Schutz bei St\u00f6\u00dfen oder St\u00fcrzen. <span style=\"color: #555555;\">Wir wollten, dass es langlebig ist, damit es Sie bei all Ihren Abenteuern und viele Jahre lang begleiten kann!<\/span><\/div>\n<div><\/div>\n<div>Die Jacke verf\u00fcgt \u00fcber ein extra weiches Baumwollfutter, das eine optimale Luftzirkulation f\u00fcr maximalen Komfort auch bei hei\u00dfem Wetter erm\u00f6glicht. Die hochwertige Verarbeitung und die verstellbaren \u00c4rmel passen sich Ihrer K\u00f6rperform an.<\/div>\n<div><\/div>\n<div>Diese Jacke ist f\u00fcr den Stra\u00dfenverkehr der Klasse A zugelassen und bietet erh\u00f6hte Sicherheit dank integrierter Protektoren an Ellbogen, Schultern und R\u00fccken. Die Protektoren sind abnehmbar, damit die Jacke leichter gereinigt werden kann, aber auch, um sie im Alltag einfacher tragen zu k\u00f6nnen.<\/div>\n<div><\/div>\n<div>Sein Stil und sein Schnitt im \u201eNascar\u201c-Stil verleihen Ihrem Outfit DEN Vintage-Touch, egal ob Sie Jeans oder Lederhosen tragen. Hochwertige Oberfl\u00e4chen wie Rei\u00dfverschl\u00fcsse, Druckkn\u00f6pfe und Kontrastn\u00e4hte verleihen einen Hauch von Eleganz. Um dieser Jacke noch mehr Style zu verleihen, haben wir zus\u00e4tzlich Patches und Stickereien an den \u00c4rmeln integriert, um noch n\u00e4her an den Piloten-Style der 70er Jahre heranzukommen.<\/div>\n<p>Im Hinblick auf die von ihm gebotene Schutzwirkung wurde er zahlreichen Tests unterzogen, um die Zulassung zu erhalten und den CE-Normen zu entsprechen.<\/p>\n<p>Kurz gesagt: Schutz ist wichtig, aber wir wollten die Qualit\u00e4t dieser Jacke nicht au\u00dfer Acht lassen, ein wesentliches Element f\u00fcr uns!<\/p>\n<p>&nbsp;<\/p>\n<p>Sie z\u00f6gern bei einem unserer St\u00fccke? Unsere weiteren gepr\u00fcften Jacken bieten wir Ihnen auch HIER an.<\/p>\n<p>Ansonsten finden Sie alle unsere Abenteuer auf unserer <a href=\"https:\/\/www.instagram.com\/brox_motorcycle_label\/\" target=\"_blank\" rel=\"noopener\">Instagram <\/a>!<\/p>","protected":false},"excerpt":{"rendered":"<ul>\n<li style=\"text-align: left;\"><span style=\"font-size: 90%;\">Zugelassene Motorradjacke im Bomber-Schnitt<\/span><\/li>\n<li style=\"text-align: left;\"><span style=\"font-size: 90%;\">Bikerkragen<\/span><\/li>\n<li style=\"text-align: left;\"><span style=\"font-size: 90%;\">Schulterzwickel f\u00fcr Komfort und Stil<\/span><\/li>\n<li style=\"text-align: left;\"><span style=\"font-size: 90%;\">Extrem widerstandsf\u00e4higer YYK-Rei\u00dfverschluss<\/span><\/li>\n<li style=\"text-align: left;\"><span style=\"font-size: 90%;\">Zwickel und Kn\u00f6pfe zum Anpassen der Manschetten<\/span><\/li>\n<li style=\"text-align: left;\"><span style=\"font-size: 90%;\">2 Taschen an der Au\u00dfenseite der zugelassenen Motorradjacke<\/span><\/li>\n<li style=\"text-align: left;\"><span style=\"font-size: 90%;\">Geldb\u00f6rsenfach innen<\/span><\/li>\n<\/ul>","protected":false},"featured_media":17450,"comment_status":"closed","ping_status":"closed","template":"","meta":{"inline_featured_image":false},"product_brand":[],"product_cat":[416,404,417,399],"product_tag":[],"class_list":{"0":"post-17413","1":"product","2":"type-product","3":"status-publish","4":"has-post-thumbnail","6":"product_cat-black-friday","7":"product_cat-equipements-moto","8":"product_cat-soldes","9":"product_cat-veste-moto-textile","11":"first","12":"instock","13":"taxable","14":"shipping-taxable","15":"purchasable","16":"product-type-variable"},"supplier_id":null,"supplier_sku":"","barcode":null,"atum_controlled":true,"out_stock_date":null,"out_stock_threshold":null,"inheritable":true,"inbound_stock":0,"stock_on_hold":0,"sold_today":0,"sales_last_days":0,"reserved_stock":0,"customer_returns":0,"warehouse_damage":0,"lost_in_post":0,"other_logs":0,"out_stock_days":0,"lost_sales":0,"has_location":false,"update_date":"2026-04-22T01:15:45","atum_locations":[],"atum_stock_status":"instock","restock_status":false,"low_stock_amount":"","sales_update_date":"2026-04-22T01:15:45","calc_backorders":null,"_links":{"self":[{"href":"https:\/\/brox.shop\/de\/wp-json\/wp\/v2\/product\/17413","targetHints":{"allow":["GET"]}}],"collection":[{"href":"https:\/\/brox.shop\/de\/wp-json\/wp\/v2\/product"}],"about":[{"href":"https:\/\/brox.shop\/de\/wp-json\/wp\/v2\/types\/product"}],"replies":[{"embeddable":true,"href":"https:\/\/brox.shop\/de\/wp-json\/wp\/v2\/comments?post=17413"}],"wp:featuredmedia":[{"embeddable":true,"href":"https:\/\/brox.shop\/de\/wp-json\/wp\/v2\/media\/17450"}],"wp:attachment":[{"href":"https:\/\/brox.shop\/de\/wp-json\/wp\/v2\/media?parent=17413"}],"wp:term":[{"taxonomy":"product_brand","embeddable":true,"href":"https:\/\/brox.shop\/de\/wp-json\/wp\/v2\/product_brand?post=17413"},{"taxonomy":"product_cat","embeddable":true,"href":"https:\/\/brox.shop\/de\/wp-json\/wp\/v2\/product_cat?post=17413"},{"taxonomy":"product_tag","embeddable":true,"href":"https:\/\/brox.shop\/de\/wp-json\/wp\/v2\/product_tag?post=17413"}],"curies":[{"name":"wp","href":"https:\/\/api.w.org\/{rel}","templated":true}]}}