{"id":17444,"date":"2024-03-19T10:51:25","date_gmt":"2024-03-19T09:51:25","guid":{"rendered":"https:\/\/brox.shop\/?post_type=product&#038;p=17444"},"modified":"2026-01-07T17:28:41","modified_gmt":"2026-01-07T16:28:41","slug":"chaussettes-brox-2","status":"publish","type":"product","link":"https:\/\/brox.shop\/de\/produkt\/chaussettes-brox-2\/","title":{"rendered":"Brox Socken"},"content":{"rendered":"<h2 style=\"text-align: center\">Brox Socken<\/h2>\n<p>Brox-Socken sind super bequeme hohe Socken f\u00fcr eine komfortable Fahrt. Unsere Socken bestehen haupts\u00e4chlich aus Baumwolle und sind so konzipiert, dass sie Sie beim Motorradfahren warm halten und gleichzeitig eine hervorragende Atmungsaktivit\u00e4t gew\u00e4hrleisten.<\/p>\n<p>Der Sockenstil von Brox zeichnet sich durch das beliebte Logo rund um den Kn\u00f6chel aus. Durch das wei\u00df-schwarze Design lassen sie sich leicht tragen und mit all Ihren Outfits kombinieren.<\/p>\n<p>Als Bonus dieser hohen Socken und weil Qualit\u00e4t f\u00fcr uns immer an erster Stelle steht, werden sie in einer franz\u00f6sischen Fabrik hergestellt!<\/p>\n<p>Diese Socken wurden f\u00fcr junge und abenteuerlustige K\u00f6pfe entworfen und machen jeden Schritt zu einem wilden Rennen. Zeigen Sie den Brox-Stil und werden Sie zum coolsten Fahrer!<\/p>\n\t<div id=\"accordion-3375823648\" class=\"accordion-item\">\n\t\t<a id=\"accordion-3375823648-label\" class=\"accordion-title plain\" href=\"#accordion-item-guide-des-tailles\" aria-expanded=\"false\" aria-controls=\"accordion-3375823648-content\">\n\t\t\t<button class=\"toggle\" aria-label=\"Umschalten\"><i class=\"icon-angle-down\" aria-hidden=\"true\"><\/i><\/button>\n\t\t\t<span>GR\u00d6SSENTABELLE<\/span>\n\t\t<\/a>\n\t\t<div id=\"accordion-3375823648-content\" class=\"accordion-inner\" aria-labelledby=\"accordion-3375823648-label\">\n\t\t\t\n<p>Einheitsgr\u00f6\u00dfe \ud83d\ude09<\/p>\n\t\t<\/div>\n\t<\/div>\n\t\n\t<div id=\"text-427775918\" class=\"text\">\n\t\t\t\t\n<style>\n#text-427775918 {\n  color: rgb(255,255,255);\n}\n#text-427775918 > * {\n  color: rgb(255,255,255);\n}\n<\/style>\n\t<\/div>\n\t\n\t<div id=\"accordion-483048256\" class=\"accordion-item\">\n\t\t<a id=\"accordion-483048256-label\" class=\"accordion-title plain\" href=\"#accordion-item-la-coupe\" aria-expanded=\"false\" aria-controls=\"accordion-483048256-content\">\n\t\t\t<button class=\"toggle\" aria-label=\"Umschalten\"><i class=\"icon-angle-down\" aria-hidden=\"true\"><\/i><\/button>\n\t\t\t<span>DER SCHNITT<\/span>\n\t\t<\/a>\n\t\t<div id=\"accordion-483048256-content\" class=\"accordion-inner\" aria-labelledby=\"accordion-483048256-label\">\n\t\t\t\n<p>Hohe, weiche und super bequeme Socken.<\/p>\n\t\t<\/div>\n\t<\/div>\n\t\n\t<div id=\"accordion-2459301700\" class=\"accordion-item\">\n\t\t<a id=\"accordion-2459301700-label\" class=\"accordion-title plain\" href=\"#accordion-item-livraison-et-retours\" aria-expanded=\"false\" aria-controls=\"accordion-2459301700-content\">\n\t\t\t<button class=\"toggle\" aria-label=\"Umschalten\"><i class=\"icon-angle-down\" aria-hidden=\"true\"><\/i><\/button>\n\t\t\t<span>LIEFERUNG UND R\u00dcCKGABE<\/span>\n\t\t<\/a>\n\t\t<div id=\"accordion-2459301700-content\" class=\"accordion-inner\" aria-labelledby=\"accordion-2459301700-label\">\n\t\t\t\n<p><img decoding=\"async\" src=\"https:\/\/eudoxie.shop\/wp-content\/uploads\/2023\/04\/reassurance-telephone-600x637.jpg\" alt=\"Reassurance Telephone\" \/><\/p>\n<ul>\n<li>M\u00f6glichkeit der R\u00fcckerstattung innerhalb von 14 Tagen nach Erhalt<\/li>\n<\/ul>\n\t\t<\/div>\n\t<\/div>","protected":false},"excerpt":{"rendered":"<ul>\n<li style=\"text-align: left\">Einheitsgr\u00f6\u00dfe<\/li>\n<li style=\"text-align: left\"><span style=\"color: #333333;font-size: 14.4px\">Baumwolle, Polyamid, Elasthan<\/span><\/li>\n<li style=\"text-align: left\">Hergestellt in Frankreich<\/li>\n<li style=\"text-align: left\">Dick und bequem<\/li>\n<li style=\"text-align: left\">Schwarz und Wei\u00df<\/li>\n<\/ul>","protected":false},"featured_media":17437,"comment_status":"closed","ping_status":"closed","template":"","meta":{"inline_featured_image":false},"product_brand":[],"product_cat":[415,409],"product_tag":[],"class_list":{"0":"post-17444","1":"product","2":"type-product","3":"status-publish","4":"has-post-thumbnail","6":"product_cat-chaussettes","7":"product_cat-vetements-brox","9":"first","10":"instock","11":"taxable","12":"shipping-taxable","13":"purchasable","14":"product-type-simple"},"supplier_id":null,"supplier_sku":"","barcode":null,"atum_controlled":true,"out_stock_date":null,"out_stock_threshold":null,"inheritable":false,"inbound_stock":0,"stock_on_hold":0,"sold_today":0,"sales_last_days":0,"reserved_stock":0,"customer_returns":0,"warehouse_damage":0,"lost_in_post":0,"other_logs":0,"out_stock_days":0,"lost_sales":0,"has_location":false,"update_date":"2026-05-05T02:04:38","atum_locations":[],"atum_stock_status":"instock","restock_status":false,"low_stock_amount":"","sales_update_date":"2026-05-05T02:04:38","calc_backorders":null,"_links":{"self":[{"href":"https:\/\/brox.shop\/de\/wp-json\/wp\/v2\/product\/17444","targetHints":{"allow":["GET"]}}],"collection":[{"href":"https:\/\/brox.shop\/de\/wp-json\/wp\/v2\/product"}],"about":[{"href":"https:\/\/brox.shop\/de\/wp-json\/wp\/v2\/types\/product"}],"replies":[{"embeddable":true,"href":"https:\/\/brox.shop\/de\/wp-json\/wp\/v2\/comments?post=17444"}],"wp:featuredmedia":[{"embeddable":true,"href":"https:\/\/brox.shop\/de\/wp-json\/wp\/v2\/media\/17437"}],"wp:attachment":[{"href":"https:\/\/brox.shop\/de\/wp-json\/wp\/v2\/media?parent=17444"}],"wp:term":[{"taxonomy":"product_brand","embeddable":true,"href":"https:\/\/brox.shop\/de\/wp-json\/wp\/v2\/product_brand?post=17444"},{"taxonomy":"product_cat","embeddable":true,"href":"https:\/\/brox.shop\/de\/wp-json\/wp\/v2\/product_cat?post=17444"},{"taxonomy":"product_tag","embeddable":true,"href":"https:\/\/brox.shop\/de\/wp-json\/wp\/v2\/product_tag?post=17444"}],"curies":[{"name":"wp","href":"https:\/\/api.w.org\/{rel}","templated":true}]}}