{"id":17552,"date":"2024-07-16T15:34:22","date_gmt":"2024-07-16T13:34:22","guid":{"rendered":"https:\/\/brox.shop\/?post_type=product&#038;p=17552"},"modified":"2026-01-25T17:12:11","modified_gmt":"2026-01-25T16:12:11","slug":"bold-t-shirt-moto","status":"publish","type":"product","link":"https:\/\/brox.shop\/de\/produkt\/bold-t-shirt-moto\/","title":{"rendered":"Bold \u2013 Motorrad T-Shirt"},"content":{"rendered":"<h1 style=\"text-align: center;\">Bold \u2013 Motorrad T-Shirt<\/h1>\n<ul>\n<li>Wei\u00dfes Motorrad-T-Shirt<\/li>\n<li>Neue Kollektion<\/li>\n<li>100% Baumwolle<\/li>\n<li>hochwertiger Siebdruck<\/li>\n<\/ul>\n<p style=\"text-align: left;\">Sie k\u00f6nnen Ihre Gr\u00f6\u00dfe nicht finden oder ein Produkt ist nicht mehr verf\u00fcgbar? Schreiben Sie uns an rider@brox.shop, wir finden die L\u00f6sung!<\/p>\n<div class=\"accordion\">\n\t<div id=\"accordion-2776987672\" class=\"accordion-item\">\n\t\t<a id=\"accordion-2776987672-label\" class=\"accordion-title plain\" href=\"#accordion-item-guide-des-tailles\" aria-expanded=\"false\" aria-controls=\"accordion-2776987672-content\">\n\t\t\t<button class=\"toggle\" aria-label=\"Umschalten\"><i class=\"icon-angle-down\" aria-hidden=\"true\"><\/i><\/button>\n\t\t\t<span>GR\u00d6SSENTABELLE<\/span>\n\t\t<\/a>\n\t\t<div id=\"accordion-2776987672-content\" class=\"accordion-inner\" aria-labelledby=\"accordion-2776987672-label\">\n\t\t\t\n<p><img loading=\"lazy\" decoding=\"async\" class=\"alignnone size-medium wp-image-17312\" src=\"https:\/\/brox.shop\/wp-content\/uploads\/2023\/09\/BROX-guide-taille-tee-shirt-600x307.jpg\" alt=\"Brox Guide Taille Tee Shirt\" width=\"600\" height=\"307\" srcset=\"https:\/\/brox.shop\/wp-content\/uploads\/2023\/09\/BROX-guide-taille-tee-shirt-600x307.jpg 600w, https:\/\/brox.shop\/wp-content\/uploads\/2023\/09\/BROX-guide-taille-tee-shirt-1050x537.jpg 1050w, https:\/\/brox.shop\/wp-content\/uploads\/2023\/09\/BROX-guide-taille-tee-shirt-350x179.jpg 350w, https:\/\/brox.shop\/wp-content\/uploads\/2023\/09\/BROX-guide-taille-tee-shirt-768x393.jpg 768w, https:\/\/brox.shop\/wp-content\/uploads\/2023\/09\/BROX-guide-taille-tee-shirt-800x409.jpg 800w, https:\/\/brox.shop\/wp-content\/uploads\/2023\/09\/BROX-guide-taille-tee-shirt.jpg 1378w\" sizes=\"auto, (max-width: 600px) 100vw, 600px\" \/><\/p>\n\t\t<\/div>\n\t<\/div>\n\t\n\t<div id=\"accordion-4064570565\" class=\"accordion-item\">\n\t\t<a id=\"accordion-4064570565-label\" class=\"accordion-title plain\" href=\"#accordion-item-livraison-et-retours\" aria-expanded=\"false\" aria-controls=\"accordion-4064570565-content\">\n\t\t\t<button class=\"toggle\" aria-label=\"Umschalten\"><i class=\"icon-angle-down\" aria-hidden=\"true\"><\/i><\/button>\n\t\t\t<span>LIEFERUNG UND R\u00dcCKGABE<\/span>\n\t\t<\/a>\n\t\t<div id=\"accordion-4064570565-content\" class=\"accordion-inner\" aria-labelledby=\"accordion-4064570565-label\">\n\t\t\t\n<p><img loading=\"lazy\" decoding=\"async\" class=\"wp-image-17461 aligncenter\" src=\"https:\/\/eudoxie.shop\/wp-content\/uploads\/2023\/04\/reassurance-telephone-600x637.jpg\" alt=\"Reassurance Telephone\" width=\"377\" height=\"400\" \/><\/p>\n<ul>\n<li>M\u00f6glichkeit der R\u00fcckerstattung innerhalb von 14 Tagen nach Erhalt<\/li>\n<\/ul>\n\t\t<\/div>\n\t<\/div>\n\t\n<\/div>\n<h2><\/h2>\n<h2>Beschreibung des wei\u00dfen Motorrad T-Shirts<\/h2>\n<div>\n<p>Entdecken Sie das Brox Moto GOLD T-Shirt, ein neues Produkt, das Fans des Motorradfahrens und des Stils begeistern wird! Dieses Baumwoll-T-Shirt bietet sowohl auf dem Motorrad als auch im Alltag einen super Tragekomfort.<\/p>\n<p>Der blaue Siebdruck der Marke auf dem gesamten R\u00fccken und der Brust verleiht ihm den Hauch von Frische und Originalit\u00e4t, der den Unterschied ausmacht. Perfekt, um Ihren Fahrstil auf der Stra\u00dfe durchzusetzen.<\/p>\n<p>Das Moto GOLD T-Shirt ist so konzipiert, dass es Sie \u00fcberallhin begleitet. Es ist leicht und bequem, ideal f\u00fcr Ihre Ausfl\u00fcge auf zwei R\u00e4dern oder Ihre Skate-Sessions. Durch die lockere Passform garantiert es dir viel Bewegungsfreiheit und ist gleichzeitig k\u00f6rperbetont genug, um immer gut auszusehen.<\/p>\n<p>Es ist nicht nur stylisch, sondern auch super praktisch! Es l\u00e4sst sich leicht waschen und pflegen und h\u00e4lt auch den intensivsten Motocross-Sessions problemlos stand. Und weil wir wissen, wie wichtig Komfort ist, sorgt die weiche Baumwolle den ganzen Tag lang f\u00fcr ein angenehmes Tragegef\u00fchl.<\/p>\n<p>Es ist das perfekte Motorradgeschenk f\u00fcr M\u00e4nner, egal ob Sie Anf\u00e4nger oder erfahrener Fahrer sind. Warten Sie nicht l\u00e4nger und f\u00fcgen Sie dieses unverzichtbare Brox-St\u00fcck Ihrer Sammlung hinzu!<\/p>\n<\/div>\n<p>&nbsp;<\/p>\n<p>Sie z\u00f6gern bei einem unserer St\u00fccke? Wir k\u00f6nnen Ihnen auch unsere anderen Lifestyle-T-Shirts anbieten <a href=\"https:\/\/brox.shop\/de\/produkt-kategorie\/vetements\/tshirts\/\">Hier<\/a><\/p>\n<p>Ansonsten finden Sie alle unsere Abenteuer auf unserer <a href=\"https:\/\/www.instagram.com\/brox_motorcycle_label\/\" target=\"_blank\" rel=\"noopener\">Instagram <\/a>!<\/p>","protected":false},"excerpt":{"rendered":"<ul>\n<li style=\"text-align: left;\">Motorrad T-Shirt<\/li>\n<li style=\"text-align: left;\">Neue Kollektion<\/li>\n<li style=\"text-align: left;\">100% Baumwolle<\/li>\n<li style=\"text-align: left;\">hochwertiger Siebdruck<\/li>\n<\/ul>","protected":false},"featured_media":17739,"comment_status":"closed","ping_status":"closed","template":"","meta":{"inline_featured_image":false},"product_brand":[],"product_cat":[143,409],"product_tag":[],"class_list":{"0":"post-17552","1":"product","2":"type-product","3":"status-publish","4":"has-post-thumbnail","6":"product_cat-t-shirt-moto","7":"product_cat-vetements-brox","9":"first","10":"instock","11":"taxable","12":"shipping-taxable","13":"purchasable","14":"product-type-variable"},"supplier_id":null,"supplier_sku":"","barcode":null,"atum_controlled":true,"out_stock_date":null,"out_stock_threshold":null,"inheritable":true,"inbound_stock":0,"stock_on_hold":0,"sold_today":0,"sales_last_days":0,"reserved_stock":0,"customer_returns":0,"warehouse_damage":0,"lost_in_post":0,"other_logs":0,"out_stock_days":0,"lost_sales":0,"has_location":false,"update_date":"2026-04-22T01:15:45","atum_locations":[],"atum_stock_status":"instock","restock_status":false,"low_stock_amount":"","sales_update_date":"2026-04-22T01:15:45","calc_backorders":null,"_links":{"self":[{"href":"https:\/\/brox.shop\/de\/wp-json\/wp\/v2\/product\/17552","targetHints":{"allow":["GET"]}}],"collection":[{"href":"https:\/\/brox.shop\/de\/wp-json\/wp\/v2\/product"}],"about":[{"href":"https:\/\/brox.shop\/de\/wp-json\/wp\/v2\/types\/product"}],"replies":[{"embeddable":true,"href":"https:\/\/brox.shop\/de\/wp-json\/wp\/v2\/comments?post=17552"}],"wp:featuredmedia":[{"embeddable":true,"href":"https:\/\/brox.shop\/de\/wp-json\/wp\/v2\/media\/17739"}],"wp:attachment":[{"href":"https:\/\/brox.shop\/de\/wp-json\/wp\/v2\/media?parent=17552"}],"wp:term":[{"taxonomy":"product_brand","embeddable":true,"href":"https:\/\/brox.shop\/de\/wp-json\/wp\/v2\/product_brand?post=17552"},{"taxonomy":"product_cat","embeddable":true,"href":"https:\/\/brox.shop\/de\/wp-json\/wp\/v2\/product_cat?post=17552"},{"taxonomy":"product_tag","embeddable":true,"href":"https:\/\/brox.shop\/de\/wp-json\/wp\/v2\/product_tag?post=17552"}],"curies":[{"name":"wp","href":"https:\/\/api.w.org\/{rel}","templated":true}]}}