{"id":17581,"date":"2024-09-10T15:46:10","date_gmt":"2024-09-10T13:46:10","guid":{"rendered":"https:\/\/brox.shop\/?post_type=product&#038;p=17581"},"modified":"2026-01-08T14:41:29","modified_gmt":"2026-01-08T13:41:29","slug":"blast-jersey-cross","status":"publish","type":"product","link":"https:\/\/brox.shop\/de\/produkt\/blast-jersey-cross\/","title":{"rendered":"Blast \u2013 Jersey Cross"},"content":{"rendered":"<h1 style=\"text-align: center;\">Blast \u2013 Jersey-Kreuz<\/h1>\n<ul>\n<li style=\"list-style-type: none;\">\n<ul>\n<li>Cross-Jersey aus flie\u00dfendem und mikrobel\u00fcftetem Material<\/li>\n<li>Crosstrikot zum Tragen in der Stadt oder zum Radfahren<\/li>\n<\/ul>\n<\/li>\n<\/ul>\n<div class=\"accordion\">\n\t<div id=\"accordion-693989165\" class=\"accordion-item\">\n\t\t<a id=\"accordion-693989165-label\" class=\"accordion-title plain\" href=\"#accordion-item-guide-des-tailles\" aria-expanded=\"false\" aria-controls=\"accordion-693989165-content\">\n\t\t\t<button class=\"toggle\" aria-label=\"Umschalten\"><i class=\"icon-angle-down\" aria-hidden=\"true\"><\/i><\/button>\n\t\t\t<span>GR\u00d6SSENTABELLE<\/span>\n\t\t<\/a>\n\t\t<div id=\"accordion-693989165-content\" class=\"accordion-inner\" aria-labelledby=\"accordion-693989165-label\">\n\t\t\t\n<p><img loading=\"lazy\" decoding=\"async\" class=\"alignnone size-medium wp-image-17313\" src=\"https:\/\/brox.shop\/wp-content\/uploads\/2023\/10\/BROX-guide-taille-jersey-600x307.jpg\" alt=\"Brox Guide Taille Jersey\" width=\"600\" height=\"307\" srcset=\"https:\/\/brox.shop\/wp-content\/uploads\/2023\/10\/BROX-guide-taille-jersey-600x307.jpg 600w, https:\/\/brox.shop\/wp-content\/uploads\/2023\/10\/BROX-guide-taille-jersey-1050x537.jpg 1050w, https:\/\/brox.shop\/wp-content\/uploads\/2023\/10\/BROX-guide-taille-jersey-350x179.jpg 350w, https:\/\/brox.shop\/wp-content\/uploads\/2023\/10\/BROX-guide-taille-jersey-768x393.jpg 768w, https:\/\/brox.shop\/wp-content\/uploads\/2023\/10\/BROX-guide-taille-jersey-800x409.jpg 800w, https:\/\/brox.shop\/wp-content\/uploads\/2023\/10\/BROX-guide-taille-jersey.jpg 1378w\" sizes=\"auto, (max-width: 600px) 100vw, 600px\" \/><\/p>\n\t\t<\/div>\n\t<\/div>\n\t\n<\/div>\n<div class=\"container section-title-container\" style=\"margin-bottom:-2px;\"><h1 class=\"section-title section-title-center\"><b aria-hidden=\"true\"><\/b><span class=\"section-title-main\" >MERKMALE<\/span><b aria-hidden=\"true\"><\/b><\/h1><\/div>\n\n\t<section class=\"section\" id=\"section_1312544291\">\n\t\t<div class=\"section-bg fill\" >\n\t\t\t\t\t\t\t\t\t<div class=\"section-bg-overlay absolute fill\"><\/div>\n\t\t\t\n\t<div class=\"is-border\"\n\t\tstyle=\"border-width:0px 0px 5px 0px;\">\n\t<\/div>\n\n\t\t<\/div>\n\n\t\t\n\n\t\t<div class=\"section-content relative\">\n\t\t\t\n\t<div id=\"text-3930238382\" class=\"text\">\n\t\t\n<h2 style=\"text-align: center;\">LEICHT UND FL\u00dcSSIG<\/h2>\n\t\t\n<style>\n#text-3930238382 {\n  color: rgb(255,255,255);\n}\n#text-3930238382 > * {\n  color: rgb(255,255,255);\n}\n<\/style>\n\t<\/div>\n\t\n\t\t<\/div>\n\n\t\t\n<style>\n#section_1312544291 {\n  padding-top: 10px;\n  padding-bottom: 10px;\n}\n#section_1312544291 .section-bg-overlay {\n  background-color: rgb(40, 40, 40);\n}\n<\/style>\n\t<\/section>\n\t\n<p style=\"text-align: center;\">Dank seines atmungsaktiven Gewebes sch\u00fctzt Sie dieses Cross-Trikot vor UV-Strahlen und sorgt f\u00fcr Komfort bei unterschiedlichsten Bedingungen und Temperaturen.<\/p>\n\n\t<section class=\"section\" id=\"section_90346027\">\n\t\t<div class=\"section-bg fill\" >\n\t\t\t\t\t\t\t\t\t<div class=\"section-bg-overlay absolute fill\"><\/div>\n\t\t\t\n\t<div class=\"is-border\"\n\t\tstyle=\"border-width:0px 0px 5px 0px;\">\n\t<\/div>\n\n\t\t<\/div>\n\n\t\t\n\n\t\t<div class=\"section-content relative\">\n\t\t\t\n\t<div id=\"text-3537363094\" class=\"text\">\n\t\t\n<h2 style=\"text-align: center;\">KOMFORTABEL UND WEICH<\/h2>\n\t\t\n<style>\n#text-3537363094 {\n  color: rgb(255,255,255);\n}\n#text-3537363094 > * {\n  color: rgb(255,255,255);\n}\n<\/style>\n\t<\/div>\n\t\n\t\t<\/div>\n\n\t\t\n<style>\n#section_90346027 {\n  padding-top: 10px;\n  padding-bottom: 10px;\n}\n#section_90346027 .section-bg-overlay {\n  background-color: rgb(40, 40, 40);\n}\n<\/style>\n\t<\/section>\n\t\n<p style=\"text-align: center;\">Ein Crosstrikot zum Tragen auf dem Motorrad, aber auch im Alltag. Die gef\u00fctterte Innenseite bietet Komfort f\u00fcr jeden K\u00f6rpertyp, der es tr\u00e4gt.<\/p>\n\n\t<section class=\"section\" id=\"section_1728386021\">\n\t\t<div class=\"section-bg fill\" >\n\t\t\t\t\t\t\t\t\t<div class=\"section-bg-overlay absolute fill\"><\/div>\n\t\t\t\n\t<div class=\"is-border\"\n\t\tstyle=\"border-width:0px 0px 5px 0px;\">\n\t<\/div>\n\n\t\t<\/div>\n\n\t\t\n\n\t\t<div class=\"section-content relative\">\n\t\t\t\n\t<div id=\"text-1092136900\" class=\"text\">\n\t\t\n<h2 style=\"text-align: center;\">EIN BUNTES DESIGN<\/h2>\n\t\t\n<style>\n#text-1092136900 {\n  color: rgb(255,255,255);\n}\n#text-1092136900 > * {\n  color: rgb(255,255,255);\n}\n<\/style>\n\t<\/div>\n\t\n\t\t<\/div>\n\n\t\t\n<style>\n#section_1728386021 {\n  padding-top: 10px;\n  padding-bottom: 10px;\n}\n#section_1728386021 .section-bg-overlay {\n  background-color: rgb(40, 40, 40);\n}\n<\/style>\n\t<\/section>\n\t\n<p style=\"text-align: center;\">Sein Design in der Kombination aus Blau und Gelb macht es zu einem originellen St\u00fcck, das sich leicht tragen und an Ihren Look anpassen l\u00e4sst.<\/p>\n<div class=\"container section-title-container\" style=\"margin-bottom:-2px;\"><h1 class=\"section-title section-title-center\"><b aria-hidden=\"true\"><\/b><span class=\"section-title-main\" >DIE KLEINEN EXTRAS<\/span><b aria-hidden=\"true\"><\/b><\/h1><\/div>\n<p><img loading=\"lazy\" decoding=\"async\" class=\"alignnone wp-image-18363\" src=\"https:\/\/eudoxie.shop\/wp-content\/uploads\/2023\/07\/reassurance-telephone-lifestyle-1.webp\" alt=\"Reassurance Telephone Lifestyle (1)\" width=\"459\" height=\"900\" \/><\/p>\n<p>M\u00f6glichkeit der R\u00fcckerstattung innerhalb von 14 Tagen nach Erhalt mit der Originaletikettierung, sofern das Produkt nicht getragen oder gewaschen wurde.<\/p>\n<div class=\"container section-title-container\" style=\"margin-bottom:-5px;\"><h1 class=\"section-title section-title-center\"><b aria-hidden=\"true\"><\/b><span class=\"section-title-main\" >SPEZIFIKATIONEN<\/span><b aria-hidden=\"true\"><\/b><\/h1><\/div>\n<p>Der Jersey Blast ist ein neues Brox-Produkt! Hierf\u00fcr haben wir uns f\u00fcr eine Kombination aus Farben und Designs entschieden, die leicht zu tragen, aber originell sind.<\/p>\n<p>Ein grundlegendes Motocross-Produkt, das Sie jeden Tag tragen oder nur f\u00fcr Motocross oder jeden anderen Motorradtyp verwenden k\u00f6nnen!<\/p>\n<p>Damit k\u00f6nnen Sie einen Fahrerlook kreieren, den Sie auf dem Motorrad oder einfach im Alltag tragen k\u00f6nnen. Es ist sehr leicht und flie\u00dfend, sodass Sie es im Winter mit einem Kleidungsst\u00fcck darunter oder im Sommer tragen k\u00f6nnen, ohne dass Ihnen zu hei\u00df wird, da es aus mikrobel\u00fcftetem Material besteht! Und um den Look zu vervollst\u00e4ndigen, empfehlen wir, es mit einer unserer Jacken zu tragen!<\/p>\n<p>Und weil Riding f\u00fcr uns nicht nur Motorradfahren bedeutet, ist es f\u00fcr uns dank des sch\u00f6nen Materials und der einwandfreien Qualit\u00e4t (und nat\u00fcrlich der stets top Optik) auch ideal zum Tragen auf dem Skateboard geeignet.<\/p>\n<p>Das Design greift den Streetwear-Geist auf, aber auch den Racing-Aspekt von Rennen.<\/p>\n<p>Auf dem R\u00fccken und auf der Brust ist deutlich die Aufschrift \u201eBROX\u201c zu sehen. Kurz gesagt, ein stilvolles St\u00fcck, bei dem jedes Detail z\u00e4hlt!<\/p>\n<p>Was den Schnitt des Race-Trikots betrifft, haben wir uns entschieden, es unten enger zu machen, damit es besser auf dem Fahrrad sitzt und k\u00f6rperbetonter ist.<\/p>\n<p>Der Innenraum ist gef\u00fcttert, sodass er nicht durchsichtig ist, aber dennoch hell bleiben kann. Das Material bietet Ihnen absoluten Komfort! Es wird recht locker getragen und ist an den \u00c4rmeln eng anliegend. Au\u00dferdem ist es leicht zu waschen und zu pflegen, also kein Problem bei Ihren Motocross-Sessions!<\/p>","protected":false},"excerpt":{"rendered":"<p>Jersey Cross, leichtes und atmungsaktives Fluid.<\/p>","protected":false},"featured_media":17771,"comment_status":"open","ping_status":"closed","template":"","meta":{"inline_featured_image":false},"product_brand":[],"product_cat":[406,409],"product_tag":[],"class_list":{"0":"post-17581","1":"product","2":"type-product","3":"status-publish","4":"has-post-thumbnail","6":"product_cat-jerseys","7":"product_cat-vetements-brox","9":"first","10":"instock","11":"taxable","12":"shipping-taxable","13":"purchasable","14":"product-type-variable"},"supplier_id":null,"supplier_sku":"","barcode":null,"atum_controlled":true,"out_stock_date":null,"out_stock_threshold":null,"inheritable":true,"inbound_stock":0,"stock_on_hold":0,"sold_today":0,"sales_last_days":0,"reserved_stock":0,"customer_returns":0,"warehouse_damage":0,"lost_in_post":0,"other_logs":0,"out_stock_days":0,"lost_sales":0,"has_location":false,"update_date":"2026-04-22T01:15:46","atum_locations":[],"atum_stock_status":"instock","restock_status":false,"low_stock_amount":"","sales_update_date":"2026-04-22T01:15:46","calc_backorders":null,"_links":{"self":[{"href":"https:\/\/brox.shop\/de\/wp-json\/wp\/v2\/product\/17581","targetHints":{"allow":["GET"]}}],"collection":[{"href":"https:\/\/brox.shop\/de\/wp-json\/wp\/v2\/product"}],"about":[{"href":"https:\/\/brox.shop\/de\/wp-json\/wp\/v2\/types\/product"}],"replies":[{"embeddable":true,"href":"https:\/\/brox.shop\/de\/wp-json\/wp\/v2\/comments?post=17581"}],"wp:featuredmedia":[{"embeddable":true,"href":"https:\/\/brox.shop\/de\/wp-json\/wp\/v2\/media\/17771"}],"wp:attachment":[{"href":"https:\/\/brox.shop\/de\/wp-json\/wp\/v2\/media?parent=17581"}],"wp:term":[{"taxonomy":"product_brand","embeddable":true,"href":"https:\/\/brox.shop\/de\/wp-json\/wp\/v2\/product_brand?post=17581"},{"taxonomy":"product_cat","embeddable":true,"href":"https:\/\/brox.shop\/de\/wp-json\/wp\/v2\/product_cat?post=17581"},{"taxonomy":"product_tag","embeddable":true,"href":"https:\/\/brox.shop\/de\/wp-json\/wp\/v2\/product_tag?post=17581"}],"curies":[{"name":"wp","href":"https:\/\/api.w.org\/{rel}","templated":true}]}}