{"id":17669,"date":"2025-01-08T09:42:44","date_gmt":"2025-01-08T08:42:44","guid":{"rendered":"https:\/\/brox.shop\/?post_type=product&#038;p=17669"},"modified":"2025-12-04T09:26:11","modified_gmt":"2025-12-04T08:26:11","slug":"casquette-trucker-future","status":"publish","type":"product","link":"https:\/\/brox.shop\/de\/produkt\/casquette-trucker-future\/","title":{"rendered":"Trucker Cap \u2013 Zukunft"},"content":{"rendered":"<h1 style=\"text-align: center\">Trucker Cap \u2013 Zukunft<\/h1>\n<ul>\n<li>Einheitsgr\u00f6\u00dfe<\/li>\n<li>Trucker-Cap<\/li>\n<li>Schwarz und Wei\u00df<\/li>\n<\/ul>\n<p style=\"text-align: left\">\n<div class=\"accordion\">\n\t<div id=\"accordion-3926424086\" class=\"accordion-item\">\n\t\t<a id=\"accordion-3926424086-label\" class=\"accordion-title plain\" href=\"#accordion-item-livraison-et-retours\" aria-expanded=\"false\" aria-controls=\"accordion-3926424086-content\">\n\t\t\t<button class=\"toggle\" aria-label=\"Umschalten\"><i class=\"icon-angle-down\" aria-hidden=\"true\"><\/i><\/button>\n\t\t\t<span>LIEFERUNG UND R\u00dcCKGABE<\/span>\n\t\t<\/a>\n\t\t<div id=\"accordion-3926424086-content\" class=\"accordion-inner\" aria-labelledby=\"accordion-3926424086-label\">\n\t\t\t\n<p><img loading=\"lazy\" decoding=\"async\" class=\"wp-image-17461 aligncenter\" src=\"https:\/\/eudoxie.shop\/wp-content\/uploads\/2023\/04\/reassurance-telephone-600x637.jpg\" alt=\"Reassurance Telephone\" width=\"377\" height=\"400\" \/><\/p>\n<ul>\n<li>M\u00f6glichkeit der R\u00fcckerstattung innerhalb von 14 Tagen nach Erhalt<\/li>\n<li>1 Jahr Garantie<\/li>\n<\/ul>\n\t\t<\/div>\n\t<\/div>\n\t\n\t<div id=\"accordion-950009232\" class=\"accordion-item\">\n\t\t<a id=\"accordion-950009232-label\" class=\"accordion-title plain\" href=\"#accordion-item-description\" aria-expanded=\"false\" aria-controls=\"accordion-950009232-content\">\n\t\t\t<button class=\"toggle\" aria-label=\"Umschalten\"><i class=\"icon-angle-down\" aria-hidden=\"true\"><\/i><\/button>\n\t\t\t<span>BESCHREIBUNG<\/span>\n\t\t<\/a>\n\t\t<div id=\"accordion-950009232-content\" class=\"accordion-inner\" aria-labelledby=\"accordion-950009232-label\">\n\t\t\t\n<h2>Beschreibung der Future Brox Cap<\/h2>\n<p><strong>Brox Motorrad- und Trucker-Cap: die perfekte Kombination aus Stil und Leistung<\/strong><\/p>\n<p>Best\u00e4tigen Sie Ihre Biker-Identit\u00e4t mit dem <strong>Brox Motorrad- und Trucker-Cap<\/strong>, das unverzichtbare Accessoire, um Ihren Look mit einer k\u00fchnen Note zu vervollst\u00e4ndigen. Diese schwarze, mit makelloser wei\u00dfer Stickerei verzierte Kappe vereint modernes Design und dauerhaften Komfort.<\/p>\n<ul>\n<li><strong>Hochwertige Materialien<\/strong> :<br \/>\nDie stabile, verst\u00e4rkte Polyesterfront sorgt f\u00fcr eine perfekte Form und Robustheit, ideal f\u00fcr den t\u00e4glichen Gebrauch.<br \/>\nDie atmungsaktive R\u00fcckseite aus Kunststoffnetz (Gitter) sorgt f\u00fcr optimale Bel\u00fcftung, perfekt f\u00fcr lange Tage in der Sonne oder nach einer Motorradtour.<\/li>\n<li><strong>Einzigartiges Design<\/strong> :<br \/>\nMit einem flachen Schirm und hochwertiger Stickerei zeigt diese Kappe stolz das Brox-Logo, gefolgt von \u201eMotorcycle Crew\u201c und dem inspirierenden Slogan \u201eRide to the Future\u201c.<\/li>\n<li><strong>Ein Sammlerst\u00fcck f\u00fcr Liebhaber<\/strong> :<br \/>\nAls erste Edition der Brox-Kappen wird es zu einem wahren historischen St\u00fcck f\u00fcr die Marke. Dieses kultige Modell verk\u00f6rpert den Geist der Biker und den zeitlosen Stil der Trucker-Caps.<\/li>\n<\/ul>\n<p>Egal, ob Sie auf der Stra\u00dfe oder in der Stadt unterwegs sind, die Brox-Kappe ist Ihr Verb\u00fcndeter, um Ihren Stil mit Stolz zu vertreten und gleichzeitig die Welt des Motorradfahrens zu repr\u00e4sentieren.<\/p>\n\t\t<\/div>\n\t<\/div>\n\t\n<\/div>\n<p>&nbsp;<\/p>\n<p>Sie z\u00f6gern bei einem unserer St\u00fccke? Wir bieten Ihnen auch unsere anderen bew\u00e4hrten Jacken an,<a href=\"https:\/\/brox.shop\/de\/produkt-kategorie\/equipements-moto\/\"> HIER<\/a><\/p>\n<p>Ansonsten finden Sie alle unsere Abenteuer auf unserer <a href=\"https:\/\/www.instagram.com\/brox_motorcycle_label\/\" target=\"_blank\" rel=\"noopener\">Instagram <\/a>!<\/p>","protected":false},"excerpt":{"rendered":"<ul>\n<li style=\"text-align: left\">Einheitsgr\u00f6\u00dfe<\/li>\n<li style=\"text-align: left\">Trucker-Cap<\/li>\n<li style=\"text-align: left\">Schwarz und Wei\u00df<\/li>\n<\/ul>","protected":false},"featured_media":17671,"comment_status":"closed","ping_status":"closed","template":"","meta":{"inline_featured_image":false},"product_brand":[],"product_cat":[408,409],"product_tag":[],"class_list":{"0":"post-17669","1":"product","2":"type-product","3":"status-publish","4":"has-post-thumbnail","6":"product_cat-casquettes","7":"product_cat-vetements-brox","9":"first","10":"instock","11":"sold-individually","12":"taxable","13":"shipping-taxable","14":"purchasable","15":"product-type-simple"},"supplier_id":null,"supplier_sku":"","barcode":"3760315178555","atum_controlled":true,"out_stock_date":null,"out_stock_threshold":null,"inheritable":false,"inbound_stock":0,"stock_on_hold":0,"sold_today":0,"sales_last_days":0,"reserved_stock":0,"customer_returns":0,"warehouse_damage":0,"lost_in_post":0,"other_logs":0,"out_stock_days":0,"lost_sales":0,"has_location":false,"update_date":"2026-04-22T01:15:47","atum_locations":[],"atum_stock_status":"instock","restock_status":false,"low_stock_amount":"","sales_update_date":"2026-04-22T01:15:47","calc_backorders":null,"_links":{"self":[{"href":"https:\/\/brox.shop\/de\/wp-json\/wp\/v2\/product\/17669","targetHints":{"allow":["GET"]}}],"collection":[{"href":"https:\/\/brox.shop\/de\/wp-json\/wp\/v2\/product"}],"about":[{"href":"https:\/\/brox.shop\/de\/wp-json\/wp\/v2\/types\/product"}],"replies":[{"embeddable":true,"href":"https:\/\/brox.shop\/de\/wp-json\/wp\/v2\/comments?post=17669"}],"wp:featuredmedia":[{"embeddable":true,"href":"https:\/\/brox.shop\/de\/wp-json\/wp\/v2\/media\/17671"}],"wp:attachment":[{"href":"https:\/\/brox.shop\/de\/wp-json\/wp\/v2\/media?parent=17669"}],"wp:term":[{"taxonomy":"product_brand","embeddable":true,"href":"https:\/\/brox.shop\/de\/wp-json\/wp\/v2\/product_brand?post=17669"},{"taxonomy":"product_cat","embeddable":true,"href":"https:\/\/brox.shop\/de\/wp-json\/wp\/v2\/product_cat?post=17669"},{"taxonomy":"product_tag","embeddable":true,"href":"https:\/\/brox.shop\/de\/wp-json\/wp\/v2\/product_tag?post=17669"}],"curies":[{"name":"wp","href":"https:\/\/api.w.org\/{rel}","templated":true}]}}