{"id":17683,"date":"2025-01-10T10:34:56","date_gmt":"2025-01-10T09:34:56","guid":{"rendered":"https:\/\/brox.shop\/?post_type=product&#038;p=17683"},"modified":"2025-02-12T10:59:47","modified_gmt":"2025-02-12T09:59:47","slug":"casquette-clash","status":"publish","type":"product","link":"https:\/\/brox.shop\/de\/produkt\/casquette-clash\/","title":{"rendered":"Clash-Kappe"},"content":{"rendered":"<h1 style=\"text-align: center;\">Clash-Kappe<\/h1>\n<ul>\n<li>Einheitsgr\u00f6\u00dfe<\/li>\n<li>Einstellbar<\/li>\n<li>Verblasstes Schwarz<\/li>\n<li>Wei\u00dfe Stickerei<\/li>\n<\/ul>\n<div class=\"accordion\">\n\t<div id=\"accordion-3327403929\" class=\"accordion-item\">\n\t\t<a id=\"accordion-3327403929-label\" class=\"accordion-title plain\" href=\"#accordion-item-livraison-et-retours\" aria-expanded=\"false\" aria-controls=\"accordion-3327403929-content\">\n\t\t\t<button class=\"toggle\" aria-label=\"Umschalten\"><i class=\"icon-angle-down\" aria-hidden=\"true\"><\/i><\/button>\n\t\t\t<span>LIEFERUNG UND R\u00dcCKGABE<\/span>\n\t\t<\/a>\n\t\t<div id=\"accordion-3327403929-content\" class=\"accordion-inner\" aria-labelledby=\"accordion-3327403929-label\">\n\t\t\t\n<p><img loading=\"lazy\" decoding=\"async\" class=\"wp-image-17461 aligncenter\" src=\"https:\/\/eudoxie.shop\/wp-content\/uploads\/2023\/04\/reassurance-telephone-600x637.jpg\" alt=\"Reassurance Telephone\" width=\"377\" height=\"400\" \/><\/p>\n<ul>\n<li>M\u00f6glichkeit der R\u00fcckerstattung innerhalb von 14 Tagen nach Erhalt<\/li>\n<li>1 Jahr Garantie<\/li>\n<\/ul>\n\t\t<\/div>\n\t<\/div>\n\t\n\t<div id=\"accordion-376665152\" class=\"accordion-item\">\n\t\t<a id=\"accordion-376665152-label\" class=\"accordion-title plain\" href=\"#accordion-item-description\" aria-expanded=\"false\" aria-controls=\"accordion-376665152-content\">\n\t\t\t<button class=\"toggle\" aria-label=\"Umschalten\"><i class=\"icon-angle-down\" aria-hidden=\"true\"><\/i><\/button>\n\t\t\t<span>BESCHREIBUNG<\/span>\n\t\t<\/a>\n\t\t<div id=\"accordion-376665152-content\" class=\"accordion-inner\" aria-labelledby=\"accordion-376665152-label\">\n\t\t\t\n<div class=\"flex max-w-full flex-col flex-grow\">\n<div class=\"min-h-8 text-message flex w-full flex-col items-end gap-2 whitespace-normal break-words text-start &#091;.text-message+&amp;&#093;:mt-5\" dir=\"auto\" data-message-author-role=\"assistant\" data-message-id=\"d4487e26-a161-435b-acfb-8590040c98e2\" data-message-model-slug=\"gpt-4o\">\n<div class=\"flex w-full flex-col gap-1 empty:hidden first:pt-&#091;3px&#093;\">\n<div class=\"markdown prose w-full break-words dark:prose-invert light\">\n<p><strong>Clash Brox Cap: Roher urbaner Stil<\/strong><\/p>\n<p>Verleihen Sie Ihrem Look einen authentischen Look mit dem <strong>Clash Brox-Kappe<\/strong>, ein Accessoire f\u00fcr alle, die Stil und Schlichtheit verbinden.<\/p>\n<ul>\n<li><strong>Zeitloses Design<\/strong> :<br \/>\nDiese schwarze Kappe mit Wascheffekt bietet einen einzigartigen und trendigen Look. Die wei\u00dfe \u201eBROX\u201c-Stickerei auf der Vorderseite verleiht einen subtilen, aber selbstbewussten Touch, ideal f\u00fcr einen l\u00e4ssigen, urbanen Stil.<\/li>\n<li><strong>Komfort \u00fcber alles<\/strong> :<br \/>\nMit einer weichen Vorderseite und einer einzigartigen Gr\u00f6\u00dfenverstellung dank des Verschlusses auf der R\u00fcckseite garantiert die Clash-Kappe perfekten Komfort und passt sich jeder K\u00f6rperform an.<\/li>\n<li><strong>Absolute Vielseitigkeit<\/strong> :<br \/>\nEgal, ob Sie damit ein l\u00e4ssiges Outfit vervollst\u00e4ndigen oder Ihrem Alltagslook ein Statement verleihen m\u00f6chten, die Clash Brox-Kappe ist ein unverzichtbares Accessoire f\u00fcr Ihre Garderobe.<\/li>\n<\/ul>\n<p>Verleihen Sie Ihrem Stil mit dieser kultigen Kappe von Brox eine Portion Charakter und Authentizit\u00e4t. <strong>Machen Sie Clash zu Ihrem Verb\u00fcndeten f\u00fcr einen schlichten und auff\u00e4lligen Look.<\/strong><\/p>\n<\/div>\n<\/div>\n<\/div>\n<\/div>\n<div class=\"mb-2 flex gap-3 empty:hidden -ml-2\">\n<div class=\"items-center justify-start rounded-xl p-1 flex\">\n<div class=\"flex items-center\"><button class=\"rounded-lg text-token-text-secondary hover:bg-token-main-surface-secondary\" aria-label=\"Vorlesen\" data-testid=\"voice-play-turn-action-button\"><\/button><button class=\"rounded-lg text-token-text-secondary hover:bg-token-main-surface-secondary\" aria-label=\"Kopie\" data-testid=\"copy-turn-action-button\"><\/button><\/p>\n<div class=\"flex\"><\/div>\n<div class=\"flex items-center pb-0\"><\/div>\n<\/div>\n<\/div>\n<\/div>\n<h2><span style=\"color: #555555; font-size: 14.4px;\">\t\t<\/div>\n\t<\/div>\n\t<\/span><\/h2>\n<\/div>\n<p>&nbsp;<\/p>\n<p>Sie z\u00f6gern bei einem unserer St\u00fccke? Wir bieten Ihnen auch unsere anderen bew\u00e4hrten Jacken an,<a href=\"https:\/\/brox.shop\/de\/produkt-kategorie\/equipements-moto\/\"> HIER<\/a><\/p>\n<p>Ansonsten finden Sie alle unsere Abenteuer auf unserer <a href=\"https:\/\/www.instagram.com\/brox_motorcycle_label\/\" target=\"_blank\" rel=\"noopener\">Instagram <\/a>!<\/p>","protected":false},"excerpt":{"rendered":"<ul>\n<li style=\"text-align: left;\">Einheitsgr\u00f6\u00dfe<\/li>\n<li style=\"text-align: left;\">Einstellbar<\/li>\n<li style=\"text-align: left;\">Verblasstes Schwarz<\/li>\n<li style=\"text-align: left;\">Wei\u00dfe Stickerei<\/li>\n<\/ul>","protected":false},"featured_media":17684,"comment_status":"closed","ping_status":"closed","template":"","meta":{"inline_featured_image":false},"product_brand":[],"product_cat":[408,409],"product_tag":[],"class_list":{"0":"post-17683","1":"product","2":"type-product","3":"status-publish","4":"has-post-thumbnail","6":"product_cat-casquettes","7":"product_cat-vetements-brox","9":"first","10":"instock","11":"sold-individually","12":"taxable","13":"shipping-taxable","14":"purchasable","15":"product-type-simple"},"supplier_id":null,"supplier_sku":"","barcode":null,"atum_controlled":true,"out_stock_date":null,"out_stock_threshold":null,"inheritable":false,"inbound_stock":null,"stock_on_hold":null,"sold_today":null,"sales_last_days":null,"reserved_stock":null,"customer_returns":null,"warehouse_damage":null,"lost_in_post":null,"other_logs":null,"out_stock_days":null,"lost_sales":null,"has_location":null,"update_date":null,"atum_locations":[],"atum_stock_status":"instock","restock_status":false,"low_stock_amount":"","sales_update_date":null,"calc_backorders":null,"_links":{"self":[{"href":"https:\/\/brox.shop\/de\/wp-json\/wp\/v2\/product\/17683","targetHints":{"allow":["GET"]}}],"collection":[{"href":"https:\/\/brox.shop\/de\/wp-json\/wp\/v2\/product"}],"about":[{"href":"https:\/\/brox.shop\/de\/wp-json\/wp\/v2\/types\/product"}],"replies":[{"embeddable":true,"href":"https:\/\/brox.shop\/de\/wp-json\/wp\/v2\/comments?post=17683"}],"wp:featuredmedia":[{"embeddable":true,"href":"https:\/\/brox.shop\/de\/wp-json\/wp\/v2\/media\/17684"}],"wp:attachment":[{"href":"https:\/\/brox.shop\/de\/wp-json\/wp\/v2\/media?parent=17683"}],"wp:term":[{"taxonomy":"product_brand","embeddable":true,"href":"https:\/\/brox.shop\/de\/wp-json\/wp\/v2\/product_brand?post=17683"},{"taxonomy":"product_cat","embeddable":true,"href":"https:\/\/brox.shop\/de\/wp-json\/wp\/v2\/product_cat?post=17683"},{"taxonomy":"product_tag","embeddable":true,"href":"https:\/\/brox.shop\/de\/wp-json\/wp\/v2\/product_tag?post=17683"}],"curies":[{"name":"wp","href":"https:\/\/api.w.org\/{rel}","templated":true}]}}