{"id":17695,"date":"2025-01-10T15:44:12","date_gmt":"2025-01-10T14:44:12","guid":{"rendered":"https:\/\/brox.shop\/?post_type=product&#038;p=17695"},"modified":"2025-05-28T10:28:37","modified_gmt":"2025-05-28T08:28:37","slug":"pack-de-pins-bonfire","status":"publish","type":"product","link":"https:\/\/brox.shop\/de\/produkt\/pack-de-pins-bonfire\/","title":{"rendered":"Lagerfeuer-Ansteckerpaket"},"content":{"rendered":"<div class=\"flex max-w-full flex-col flex-grow\">\n<div class=\"min-h-8 text-message flex w-full flex-col items-end gap-2 whitespace-normal break-words text-start [.text-message+&amp;]:mt-5\" dir=\"auto\" data-message-author-role=\"assistant\" data-message-id=\"dbd7d8ae-d0df-4f61-ad2f-c23878f40fbf\" data-message-model-slug=\"gpt-4o\">\n<div class=\"flex w-full flex-col gap-1 empty:hidden first:pt-[3px]\">\n<div class=\"markdown prose w-full break-words dark:prose-invert light\">\n<h3><strong>Pack de Pin\u2019s Brox &#8211; Bonfire<\/strong><\/h3>\n<p>Ajoute une touche d\u2019aventure et de nostalgie \u00e0 ton style avec le pack de pin\u2019s Brox Bonfire. Con\u00e7u pour les esprits libres et audacieux, ce trio de pin\u2019s en \u00e9mail noir, blanc et dor\u00e9 capture l\u2019essence d\u2019un esprit vintage et rebelle. Fabriqu\u00e9s en Espagne, ces pin\u2019s sont parfaits pour personnaliser ton blouson moto, ta casquette, ton sac ou ta veste. Que tu sois sur la route ou autour d\u2019un feu de camp, ces accessoires uniques refl\u00e8tent ton attachement \u00e0 la libert\u00e9 et \u00e0 la camaraderie.<\/p>\n<h4><strong>D\u00e9tails du Pack de Pin\u2019s Brox &#8211; Bonfire<\/strong><\/h4>\n<p>\ud83c\udfb5 <strong>Pin\u2019s #1 : Cassette \u00ab\u00a0Brox Tracks\u00a0\u00bb<\/strong><br \/>\nUne cassette noire orn\u00e9e de deux \u00e9clairs jaunes et de l\u2019inscription <em>Brox Tracks<\/em>. Un clin d\u2019\u0153il au bon vieux temps, pour ceux qui roulent au rythme de leur propre playlist et vivent au son de l\u2019aventure.<\/p>\n<p>\ud83d\udd25 <strong>Pin\u2019s #2 : Briquet \u00ab\u00a0Spark Rider\u00a0\u00bb<\/strong><br \/>\nUn briquet vintage \u00e0 clapet, noir avec un \u00e9clair dor\u00e9. La flamme, o\u00f9 est inscrit <em>Brox<\/em>, symbolise l\u2019\u00e9tincelle et la passion qui animent chaque rider et aventurier.<\/p>\n<p>\ud83d\udc62 <strong>Pin\u2019s #3 : Botte \u00ab\u00a0Trailblazer\u00a0\u00bb<\/strong><br \/>\nUne botte de cowboy noire d\u00e9cor\u00e9e d\u2019un \u00e9clair et de l\u2019inscription <em>Brox<\/em>. Parfaite pour incarner l\u2019esprit pionnier de ceux qui tracent leur propre chemin et explorent l\u2019inconnu.<\/p>\n<p>Ces pin\u2019s Brox sont r\u00e9alis\u00e9s en \u00e9mail de haute qualit\u00e9 avec des finitions dor\u00e9es \u00e9l\u00e9gantes, id\u00e9ales pour un style \u00e0 la fois audacieux et raffin\u00e9. Affiche ton esprit vintage et ton amour pour la libert\u00e9 avec ce pack de pin\u2019s Brox Bonfire, l\u2019accessoire incontournable des esprits rebelles\u202f!<\/p>\n<p>Rejoins la communaut\u00e9 Brox et fais briller ton style autour du feu de camp ou sur la route\u202f!<\/p>\n<\/div>\n<\/div>\n<\/div>\n<\/div>\n<div class=\"mb-2 flex gap-3 empty:hidden -ml-2\">\n<div class=\"items-center justify-start rounded-xl p-1 flex\">\n<div class=\"flex items-center\"><button class=\"rounded-lg text-token-text-secondary hover:bg-token-main-surface-secondary\" aria-label=\"Read aloud\" data-testid=\"voice-play-turn-action-button\"><\/button><button class=\"rounded-lg text-token-text-secondary hover:bg-token-main-surface-secondary\" aria-label=\"Copier\" data-testid=\"copy-turn-action-button\"><\/button><\/p>\n<div class=\"flex\"><\/div>\n<div class=\"flex items-center pb-0\"><\/div>\n<\/div>\n<\/div>\n<\/div>\n","protected":false},"excerpt":{"rendered":"<div class=\"flex max-w-full flex-col flex-grow\">\n<div class=\"min-h-8 text-message flex w-full flex-col items-end gap-2 whitespace-normal break-words text-start [.text-message+&amp;]:mt-5\" dir=\"auto\" data-message-author-role=\"assistant\" data-message-id=\"64667cec-9351-4e3b-b4c9-d1ea183c6bc4\" data-message-model-slug=\"gpt-4o\">\n<div class=\"flex w-full flex-col gap-1 empty:hidden first:pt-[3px]\">\n<div class=\"markdown prose w-full break-words dark:prose-invert light\">\n<ul>\n<li style=\"text-align: left;\">Pack de 3 pin\u2019s Bonfire<\/li>\n<li style=\"text-align: left;\">En \u00e9mail fabriqu\u00e9s en Espagne<\/li>\n<li style=\"text-align: left;\">Cassette Brox Tracks, briquet Spark Rider, botte Trailblazer<\/li>\n<li style=\"text-align: left;\">Parfaits pour customiser veste, casquette, sac ou blouson moto<\/li>\n<li style=\"text-align: left;\">Existe aussi : Pack Rider<\/li>\n<\/ul>\n<\/div>\n<\/div>\n<\/div>\n<\/div>\n<div class=\"mb-2 flex gap-3 empty:hidden -ml-2\">\n<div class=\"items-center justify-start rounded-xl p-1 flex\"><\/div>\n<\/div>\n","protected":false},"featured_media":17693,"comment_status":"open","ping_status":"closed","template":"","meta":{"inline_featured_image":false},"product_brand":[],"product_cat":[418],"product_tag":[],"class_list":{"0":"post-17695","1":"product","2":"type-product","3":"status-publish","4":"has-post-thumbnail","6":"product_cat-accessoires-moto","8":"first","9":"instock","10":"taxable","11":"shipping-taxable","12":"purchasable","13":"product-type-simple"},"supplier_id":null,"supplier_sku":"","barcode":null,"atum_controlled":true,"out_stock_date":null,"out_stock_threshold":null,"inheritable":false,"inbound_stock":0,"stock_on_hold":0,"sold_today":0,"sales_last_days":0,"reserved_stock":0,"customer_returns":0,"warehouse_damage":0,"lost_in_post":0,"other_logs":0,"out_stock_days":0,"lost_sales":0,"has_location":false,"update_date":"2026-04-22T01:15:47","atum_locations":[],"atum_stock_status":"instock","restock_status":false,"low_stock_amount":"","sales_update_date":"2026-04-22T01:15:47","calc_backorders":null,"_links":{"self":[{"href":"https:\/\/brox.shop\/de\/wp-json\/wp\/v2\/product\/17695","targetHints":{"allow":["GET"]}}],"collection":[{"href":"https:\/\/brox.shop\/de\/wp-json\/wp\/v2\/product"}],"about":[{"href":"https:\/\/brox.shop\/de\/wp-json\/wp\/v2\/types\/product"}],"replies":[{"embeddable":true,"href":"https:\/\/brox.shop\/de\/wp-json\/wp\/v2\/comments?post=17695"}],"wp:featuredmedia":[{"embeddable":true,"href":"https:\/\/brox.shop\/de\/wp-json\/wp\/v2\/media\/17693"}],"wp:attachment":[{"href":"https:\/\/brox.shop\/de\/wp-json\/wp\/v2\/media?parent=17695"}],"wp:term":[{"taxonomy":"product_brand","embeddable":true,"href":"https:\/\/brox.shop\/de\/wp-json\/wp\/v2\/product_brand?post=17695"},{"taxonomy":"product_cat","embeddable":true,"href":"https:\/\/brox.shop\/de\/wp-json\/wp\/v2\/product_cat?post=17695"},{"taxonomy":"product_tag","embeddable":true,"href":"https:\/\/brox.shop\/de\/wp-json\/wp\/v2\/product_tag?post=17695"}],"curies":[{"name":"wp","href":"https:\/\/api.w.org\/{rel}","templated":true}]}}