{"id":17696,"date":"2025-01-29T12:08:27","date_gmt":"2025-01-29T11:08:27","guid":{"rendered":"https:\/\/brox.shop\/?post_type=product&#038;p=17696"},"modified":"2025-11-28T16:11:25","modified_gmt":"2025-11-28T15:11:25","slug":"tour-de-cou-moto-tech","status":"publish","type":"product","link":"https:\/\/brox.shop\/de\/produkt\/tour-de-cou-moto-tech\/","title":{"rendered":"Motorrad Nackenw\u00e4rmer \u2013 Tech"},"content":{"rendered":"<p><strong>Tech Motorcycle Neck Warmer: Auff\u00e4lliger Stil und kompromissloser Schutz<\/strong><\/p>\n<p>DER <strong>Tech Motorrad Nackenw\u00e4rmer<\/strong> von Brox ist viel mehr als nur ein Accessoire: Es ist die perfekte Allianz zwischen <strong>knallhartes Vintage-Design<\/strong> und Funktionalit\u00e4t. Ideal f\u00fcr Biker und Wintersportler, besticht dieser schwarze Halsw\u00e4rmer durch seine <strong>einzigartiges Design<\/strong>, unterbrochen von <strong>blassgelbe und blaugr\u00fcne B\u00e4nder<\/strong> die einen Hauch von Modernit\u00e4t bringen.<\/p>\n<p>Sein gr\u00f6\u00dfter Vorteil? A <strong>goldene Schachbrettlinie<\/strong> das den oberen Teil bedeckt und einen eleganten Kontrast zum schwarzen Hintergrund bildet. Dieses subtile und doch auff\u00e4llige Detail unterstreicht den Stil und verleiht zugleich eine starke Pers\u00f6nlichkeit. Das Halsband reicht bis zum Halsansatz und ist mit einem <strong>Gesticktes Brox-Label<\/strong>, eine Garantie f\u00fcr Qualit\u00e4t und Authentizit\u00e4t.<\/p>\n<h3>Warum w\u00e4hlen Sie die <strong>Tech Motorrad Nackenw\u00e4rmer<\/strong> von Brox?<\/h3>\n<ul>\n<li><strong>Einzigartiger und durchsetzungsstarker Stil<\/strong> : ein schwarzes Design, aufgewertet durch Retro-Details, farbige B\u00e4nder und einen Hauch von Gold.<\/li>\n<li><strong>Komfort und Schutz<\/strong> : ein atmungsaktives und leichtes Gewebe, das Ihr Gesicht und Ihren Hals warm h\u00e4lt, ohne Ihre Bewegungen einzuschr\u00e4nken.<\/li>\n<li><strong>Vielseitigkeit in jedem Gel\u00e4nde<\/strong> : perfekt zum Motorradfahren, Wintersport oder jede andere Winteraktivit\u00e4t im Freien.<\/li>\n<\/ul>\n<p>Das <strong>Motorrad-Halsw\u00e4rmer f\u00fcr M\u00e4nner<\/strong> ist so konzipiert, dass es den h\u00e4rtesten Temperaturen standh\u00e4lt und gleichzeitig stilvoll bleibt. Mit seinen kr\u00e4ftigen Mustern und dem ergonomischen Design wird es schnell zum unverzichtbaren Accessoire f\u00fcr Ihre Winterausr\u00fcstung.<\/p>\n<h3>Effektiver Schutz mit gepflegter Optik<\/h3>\n<p>Hergestellt in <strong>Hochwertiger technischer Stoff<\/strong>, DER <strong>Tech Motorrad Nackenw\u00e4rmer<\/strong> sch\u00fctzt Sie effektiv vor K\u00e4lte, Wind und Witterung. Sein leichtes Design erm\u00f6glicht gro\u00dfe Bewegungsfreiheit, ideal f\u00fcr anspruchsvolle Biker und Abenteurer.<\/p>\n<p>Ob auf kurvigen Stra\u00dfen oder in den Bergen bei K\u00e4lte, die <strong>Tech Nackenw\u00e4rmer<\/strong> erweist sich als perfekter Verb\u00fcndeter, sowohl funktional als auch \u00e4sthetisch.<\/p>\n<h3>Technische Eigenschaften<\/h3>\n<ul>\n<li><strong>Hauptfarbe<\/strong> : schwarz, mit hellgelben und blaugr\u00fcnen B\u00e4ndern.<\/li>\n<li><strong>Einzigartige Details<\/strong> : goldene Schachbrettlinie auf der Oberseite und gesticktes Brox-Etikett.<\/li>\n<li><strong>Gegenstand<\/strong> : atmungsaktives, leichtes und warmes technisches Gewebe.<\/li>\n<li><strong>Einheitsgr\u00f6\u00dfe<\/strong> : passt sich jedem K\u00f6rpertyp an.<\/li>\n<li><strong>Anwendung<\/strong> : Motorradfahren, Wintersport, Wandern und Outdoor-Aktivit\u00e4ten.<\/li>\n<\/ul>\n<h3>Lieferung und Retouren<\/h3>\n<ul>\n<li><strong>Schnelle Lieferung<\/strong> \u00fcberall in Frankreich.<\/li>\n<li><strong>R\u00fcckgabe oder R\u00fcckerstattung innerhalb von 14 Tagen<\/strong> nach Erhalt.<\/li>\n<\/ul>\n<hr \/>\n<p><strong>Mit dem Tech by Motorrad Nackenw\u00e4rmer <a href=\"https:\/\/brox.shop\/de\/\">Brox<\/a><\/strong>, begeben Sie sich mit Stil auf ein Abenteuer, ohne jemals auf Komfort oder Schutz verzichten zu m\u00fcssen. Jetzt bestellen und Stil auf der Stra\u00dfe zeigen! Bei Fragen kontaktieren Sie uns: rider@brox.fr und folgen Sie uns auf Instagram: <a href=\"https:\/\/www.instagram.com\/brox_motorcycle_label\/?hl=fr\" target=\"_blank\" rel=\"noopener\">@brox_motorcycle_gear<\/a><\/p>","protected":false},"excerpt":{"rendered":"<ul>\n<li style=\"text-align: left\">Brox Motorrad-Halsw\u00e4rmer \u2013 Tech<\/li>\n<li style=\"text-align: left\">Entworfen in Frankreich<\/li>\n<li style=\"text-align: left\">Flie\u00dfendes, atmungsaktives Material<\/li>\n<\/ul>","protected":false},"featured_media":17700,"comment_status":"open","ping_status":"closed","template":"","meta":{"inline_featured_image":false},"product_brand":[],"product_cat":[404,419],"product_tag":[],"class_list":{"0":"post-17696","1":"product","2":"type-product","3":"status-publish","4":"has-post-thumbnail","6":"product_cat-equipements-moto","7":"product_cat-protection-legeres","9":"first","10":"instock","11":"taxable","12":"shipping-taxable","13":"purchasable","14":"product-type-simple"},"supplier_id":null,"supplier_sku":"","barcode":null,"atum_controlled":true,"out_stock_date":null,"out_stock_threshold":null,"inheritable":false,"inbound_stock":0,"stock_on_hold":0,"sold_today":0,"sales_last_days":0,"reserved_stock":0,"customer_returns":0,"warehouse_damage":0,"lost_in_post":0,"other_logs":0,"out_stock_days":0,"lost_sales":0,"has_location":false,"update_date":"2026-04-22T01:15:47","atum_locations":[],"atum_stock_status":"instock","restock_status":false,"low_stock_amount":"","sales_update_date":"2026-04-22T01:15:47","calc_backorders":null,"_links":{"self":[{"href":"https:\/\/brox.shop\/de\/wp-json\/wp\/v2\/product\/17696","targetHints":{"allow":["GET"]}}],"collection":[{"href":"https:\/\/brox.shop\/de\/wp-json\/wp\/v2\/product"}],"about":[{"href":"https:\/\/brox.shop\/de\/wp-json\/wp\/v2\/types\/product"}],"replies":[{"embeddable":true,"href":"https:\/\/brox.shop\/de\/wp-json\/wp\/v2\/comments?post=17696"}],"wp:featuredmedia":[{"embeddable":true,"href":"https:\/\/brox.shop\/de\/wp-json\/wp\/v2\/media\/17700"}],"wp:attachment":[{"href":"https:\/\/brox.shop\/de\/wp-json\/wp\/v2\/media?parent=17696"}],"wp:term":[{"taxonomy":"product_brand","embeddable":true,"href":"https:\/\/brox.shop\/de\/wp-json\/wp\/v2\/product_brand?post=17696"},{"taxonomy":"product_cat","embeddable":true,"href":"https:\/\/brox.shop\/de\/wp-json\/wp\/v2\/product_cat?post=17696"},{"taxonomy":"product_tag","embeddable":true,"href":"https:\/\/brox.shop\/de\/wp-json\/wp\/v2\/product_tag?post=17696"}],"curies":[{"name":"wp","href":"https:\/\/api.w.org\/{rel}","templated":true}]}}