{"id":17701,"date":"2025-01-29T12:09:11","date_gmt":"2025-01-29T11:09:11","guid":{"rendered":"https:\/\/brox.shop\/?post_type=product&#038;p=17701"},"modified":"2025-11-18T15:53:45","modified_gmt":"2025-11-18T14:53:45","slug":"tour-de-cou-moto-twirl","status":"publish","type":"product","link":"https:\/\/brox.shop\/de\/produkt\/tour-de-cou-moto-twirl\/","title":{"rendered":"Motorrad Nackenw\u00e4rmer \u2013 Twirl"},"content":{"rendered":"<div class=\"flex max-w-full flex-col flex-grow\">\n<div class=\"min-h-8 text-message flex w-full flex-col items-end gap-2 whitespace-normal break-words text-start [.text-message+&amp;]:mt-5\" dir=\"auto\" data-message-author-role=\"assistant\" data-message-id=\"d0f9482e-17d8-4c21-9f7d-82a02e3415e5\" data-message-model-slug=\"gpt-4o-mini\">\n<div class=\"flex w-full flex-col gap-1 empty:hidden first:pt-[3px]\">\n<div class=\"markdown prose w-full break-words dark:prose-invert light\">\n<p><strong>Tour de cou moto Twirl : l\u2019accessoire styl\u00e9 pour un look psych\u00e9d\u00e9lique et une protection ultime<\/strong><\/p>\n<p>Le <strong>tour de cou moto Twirl<\/strong> by Brox n\u2019est pas qu\u2019un simple accessoire. Inspir\u00e9 par le design <strong>psych\u00e9d\u00e9lique<\/strong> aux couleurs pop et audacieuses, ce tour de cou brise les codes avec son m\u00e9lange explosif de <strong>blanc, bleu-vert, rouge clair, noir, or<\/strong> et <strong>jaune p\u00e2le<\/strong>. Ce design unique donne un coup de frais \u00e0 l&rsquo;univers des accessoires moto tout en affirmant une forte personnalit\u00e9.<\/p>\n<p>La <strong>signature Brox<\/strong> se distingue avec des <strong>\u00e9clairs cach\u00e9s<\/strong> dans le design, subtilement int\u00e9gr\u00e9s, pour marquer votre appartenance \u00e0 la Team Brox. Le tour de cou est termin\u00e9 par une <strong>petite \u00e9tiquette brod\u00e9e<\/strong> en bas du cou, un d\u00e9tail de qualit\u00e9 qui atteste de l\u2019authenticit\u00e9 de votre \u00e9quipement.<\/p>\n<h3>Pourquoi choisir le <strong>tour de cou moto Twirl<\/strong> de Brox ?<\/h3>\n<ul>\n<li><strong>Design psych\u00e9d\u00e9lique unique<\/strong> : des couleurs pop et un style d\u00e9cal\u00e9 qui ne passent pas inaper\u00e7us.<\/li>\n<li><strong>Confort maximal<\/strong> : fabriqu\u00e9 dans un <strong>tissu technique respirant<\/strong>, ce tour de cou garde votre visage et votre cou au chaud, tout en offrant une grande libert\u00e9 de mouvement.<\/li>\n<li><strong>Polyvalence tout-terrain<\/strong> : parfait pour les motards, les amateurs de sports d\u2019hiver ou toute activit\u00e9 ext\u00e9rieure n\u00e9cessitant confort et protection.<\/li>\n<\/ul>\n<p>Avec son look audacieux et son design ergonomique, le <strong>tour de cou moto Twirl<\/strong> est l\u2019accessoire incontournable de votre \u00e9quipement moto ou hiver. Il prot\u00e8ge efficacement contre le froid et le vent, tout en vous permettant de rouler avec style.<\/p>\n<h3>Protection et style en une seule pi\u00e8ce<\/h3>\n<p>Ce <strong>tour de cou moto<\/strong> vous garantit une protection efficace gr\u00e2ce \u00e0 son tissu <strong>technique de haute qualit\u00e9<\/strong>, tout en restant l\u00e9ger et respirant. Que vous soyez sur la route, \u00e0 ski ou en randonn\u00e9e, il vous offrira chaleur et confort sans sacrifier votre style.<\/p>\n<h3>Caract\u00e9ristiques techniques<\/h3>\n<ul>\n<li><strong>Couleur principale<\/strong> : blanc, bleu-vert, rouge clair, noir, or, jaune p\u00e2le.<\/li>\n<li><strong>D\u00e9tails uniques<\/strong> : \u00e9clairs Brox cach\u00e9s dans le design et \u00e9tiquette brod\u00e9e Brox.<\/li>\n<li><strong>Mati\u00e8re<\/strong> : tissu technique respirant et l\u00e9ger.<\/li>\n<li><strong>Taille unique<\/strong> : convient \u00e0 toutes les morphologies.<\/li>\n<li><strong>Utilisations<\/strong> : moto, sports d\u2019hiver, randonn\u00e9e, et activit\u00e9s ext\u00e9rieures.<\/li>\n<\/ul>\n<h3>Livraison et retours<\/h3>\n<ul>\n<li><strong>Livraison rapide<\/strong> partout en France.<\/li>\n<li><strong>Retour ou remboursement sous 14 jours<\/strong> apr\u00e8s r\u00e9ception.<\/li>\n<\/ul>\n<hr \/>\n<p><strong>Le tour de cou moto Twirl<\/strong> by <a href=\"https:\/\/brox.shop\/\">Brox<\/a> n\u2019est pas seulement un accessoire. Alliez <strong>protection<\/strong> et <strong>style psych\u00e9d\u00e9lique<\/strong> sur la route ou sur les pistes. Pr\u00eat \u00e0 briser les codes et \u00e0 imposer votre style ? Commandez d\u00e8s maintenant !<\/p>\n<p>Pour toute question, contactez-nous \u00e0 : <strong><a rel=\"noopener\">rider@brox.fr<\/a><\/strong>. Suivez-nous sur Instagram : <a href=\"https:\/\/www.instagram.com\/brox_motorcycle_label\/?hl=fr\" target=\"_blank\" rel=\"noopener\"><strong>@brox_motorcycle_gear<\/strong><\/a> pour plus d&rsquo;inspiration et des nouveaut\u00e9s.<\/p>\n<\/div>\n<\/div>\n<\/div>\n<\/div>\n","protected":false},"excerpt":{"rendered":"<ul>\n<li style=\"text-align: left\">Brox Motorrad-Halsw\u00e4rmer \u2013 Twirl<\/li>\n<li style=\"text-align: left\">Entworfen in Frankreich<\/li>\n<li style=\"text-align: left\">Flie\u00dfendes, atmungsaktives Material<\/li>\n<\/ul>","protected":false},"featured_media":17702,"comment_status":"open","ping_status":"closed","template":"","meta":{"inline_featured_image":false},"product_brand":[],"product_cat":[404,419],"product_tag":[],"class_list":{"0":"post-17701","1":"product","2":"type-product","3":"status-publish","4":"has-post-thumbnail","6":"product_cat-equipements-moto","7":"product_cat-protection-legeres","9":"first","10":"instock","11":"taxable","12":"shipping-taxable","13":"purchasable","14":"product-type-simple"},"supplier_id":null,"supplier_sku":"","barcode":null,"atum_controlled":true,"out_stock_date":null,"out_stock_threshold":null,"inheritable":false,"inbound_stock":0,"stock_on_hold":0,"sold_today":0,"sales_last_days":0,"reserved_stock":0,"customer_returns":0,"warehouse_damage":0,"lost_in_post":0,"other_logs":0,"out_stock_days":0,"lost_sales":0,"has_location":false,"update_date":"2026-04-22T01:15:47","atum_locations":[],"atum_stock_status":"instock","restock_status":false,"low_stock_amount":"","sales_update_date":"2026-04-22T01:15:47","calc_backorders":null,"_links":{"self":[{"href":"https:\/\/brox.shop\/de\/wp-json\/wp\/v2\/product\/17701","targetHints":{"allow":["GET"]}}],"collection":[{"href":"https:\/\/brox.shop\/de\/wp-json\/wp\/v2\/product"}],"about":[{"href":"https:\/\/brox.shop\/de\/wp-json\/wp\/v2\/types\/product"}],"replies":[{"embeddable":true,"href":"https:\/\/brox.shop\/de\/wp-json\/wp\/v2\/comments?post=17701"}],"wp:featuredmedia":[{"embeddable":true,"href":"https:\/\/brox.shop\/de\/wp-json\/wp\/v2\/media\/17702"}],"wp:attachment":[{"href":"https:\/\/brox.shop\/de\/wp-json\/wp\/v2\/media?parent=17701"}],"wp:term":[{"taxonomy":"product_brand","embeddable":true,"href":"https:\/\/brox.shop\/de\/wp-json\/wp\/v2\/product_brand?post=17701"},{"taxonomy":"product_cat","embeddable":true,"href":"https:\/\/brox.shop\/de\/wp-json\/wp\/v2\/product_cat?post=17701"},{"taxonomy":"product_tag","embeddable":true,"href":"https:\/\/brox.shop\/de\/wp-json\/wp\/v2\/product_tag?post=17701"}],"curies":[{"name":"wp","href":"https:\/\/api.w.org\/{rel}","templated":true}]}}