{"id":3483,"date":"2019-02-12T05:15:44","date_gmt":"2019-02-12T04:15:44","guid":{"rendered":"http:\/\/eudoxie.2gci.fr\/?page_id=3483"},"modified":"2023-10-24T12:35:16","modified_gmt":"2023-10-24T10:35:16","slug":"contacter-brox","status":"publish","type":"page","link":"https:\/\/brox.shop\/en\/contacter-brox\/","title":{"rendered":"Contact Brox"},"content":{"rendered":"\n\t<section class=\"section\" id=\"section_286916117\">\n\t\t<div class=\"section-bg fill\" >\n\t\t\t\t\t\t\t\t\t\n\t\t\t\n\n\t\t<\/div>\n\n\t\t\n\n\t\t<div class=\"section-content relative\">\n\t\t\t\n<div class=\"row\"  id=\"row-1153042840\">\n\n\t<div id=\"col-875165103\" class=\"col medium-6 small-12 large-6\"  >\n\t\t\t\t<div class=\"col-inner text-center\"  >\n\t\t\t\n\t\t\t\n\t<div class=\"img has-hover x md-x lg-x y md-y lg-y\" id=\"image_1426489680\">\n\t\t\t\t\t\t\t\t<div class=\"img-inner dark\" >\n\t\t\t\t\t\t\t\t\t\n\t\t\t\t\t<\/div>\n\t\t\t\t\t\t\t\t\n<style>\n#image_1426489680 {\n  width: 100%;\n}\n<\/style>\n\t<\/div>\n\t\n\t<div class=\"img has-hover x md-x lg-x y md-y lg-y\" id=\"image_1467765742\">\n\t\t\t\t\t\t\t\t<div class=\"img-inner dark\" >\n\t\t\t<img loading=\"lazy\" decoding=\"async\" width=\"757\" height=\"757\" src=\"https:\/\/brox.shop\/wp-content\/uploads\/2023\/10\/Contact-Brox.jpg\" class=\"attachment-large size-large\" alt=\"Contact Brox\" srcset=\"https:\/\/brox.shop\/wp-content\/uploads\/2023\/10\/Contact-Brox.jpg 757w, https:\/\/brox.shop\/wp-content\/uploads\/2023\/10\/Contact-Brox-600x600.jpg 600w, https:\/\/brox.shop\/wp-content\/uploads\/2023\/10\/Contact-Brox-350x350.jpg 350w, https:\/\/brox.shop\/wp-content\/uploads\/2023\/10\/Contact-Brox-100x100.jpg 100w, https:\/\/brox.shop\/wp-content\/uploads\/2023\/10\/Contact-Brox-50x50.jpg 50w\" sizes=\"auto, (max-width: 757px) 100vw, 757px\" \/>\t\t\t\t\t\t\n\t\t\t\t\t<\/div>\n\t\t\t\t\t\t\t\t\n<style>\n#image_1467765742 {\n  width: 100%;\n}\n<\/style>\n\t<\/div>\n\t\n\t\t<\/div>\n\t\t\t\t\t<\/div>\n\n\t\n\n\t<div id=\"col-1037397047\" class=\"col medium-6 small-12 large-6\"  >\n\t\t\t\t<div class=\"col-inner\"  >\n\t\t\t\n\t\t\t\n<p>&nbsp;<\/p>\n<h1><span style=\"font-size: 150%;\">CONTACTE NOUS ! <\/span><\/h1>\n<p>Tu souhaites contacter Brox ? Nous r\u00e9pondrons \u00e0 tes questions concernant les ventes en ligne. Et si tu as des id\u00e9es ou des propositions nous sommes aussi \u00e0 ton \u00e9coute !<\/p>\n<div class=\"is-divider divider clearfix\" ><\/div>\n<h2>Je veux contacter BROX pour :<\/h2>\n<h2>&#8211; Service apr\u00e8s-vente<\/h2>\n<h2>&#8211; Presse &amp; demandes sp\u00e9cifiques<\/h2>\n<h2>&#8211; Devenir revendeur<\/h2>\n<p>Merci de remplir le fichier <a href=\"https:\/\/brox.shop\/wp-content\/uploads\/2022\/02\/Store-Application-form.xlsx\">Store Application form<\/a>\u00a0et de l&rsquo;envoyer \ud83c\udfcd<\/p>\n<h4><span style=\"color: #808080;\">rider [@] brox.shop<\/span><\/h4>\n<div class=\"is-divider divider clearfix\" ><\/div>\n\t\t<\/div>\n\t\t\t\t\t<\/div>\n\n\t\n<\/div>\n\t\t<\/div>\n\n\t\t\n<style>\n#section_286916117 {\n  padding-top: 30px;\n  padding-bottom: 30px;\n}\n<\/style>\n\t<\/section>\n\t\n<div class=\"row\"  id=\"row-993072418\">\n\n\t<div id=\"col-756206384\" class=\"col small-12 large-12\"  >\n\t\t\t\t<div class=\"col-inner text-center\"  >\n\t\t\t\n\t\t\t\n<a href=\"https:\/\/brox.shop\/wp-content\/uploads\/2021\/06\/CP-EUDOXIE-SPLITCHAIN-3.pdf\" target=\"_blank\" class=\"button primary\" rel=\"noopener\" >\n\t\t<span>COMMUNIQUE DE PRESSE<\/span>\n\t<\/a>\n\n\t<div id=\"gap-309380838\" class=\"gap-element clearfix\" style=\"display:block; height:auto;\">\n\t\t\n<style>\n#gap-309380838 {\n  padding-top: 50px;\n}\n<\/style>\n\t<\/div>\n\t\n<h2>O\u00f9 trouver nos produits ?<\/h2>\n<p><span style=\"color: #fafafa;\">[wpsl]<\/span><\/p>\n\t\t<\/div>\n\t\t\t\t\t<\/div>\n\n\t\n<\/div>\n<p>&nbsp;<\/p>\n","protected":false},"excerpt":{"rendered":"<p>&nbsp;<\/p>","protected":false},"author":1,"featured_media":0,"parent":0,"menu_order":0,"comment_status":"closed","ping_status":"closed","template":"","meta":{"inline_featured_image":false,"footnotes":""},"class_list":["post-3483","page","type-page","status-publish","hentry"],"_links":{"self":[{"href":"https:\/\/brox.shop\/en\/wp-json\/wp\/v2\/pages\/3483","targetHints":{"allow":["GET"]}}],"collection":[{"href":"https:\/\/brox.shop\/en\/wp-json\/wp\/v2\/pages"}],"about":[{"href":"https:\/\/brox.shop\/en\/wp-json\/wp\/v2\/types\/page"}],"author":[{"embeddable":true,"href":"https:\/\/brox.shop\/en\/wp-json\/wp\/v2\/users\/1"}],"replies":[{"embeddable":true,"href":"https:\/\/brox.shop\/en\/wp-json\/wp\/v2\/comments?post=3483"}],"version-history":[{"count":4,"href":"https:\/\/brox.shop\/en\/wp-json\/wp\/v2\/pages\/3483\/revisions"}],"predecessor-version":[{"id":17311,"href":"https:\/\/brox.shop\/en\/wp-json\/wp\/v2\/pages\/3483\/revisions\/17311"}],"wp:attachment":[{"href":"https:\/\/brox.shop\/en\/wp-json\/wp\/v2\/media?parent=3483"}],"curies":[{"name":"wp","href":"https:\/\/api.w.org\/{rel}","templated":true}]}}