{"id":17052,"date":"2023-09-21T17:06:12","date_gmt":"2023-09-21T15:06:12","guid":{"rendered":"https:\/\/brox.shop\/?post_type=product&#038;p=17052"},"modified":"2026-01-25T17:12:10","modified_gmt":"2026-01-25T16:12:10","slug":"bonnet-brox","status":"publish","type":"product","link":"https:\/\/brox.shop\/es\/producto\/bonnet-brox\/","title":{"rendered":"Gorro Brox"},"content":{"rendered":"<h1 style=\"text-align: center\">Gorro Brox<\/h1>\n<ul>\n<li>Talla \u00fanica<\/li>\n<li>En blanco y negro<\/li>\n<li>Estilo simple y elegante.<\/li>\n<\/ul>\n<p style=\"text-align: left\">\u00bfNo encuentras tu talla o alg\u00fan producto ya no est\u00e1 disponible? Escr\u00edbenos a rider@brox.shop, \u00a1encontraremos la soluci\u00f3n!<\/p>\n<div class=\"accordion\">\n\t<div id=\"accordion-4102308586\" class=\"accordion-item\">\n\t\t<a id=\"accordion-4102308586-label\" class=\"accordion-title plain\" href=\"#accordion-item-livraison-et-retours\" aria-expanded=\"false\" aria-controls=\"accordion-4102308586-content\">\n\t\t\t<button class=\"toggle\" aria-label=\"Toggle\"><i class=\"icon-angle-down\" aria-hidden=\"true\"><\/i><\/button>\n\t\t\t<span>ENTREGA Y DEVOLUCIONES<\/span>\n\t\t<\/a>\n\t\t<div id=\"accordion-4102308586-content\" class=\"accordion-inner\" aria-labelledby=\"accordion-4102308586-label\">\n\t\t\t\n<p><img loading=\"lazy\" decoding=\"async\" class=\"wp-image-17461 aligncenter\" src=\"https:\/\/eudoxie.shop\/wp-content\/uploads\/2023\/04\/reassurance-telephone-600x637.jpg\" alt=\"Reassurance Telephone\" width=\"377\" height=\"400\" \/><\/p>\n<ul>\n<li>Posibilidad de devoluci\u00f3n en un plazo de 14 d\u00edas desde su recepci\u00f3n.<\/li>\n<li>1 a\u00f1o de garant\u00eda<\/li>\n<\/ul>\n\t\t<\/div>\n\t<\/div>\n\t\n<\/div>\n<h2>Descripci\u00f3n del sombrero Brox<\/h2>\n<div>\u00bfBuscabas un gorro sencillo, un gorro de marca, un gorro estilo moto, pero sobre todo un gorro realmente c\u00e1lido? Brox, lo escuchaste: \u00a1AQU\u00cd EST\u00c1!<\/div>\n<div><\/div>\n<div>El gorro Brox es la combinaci\u00f3n perfecta de moda, calidad y comodidad. Dise\u00f1ado para mantenerte abrigado y al mismo tiempo agregarle un toque de estilo a tu look, este gorro es un elemento b\u00e1sico del guardarropa de invierno.<\/div>\n<div>Imag\u00ednate usarlo mientras caminas por las calles nevadas y te mantienes abrigado, es una experiencia que no debes perderte. Ya sea que lo elijas por su est\u00e9tica o por su protecci\u00f3n contra el fr\u00edo helado, el gorro Brox es la respuesta a todas tus necesidades invernales. Afirma tu estilo, resiste al fr\u00edo y vive la elegancia en un solo accesorio. Con el gorro Brox, el invierno se convierte en una temporada de moda y calidez que te encantar\u00e1.<\/div>\n<div>Descubra la m\u00e1xima comodidad y elegancia en un solo accesorio. Brox, tu aliado para afrontar el invierno con estilo y calidez.<\/div>\n<p>\u00bfEstas dudando sobre alguna de nuestras piezas? Tambi\u00e9n podemos ofrecerle nuestras otras chaquetas homologadas,<a href=\"https:\/\/brox.shop\/es\/categoria-producto\/equipements-moto\/\"> AQU\u00cd<\/a><\/p>\n<p>De lo contrario, para encontrar todas nuestras aventuras, vaya a nuestra <a href=\"https:\/\/www.instagram.com\/brox_motorcycle_label\/\" target=\"_blank\" rel=\"noopener\">Instagram <\/a>!<\/p>","protected":false},"excerpt":{"rendered":"<p>Talla \u00fanica<\/p>\n<p>En blanco y negro<\/p>\n<p>Estilo simple y elegante.<\/p>","protected":false},"featured_media":17138,"comment_status":"closed","ping_status":"closed","template":"","meta":{"inline_featured_image":false},"product_brand":[],"product_cat":[416,401,409],"product_tag":[],"class_list":{"0":"post-17052","1":"product","2":"type-product","3":"status-publish","4":"has-post-thumbnail","6":"product_cat-black-friday","7":"product_cat-bonnet","8":"product_cat-vetements-brox","10":"first","11":"instock","12":"sold-individually","13":"taxable","14":"shipping-taxable","15":"purchasable","16":"product-type-simple"},"supplier_id":null,"supplier_sku":"","barcode":null,"atum_controlled":true,"out_stock_date":null,"out_stock_threshold":null,"inheritable":false,"inbound_stock":0,"stock_on_hold":0,"sold_today":0,"sales_last_days":0,"reserved_stock":0,"customer_returns":0,"warehouse_damage":0,"lost_in_post":0,"other_logs":0,"out_stock_days":0,"lost_sales":0,"has_location":false,"update_date":"2026-04-22T01:15:46","atum_locations":[],"atum_stock_status":"instock","restock_status":false,"low_stock_amount":"","sales_update_date":"2026-04-22T01:15:46","calc_backorders":null,"_links":{"self":[{"href":"https:\/\/brox.shop\/es\/wp-json\/wp\/v2\/product\/17052","targetHints":{"allow":["GET"]}}],"collection":[{"href":"https:\/\/brox.shop\/es\/wp-json\/wp\/v2\/product"}],"about":[{"href":"https:\/\/brox.shop\/es\/wp-json\/wp\/v2\/types\/product"}],"replies":[{"embeddable":true,"href":"https:\/\/brox.shop\/es\/wp-json\/wp\/v2\/comments?post=17052"}],"wp:featuredmedia":[{"embeddable":true,"href":"https:\/\/brox.shop\/es\/wp-json\/wp\/v2\/media\/17138"}],"wp:attachment":[{"href":"https:\/\/brox.shop\/es\/wp-json\/wp\/v2\/media?parent=17052"}],"wp:term":[{"taxonomy":"product_brand","embeddable":true,"href":"https:\/\/brox.shop\/es\/wp-json\/wp\/v2\/product_brand?post=17052"},{"taxonomy":"product_cat","embeddable":true,"href":"https:\/\/brox.shop\/es\/wp-json\/wp\/v2\/product_cat?post=17052"},{"taxonomy":"product_tag","embeddable":true,"href":"https:\/\/brox.shop\/es\/wp-json\/wp\/v2\/product_tag?post=17052"}],"curies":[{"name":"wp","href":"https:\/\/api.w.org\/{rel}","templated":true}]}}