{"id":17054,"date":"2023-09-21T17:06:12","date_gmt":"2023-09-21T15:06:12","guid":{"rendered":"https:\/\/brox.shop\/?post_type=product&#038;p=17054"},"modified":"2026-01-07T16:52:17","modified_gmt":"2026-01-07T15:52:17","slug":"gants-moto-homologues-lizzy-spark","status":"publish","type":"product","link":"https:\/\/brox.shop\/es\/producto\/gants-moto-homologues-lizzy-spark\/","title":{"rendered":"Lizzy Spark: guantes de moto homologados 1"},"content":{"rendered":"<h1 style=\"text-align: center;\">Lizzy Spark: guantes de moto homologados 1<\/h1>\n<ul>\n<li>1 Guantes de cuero para moto homologados<\/li>\n<li>Apretado en la mu\u00f1eca<\/li>\n<li>Dedo \u00edndice y pulgar t\u00e1ctiles<\/li>\n<li>Guantes de moto homologados con forro transpirable.<\/li>\n<li>Correa de mu\u00f1eca para que no los pierdas<\/li>\n<\/ul>\n<div class=\"accordion\">\n\t<div id=\"accordion-59906735\" class=\"accordion-item\">\n\t\t<a id=\"accordion-59906735-label\" class=\"accordion-title plain\" href=\"#accordion-item-homologation\" aria-expanded=\"false\" aria-controls=\"accordion-59906735-content\">\n\t\t\t<button class=\"toggle\" aria-label=\"Toggle\"><i class=\"icon-angle-down\" aria-hidden=\"true\"><\/i><\/button>\n\t\t\t<span>APROBACI\u00d3N<\/span>\n\t\t<\/a>\n\t\t<div id=\"accordion-59906735-content\" class=\"accordion-inner\" aria-labelledby=\"accordion-59906735-label\">\n\t\t\t\n<p style=\"text-align: center;\"><img loading=\"lazy\" decoding=\"async\" class=\"alignnone wp-image-17240\" src=\"https:\/\/brox.shop\/wp-content\/uploads\/2023\/10\/HOMOLOGATION-moto-gants-LIZZY-1.jpg\" alt=\"Homologation Moto Gants Lizzy 1\" width=\"179\" height=\"278\" \/><\/p>\n<p style=\"text-align: center;\">Aprobaci\u00f3n de nivel 1KP<\/p>\n\t\t<\/div>\n\t<\/div>\n\t\n\t<div id=\"accordion-380906284\" class=\"accordion-item\">\n\t\t<a id=\"accordion-380906284-label\" class=\"accordion-title plain\" href=\"#accordion-item-guide-des-tailles\" aria-expanded=\"false\" aria-controls=\"accordion-380906284-content\">\n\t\t\t<button class=\"toggle\" aria-label=\"Toggle\"><i class=\"icon-angle-down\" aria-hidden=\"true\"><\/i><\/button>\n\t\t\t<span>GU\u00cdA DE TALLAS<\/span>\n\t\t<\/a>\n\t\t<div id=\"accordion-380906284-content\" class=\"accordion-inner\" aria-labelledby=\"accordion-380906284-label\">\n\t\t\t\n<p><img loading=\"lazy\" decoding=\"async\" class=\"alignnone size-medium wp-image-17229\" src=\"https:\/\/brox.shop\/wp-content\/uploads\/2023\/09\/guide-des-tailles-gants-moto-brox-600x384.jpg\" alt=\"Guide Des Tailles Gants Moto Brox\" width=\"600\" height=\"384\" srcset=\"https:\/\/brox.shop\/wp-content\/uploads\/2023\/09\/guide-des-tailles-gants-moto-brox-600x384.jpg 600w, https:\/\/brox.shop\/wp-content\/uploads\/2023\/09\/guide-des-tailles-gants-moto-brox-350x224.jpg 350w, https:\/\/brox.shop\/wp-content\/uploads\/2023\/09\/guide-des-tailles-gants-moto-brox-768x491.jpg 768w, https:\/\/brox.shop\/wp-content\/uploads\/2023\/09\/guide-des-tailles-gants-moto-brox-800x512.jpg 800w, https:\/\/brox.shop\/wp-content\/uploads\/2023\/09\/guide-des-tailles-gants-moto-brox.jpg 1035w\" sizes=\"auto, (max-width: 600px) 100vw, 600px\" \/><\/p>\n<p>\u00bfNo encuentras tu talla o alg\u00fan producto ya no est\u00e1 disponible? Escr\u00edbanos a <strong>rider@brox.shop<\/strong> \u00a1Encontraremos la soluci\u00f3n!<\/p>\n\t\t<\/div>\n\t<\/div>\n\t\n\t<div id=\"accordion-1144021010\" class=\"accordion-item\">\n\t\t<a id=\"accordion-1144021010-label\" class=\"accordion-title plain\" href=\"#accordion-item-livraison-et-retours\" aria-expanded=\"false\" aria-controls=\"accordion-1144021010-content\">\n\t\t\t<button class=\"toggle\" aria-label=\"Toggle\"><i class=\"icon-angle-down\" aria-hidden=\"true\"><\/i><\/button>\n\t\t\t<span>ENTREGA Y DEVOLUCIONES<\/span>\n\t\t<\/a>\n\t\t<div id=\"accordion-1144021010-content\" class=\"accordion-inner\" aria-labelledby=\"accordion-1144021010-label\">\n\t\t\t\n<p><img loading=\"lazy\" decoding=\"async\" class=\"wp-image-17461 aligncenter\" src=\"https:\/\/eudoxie.shop\/wp-content\/uploads\/2023\/04\/reassurance-telephone-600x637.jpg\" alt=\"Reassurance Telephone\" width=\"377\" height=\"400\" \/><\/p>\n<ul>\n<li>Posibilidad de devoluci\u00f3n en un plazo de 14 d\u00edas desde su recepci\u00f3n.<\/li>\n<\/ul>\n\t\t<\/div>\n\t<\/div>\n\t\n<\/div>\n\t<div class=\"box has-hover   has-hover box-text-bottom\" >\n\n\t\t<div class=\"box-image\" >\n\t\t\t\t\t\t<div class=\"\" >\n\t\t\t\t<img loading=\"lazy\" decoding=\"async\" width=\"1080\" height=\"1080\" src=\"https:\/\/brox.shop\/wp-content\/uploads\/2023\/09\/GH-LIZZY-HOMOLOGATION.jpg\" class=\"attachment- size-\" alt=\"Gh Lizzy Homologation\" srcset=\"https:\/\/brox.shop\/wp-content\/uploads\/2023\/09\/GH-LIZZY-HOMOLOGATION.jpg 1080w, https:\/\/brox.shop\/wp-content\/uploads\/2023\/09\/GH-LIZZY-HOMOLOGATION-600x600.jpg 600w, https:\/\/brox.shop\/wp-content\/uploads\/2023\/09\/GH-LIZZY-HOMOLOGATION-1050x1050.jpg 1050w, https:\/\/brox.shop\/wp-content\/uploads\/2023\/09\/GH-LIZZY-HOMOLOGATION-350x350.jpg 350w, https:\/\/brox.shop\/wp-content\/uploads\/2023\/09\/GH-LIZZY-HOMOLOGATION-768x768.jpg 768w, https:\/\/brox.shop\/wp-content\/uploads\/2023\/09\/GH-LIZZY-HOMOLOGATION-800x800.jpg 800w, https:\/\/brox.shop\/wp-content\/uploads\/2023\/09\/GH-LIZZY-HOMOLOGATION-100x100.jpg 100w, https:\/\/brox.shop\/wp-content\/uploads\/2023\/09\/GH-LIZZY-HOMOLOGATION-50x50.jpg 50w\" sizes=\"auto, (max-width: 1080px) 100vw, 1080px\" \/>\t\t\t\t\t\t\t\t\t\t\t<\/div>\n\t\t\t\t\t<\/div>\n\n\t\t<div class=\"box-text text-center\" style=\"background-color:rgb(33, 33, 33);\">\n\t\t\t<div class=\"box-text-inner\">\n\t\t\t\t\n\t<div id=\"text-3962884735\" class=\"text\">\n\t\t\n<h1><strong>APROBADO 1<\/strong><\/h1>\n<p>Estos guantes de moto homologados cumplen la normativa CE, EN13594:2015, que garantiza una protecci\u00f3n de nivel 1 en caso de ca\u00edda.<br \/>\n\t\t\n<style>\n#text-3962884735 {\n  color: rgb(255,255,255);\n}\n#text-3962884735 > * {\n  color: rgb(255,255,255);\n}\n<\/style>\n\t<\/div>\n\t\n\t\t\t<\/div>\n\t\t<\/div>\n\t<\/div>\n\t\n\t<div class=\"box has-hover   has-hover box-text-bottom\" >\n\n\t\t<div class=\"box-image\" >\n\t\t\t\t\t\t<div class=\"\" >\n\t\t\t\t<img loading=\"lazy\" decoding=\"async\" width=\"1080\" height=\"1080\" src=\"https:\/\/brox.shop\/wp-content\/uploads\/2023\/09\/GH-LIZZY-CUIR.jpg\" class=\"attachment- size-\" alt=\"Gh Lizzy Cuir\" srcset=\"https:\/\/brox.shop\/wp-content\/uploads\/2023\/09\/GH-LIZZY-CUIR.jpg 1080w, https:\/\/brox.shop\/wp-content\/uploads\/2023\/09\/GH-LIZZY-CUIR-600x600.jpg 600w, https:\/\/brox.shop\/wp-content\/uploads\/2023\/09\/GH-LIZZY-CUIR-1050x1050.jpg 1050w, https:\/\/brox.shop\/wp-content\/uploads\/2023\/09\/GH-LIZZY-CUIR-350x350.jpg 350w, https:\/\/brox.shop\/wp-content\/uploads\/2023\/09\/GH-LIZZY-CUIR-768x768.jpg 768w, https:\/\/brox.shop\/wp-content\/uploads\/2023\/09\/GH-LIZZY-CUIR-800x800.jpg 800w, https:\/\/brox.shop\/wp-content\/uploads\/2023\/09\/GH-LIZZY-CUIR-100x100.jpg 100w, https:\/\/brox.shop\/wp-content\/uploads\/2023\/09\/GH-LIZZY-CUIR-50x50.jpg 50w\" sizes=\"auto, (max-width: 1080px) 100vw, 1080px\" \/>\t\t\t\t\t\t\t\t\t\t\t<\/div>\n\t\t\t\t\t<\/div>\n\n\t\t<div class=\"box-text text-center\" style=\"background-color:rgb(33, 33, 33);\">\n\t\t\t<div class=\"box-text-inner\">\n\t\t\t\t\n\t<div id=\"text-2880779943\" class=\"text\">\n\t\t\n<h1>COSTURAS EXTRA DURADERAS<\/h1>\n<p>Nuestros guantes de moto homologados tienen costuras ultra resistentes que les permiten crear una especie de armadura suave alrededor de tu mano. Metacarpianos y palmas protegidos combinando flexibilidad, seguridad y comodidad.<br \/>\n\t\t\n<style>\n#text-2880779943 {\n  color: rgb(255,255,255);\n}\n#text-2880779943 > * {\n  color: rgb(255,255,255);\n}\n<\/style>\n\t<\/div>\n\t\n\t\t\t<\/div>\n\t\t<\/div>\n\t<\/div>\n\t\n\t<div class=\"box has-hover   has-hover box-text-bottom\" >\n\n\t\t<div class=\"box-image\" >\n\t\t\t\t\t\t<div class=\"\" >\n\t\t\t\t<img loading=\"lazy\" decoding=\"async\" width=\"1080\" height=\"1080\" src=\"https:\/\/brox.shop\/wp-content\/uploads\/2023\/09\/GH-LIZZY-TACTILE.jpg\" class=\"attachment- size-\" alt=\"Gh Lizzy Tactile\" srcset=\"https:\/\/brox.shop\/wp-content\/uploads\/2023\/09\/GH-LIZZY-TACTILE.jpg 1080w, https:\/\/brox.shop\/wp-content\/uploads\/2023\/09\/GH-LIZZY-TACTILE-600x600.jpg 600w, https:\/\/brox.shop\/wp-content\/uploads\/2023\/09\/GH-LIZZY-TACTILE-1050x1050.jpg 1050w, https:\/\/brox.shop\/wp-content\/uploads\/2023\/09\/GH-LIZZY-TACTILE-350x350.jpg 350w, https:\/\/brox.shop\/wp-content\/uploads\/2023\/09\/GH-LIZZY-TACTILE-768x768.jpg 768w, https:\/\/brox.shop\/wp-content\/uploads\/2023\/09\/GH-LIZZY-TACTILE-800x800.jpg 800w, https:\/\/brox.shop\/wp-content\/uploads\/2023\/09\/GH-LIZZY-TACTILE-100x100.jpg 100w, https:\/\/brox.shop\/wp-content\/uploads\/2023\/09\/GH-LIZZY-TACTILE-50x50.jpg 50w\" sizes=\"auto, (max-width: 1080px) 100vw, 1080px\" \/>\t\t\t\t\t\t\t\t\t\t\t<\/div>\n\t\t\t\t\t<\/div>\n\n\t\t<div class=\"box-text text-center\" style=\"background-color:rgb(33, 33, 33);\">\n\t\t\t<div class=\"box-text-inner\">\n\t\t\t\t\n\t<div id=\"text-1143036461\" class=\"text\">\n\t\t\n<h1><strong>DRAGONES<\/strong><\/h1>\n<h1><strong>Y TOCAR LOS DEDOS<\/strong><\/h1>\n<p>\u00a1Con estas correas de mu\u00f1eca nunca m\u00e1s podr\u00e1s dejar caer tus guantes! Facilidad de movimiento garantizada<br \/>\n\t\t\n<style>\n#text-1143036461 {\n  color: rgb(255,255,255);\n}\n#text-1143036461 > * {\n  color: rgb(255,255,255);\n}\n<\/style>\n\t<\/div>\n\t\n\t\t\t<\/div>\n\t\t<\/div>\n\t<\/div>\n\t\n\t\n  \n    <div class=\"row large-columns-4 medium-columns-3 small-columns-2 row-small has-shadow row-box-shadow-3-hover slider row-slider slider-nav-reveal slider-nav-push\"  data-flickity-options='{&quot;imagesLoaded&quot;: true, &quot;groupCells&quot;: &quot;100%&quot;, &quot;dragThreshold&quot; : 5, &quot;cellAlign&quot;: &quot;left&quot;,&quot;wrapAround&quot;: true,&quot;prevNextButtons&quot;: true,&quot;percentPosition&quot;: true,&quot;pageDots&quot;: false, &quot;rightToLeft&quot;: false, &quot;autoPlay&quot; : false}' >\n\n  <\/div>\n<h3><\/h3>\n<h3>Homologaci\u00f3n de guantes<\/h3>\n<div>\n<p>Estos guantes, los so\u00f1aste, BROX los hizo. El modelo Lizzy ha sido cuidadosamente estudiado y probado en estrecha colaboraci\u00f3n con nuestros laboratorios franceses, para ofrecerle guantes homologados de nivel 1.<\/p>\n<\/div>\n<div>\u00bfQu\u00e9 es la aprobaci\u00f3n de Nivel 1? La aprobaci\u00f3n de nivel 1 significa que estos guantes le ofrecen protecci\u00f3n b\u00e1sica, con resistencia a la abrasi\u00f3n y al desgarro. Este nivel de homologaci\u00f3n se recomienda para conducci\u00f3n m\u00e1s urbana.<\/div>\n<div><\/div>\n<div>Sus costuras ultra resistentes permiten crear una especie de armadura flexible alrededor de tu mano. Los metacarpos y las palmas de la mano quedan protegidos combinando flexibilidad y m\u00e1ximo confort de conducci\u00f3n.<\/div>\n<div><\/div>\n<div>El cuero llamado \u201cde grano completo\u201d es un cuero de primera calidad y de alta calidad. Tratado y suavizado, adquirir\u00e1 una p\u00e1tina a medida que avancen tus aventuras.<\/div>\n<h3>Descripci\u00f3n de guantes de moto homologados<\/h3>\n<p>Los guantes de motocicleta homologados LIZZY Stark son los primeros guantes homologados de nivel 1 que ha lanzado el equipo. El cuero grabado que revela \u201cBROX\u201d en la mu\u00f1eca y el dise\u00f1o dorado y negro le dan a este guante un estilo rockero y original.<\/p>\n<p>En la mano izquierda, la utilizada para realizar el famoso \u201c\u270c\ufe0f\u201d que permite saludar a otros moteros, un peque\u00f1o rayo marca la diferencia y recuerda el logo.<\/p>\n<p>Cuanto m\u00e1s te vayas de aventura en tu motocicleta, m\u00e1s p\u00e1tina desarrollar\u00e1n tus guantes y este peque\u00f1o destello se disipar\u00e1, dejando atr\u00e1s un guante de p\u00e1tina que habr\u00e1 abrazado perfectamente tu agarre del acelerador.<\/p>\n<p>En resumen, como un tatuaje en la palma de la mano, las huellas son fr\u00e1giles y la fricci\u00f3n las vuelve ef\u00edmeras.<\/p>\n<p>En cuanto al material, adem\u00e1s de esta piel homologada, el forro es de poli\u00e9ster microaireado 100%, para permitir que los guantes dejen respirar las manos. El material te permite regular tu temperatura, para que no tengas ni demasiado calor ni demasiado fr\u00edo.<\/p>\n<p>Son finos y ajustados a la mano para garantizar facilidad de movimiento as\u00ed como una comodidad muy apreciable durante tus futuras salidas en moto. Se ajustan en la mu\u00f1eca para un mejor soporte.<\/p>\n<p>Estamos muy orgullosos de estos guantes, hechos con amor, para satisfacer siempre m\u00e1s a nuestros queridos moteros. Y para traeros siempre m\u00e1s calidad, \u00a1los hacemos nosotros mismos!<\/p>\n<p>La combinaci\u00f3n perfecta de seguridad, estilo y comodidad.<\/p>\n<p>\u00a1Date prisa y p\u00eddelos, todos los moteros se pelear\u00e1n por ellos!<\/p>\n<h3>\u00a1Ven a seguir al equipo BROX!<\/h3>\n<p>Encuentra nuestros estilos, nuestros nuevos productos y nuestro mundo del riding y la aventura en nuestro Instagram: <a href=\"https:\/\/www.instagram.com\/brox_motorcycle_label\/\" target=\"_blank\" rel=\"noopener\">Etiqueta de @brox_motorcycle<\/a><\/p>","protected":false},"excerpt":{"rendered":"<p style=\"text-align: left;\">1 Guantes de cuero para moto homologados<\/p>\n<p style=\"text-align: left;\">Apretado en la mu\u00f1eca<\/p>\n<p style=\"text-align: left;\">Dedo \u00edndice y pulgar t\u00e1ctiles<\/p>\n<p style=\"text-align: left;\">Guantes de moto homologados con forro transpirable.<\/p>\n<p style=\"text-align: left;\">Correa de mu\u00f1eca para que no los pierdas<\/p>","protected":false},"featured_media":17295,"comment_status":"closed","ping_status":"closed","template":"","meta":{"inline_featured_image":false},"product_brand":[],"product_cat":[404,403],"product_tag":[],"class_list":{"0":"post-17054","1":"product","2":"type-product","3":"status-publish","4":"has-post-thumbnail","6":"product_cat-equipements-moto","7":"product_cat-gants-moto","9":"first","10":"instock","11":"sold-individually","12":"taxable","13":"shipping-taxable","14":"purchasable","15":"product-type-variable"},"supplier_id":null,"supplier_sku":"","barcode":null,"atum_controlled":true,"out_stock_date":null,"out_stock_threshold":null,"inheritable":true,"inbound_stock":0,"stock_on_hold":0,"sold_today":0,"sales_last_days":0,"reserved_stock":0,"customer_returns":0,"warehouse_damage":0,"lost_in_post":0,"other_logs":0,"out_stock_days":0,"lost_sales":0,"has_location":false,"update_date":"2026-04-22T01:15:46","atum_locations":[],"atum_stock_status":"instock","restock_status":false,"low_stock_amount":"","sales_update_date":"2026-04-22T01:15:46","calc_backorders":null,"_links":{"self":[{"href":"https:\/\/brox.shop\/es\/wp-json\/wp\/v2\/product\/17054","targetHints":{"allow":["GET"]}}],"collection":[{"href":"https:\/\/brox.shop\/es\/wp-json\/wp\/v2\/product"}],"about":[{"href":"https:\/\/brox.shop\/es\/wp-json\/wp\/v2\/types\/product"}],"replies":[{"embeddable":true,"href":"https:\/\/brox.shop\/es\/wp-json\/wp\/v2\/comments?post=17054"}],"wp:featuredmedia":[{"embeddable":true,"href":"https:\/\/brox.shop\/es\/wp-json\/wp\/v2\/media\/17295"}],"wp:attachment":[{"href":"https:\/\/brox.shop\/es\/wp-json\/wp\/v2\/media?parent=17054"}],"wp:term":[{"taxonomy":"product_brand","embeddable":true,"href":"https:\/\/brox.shop\/es\/wp-json\/wp\/v2\/product_brand?post=17054"},{"taxonomy":"product_cat","embeddable":true,"href":"https:\/\/brox.shop\/es\/wp-json\/wp\/v2\/product_cat?post=17054"},{"taxonomy":"product_tag","embeddable":true,"href":"https:\/\/brox.shop\/es\/wp-json\/wp\/v2\/product_tag?post=17054"}],"curies":[{"name":"wp","href":"https:\/\/api.w.org\/{rel}","templated":true}]}}