{"id":17270,"date":"2023-10-24T09:32:47","date_gmt":"2023-10-24T07:32:47","guid":{"rendered":"https:\/\/brox.shop\/?post_type=product&#038;p=17270"},"modified":"2026-01-07T16:41:21","modified_gmt":"2026-01-07T15:41:21","slug":"away-jersey-cross","status":"publish","type":"product","link":"https:\/\/brox.shop\/es\/producto\/away-jersey-cross\/","title":{"rendered":"Visitante \u2013 Jersey Cross"},"content":{"rendered":"<h1 style=\"text-align: center;\">Visitante \u2013 Centro de camiseta<\/h1>\n<ul>\n<li style=\"list-style-type: none;\">\n<ul>\n<li>Jersey cruzado en material fluido y microaireado<\/li>\n<li>Maillot de cross para usar en ciudad o para montar en bici<\/li>\n<\/ul>\n<\/li>\n<\/ul>\n<div class=\"accordion\">\n\t<div id=\"accordion-2615253414\" class=\"accordion-item\">\n\t\t<a id=\"accordion-2615253414-label\" class=\"accordion-title plain\" href=\"#accordion-item-guide-des-tailles\" aria-expanded=\"false\" aria-controls=\"accordion-2615253414-content\">\n\t\t\t<button class=\"toggle\" aria-label=\"Toggle\"><i class=\"icon-angle-down\" aria-hidden=\"true\"><\/i><\/button>\n\t\t\t<span>GU\u00cdA DE TALLAS<\/span>\n\t\t<\/a>\n\t\t<div id=\"accordion-2615253414-content\" class=\"accordion-inner\" aria-labelledby=\"accordion-2615253414-label\">\n\t\t\t\n<p><img loading=\"lazy\" decoding=\"async\" class=\"alignnone size-medium wp-image-17313\" src=\"https:\/\/brox.shop\/wp-content\/uploads\/2023\/10\/BROX-guide-taille-jersey-600x307.jpg\" alt=\"Brox Guide Taille Jersey\" width=\"600\" height=\"307\" srcset=\"https:\/\/brox.shop\/wp-content\/uploads\/2023\/10\/BROX-guide-taille-jersey-600x307.jpg 600w, https:\/\/brox.shop\/wp-content\/uploads\/2023\/10\/BROX-guide-taille-jersey-1050x537.jpg 1050w, https:\/\/brox.shop\/wp-content\/uploads\/2023\/10\/BROX-guide-taille-jersey-350x179.jpg 350w, https:\/\/brox.shop\/wp-content\/uploads\/2023\/10\/BROX-guide-taille-jersey-768x393.jpg 768w, https:\/\/brox.shop\/wp-content\/uploads\/2023\/10\/BROX-guide-taille-jersey-800x409.jpg 800w, https:\/\/brox.shop\/wp-content\/uploads\/2023\/10\/BROX-guide-taille-jersey.jpg 1378w\" sizes=\"auto, (max-width: 600px) 100vw, 600px\" \/><\/p>\n\t\t<\/div>\n\t<\/div>\n\t\n<\/div>\n<div class=\"container section-title-container\" style=\"margin-bottom:-2px;\"><h1 class=\"section-title section-title-center\"><b aria-hidden=\"true\"><\/b><span class=\"section-title-main\" >CARACTER\u00cdSTICAS<\/span><b aria-hidden=\"true\"><\/b><\/h1><\/div>\n\n\t<section class=\"section\" id=\"section_644458987\">\n\t\t<div class=\"section-bg fill\" >\n\t\t\t\t\t\t\t\t\t<div class=\"section-bg-overlay absolute fill\"><\/div>\n\t\t\t\n\t<div class=\"is-border\"\n\t\tstyle=\"border-width:0px 0px 5px 0px;\">\n\t<\/div>\n\n\t\t<\/div>\n\n\t\t\n\n\t\t<div class=\"section-content relative\">\n\t\t\t\n\t<div id=\"text-3166018533\" class=\"text\">\n\t\t\n<h2 style=\"text-align: center;\">LIGERO Y FLUIDO<\/h2>\n\t\t\n<style>\n#text-3166018533 {\n  color: rgb(255,255,255);\n}\n#text-3166018533 > * {\n  color: rgb(255,255,255);\n}\n<\/style>\n\t<\/div>\n\t\n\t\t<\/div>\n\n\t\t\n<style>\n#section_644458987 {\n  padding-top: 10px;\n  padding-bottom: 10px;\n}\n#section_644458987 .section-bg-overlay {\n  background-color: rgb(40, 40, 40);\n}\n<\/style>\n\t<\/section>\n\t\n<p style=\"text-align: center;\">Gracias a su tejido transpirable, este maillot de cross te protege de los rayos UV y te permite estar c\u00f3modo en una amplia gama de condiciones y temperaturas.<\/p>\n\n\t<section class=\"section\" id=\"section_1923968218\">\n\t\t<div class=\"section-bg fill\" >\n\t\t\t\t\t\t\t\t\t<div class=\"section-bg-overlay absolute fill\"><\/div>\n\t\t\t\n\t<div class=\"is-border\"\n\t\tstyle=\"border-width:0px 0px 5px 0px;\">\n\t<\/div>\n\n\t\t<\/div>\n\n\t\t\n\n\t\t<div class=\"section-content relative\">\n\t\t\t\n\t<div id=\"text-4153665400\" class=\"text\">\n\t\t\n<h2 style=\"text-align: center;\">C\u00d3MODO Y SUAVE<\/h2>\n\t\t\n<style>\n#text-4153665400 {\n  color: rgb(255,255,255);\n}\n#text-4153665400 > * {\n  color: rgb(255,255,255);\n}\n<\/style>\n\t<\/div>\n\t\n\t\t<\/div>\n\n\t\t\n<style>\n#section_1923968218 {\n  padding-top: 10px;\n  padding-bottom: 10px;\n}\n#section_1923968218 .section-bg-overlay {\n  background-color: rgb(40, 40, 40);\n}\n<\/style>\n\t<\/section>\n\t\n<p style=\"text-align: center;\">Un maillot de cross para llevar en moto pero tambi\u00e9n en el d\u00eda a d\u00eda. Su interior forrado proporciona comodidad a cada tipo de cuerpo que lo use.<\/p>\n\n\t<section class=\"section\" id=\"section_1421907358\">\n\t\t<div class=\"section-bg fill\" >\n\t\t\t\t\t\t\t\t\t<div class=\"section-bg-overlay absolute fill\"><\/div>\n\t\t\t\n\t<div class=\"is-border\"\n\t\tstyle=\"border-width:0px 0px 5px 0px;\">\n\t<\/div>\n\n\t\t<\/div>\n\n\t\t\n\n\t\t<div class=\"section-content relative\">\n\t\t\t\n\t<div id=\"text-3379583793\" class=\"text\">\n\t\t\n<h2 style=\"text-align: center;\">UN DISE\u00d1O COLORIDO<\/h2>\n\t\t\n<style>\n#text-3379583793 {\n  color: rgb(255,255,255);\n}\n#text-3379583793 > * {\n  color: rgb(255,255,255);\n}\n<\/style>\n\t<\/div>\n\t\n\t\t<\/div>\n\n\t\t\n<style>\n#section_1421907358 {\n  padding-top: 10px;\n  padding-bottom: 10px;\n}\n#section_1421907358 .section-bg-overlay {\n  background-color: rgb(40, 40, 40);\n}\n<\/style>\n\t<\/section>\n\t\n<p style=\"text-align: center;\">Su dise\u00f1o combinando los colores azul y amarillo la convierte en una pieza original, f\u00e1cil de llevar y adaptar a tu look.<\/p>\n<div class=\"container section-title-container\" style=\"margin-bottom:-2px;\"><h1 class=\"section-title section-title-center\"><b aria-hidden=\"true\"><\/b><span class=\"section-title-main\" >LOS PEQUE\u00d1OS EXTRAS<\/span><b aria-hidden=\"true\"><\/b><\/h1><\/div>\n<p><img loading=\"lazy\" decoding=\"async\" class=\"alignnone wp-image-18363\" src=\"https:\/\/eudoxie.shop\/wp-content\/uploads\/2023\/07\/reassurance-telephone-lifestyle-1.webp\" alt=\"Reassurance Telephone Lifestyle (1)\" width=\"459\" height=\"900\" \/><\/p>\n<p>Posibilidad de devoluci\u00f3n dentro de los 14 d\u00edas siguientes a su recepci\u00f3n, con su etiquetado original, si el producto no ha sido usado ni lavado.<\/p>\n<div class=\"container section-title-container\" style=\"margin-bottom:-5px;\"><h1 class=\"section-title section-title-center\"><b aria-hidden=\"true\"><\/b><span class=\"section-title-main\" >ESPECIFICIDADES<\/span><b aria-hidden=\"true\"><\/b><\/h1><\/div>\n<p>\u00a1La camiseta Away es una pieza insignia de nuestra colecci\u00f3n! Para este decidimos combinar colores y dise\u00f1os f\u00e1ciles de llevar pero originales.<\/p>\n<p>Un producto b\u00e1sico de motocross, \u00a1puedes usarlo todos los d\u00edas o usarlo solo para motocross o cualquier estilo de motocicleta!<\/p>\n<p>Con \u00e9l podr\u00e1s adoptar un look motero para llevar en moto o simplemente en el d\u00eda a d\u00eda. Es muy ligero y fluido por lo que podr\u00e1s llevarlo en invierno con alguna prenda debajo, o en verano sin pasar demasiado calor ya que est\u00e1 fabricado en material microaireado! \u00a1Y para completar el look te recomendamos llevarlo con una de nuestras chaquetas!<\/p>\n<p>Y como para nosotros montar en moto no es solo cuesti\u00f3n de ir en moto, para nosotros tambi\u00e9n es ideal para llevarlo sobre patineta gracias a su bonito material y a su calidad impecable (y para un look siempre a la \u00faltima, claro).<\/p>\n<p>El dise\u00f1o retoma el esp\u00edritu streetwear, pero tambi\u00e9n el lado racing de las carreras.<\/p>\n<p>En la espalda y en el pecho podemos encontrar escrito de forma visible BROX, as\u00ed como adem\u00e1s en la espalda el \u201cRide to the future\u201d. En definitiva, \u00a1una pieza con estilo donde cada detalle cuenta!<\/p>\n<p>En cuanto al corte del maillot Race, hemos decidido ajustarlo en la parte inferior para conseguir un mejor ajuste en la bicicleta y que quede m\u00e1s ajustado.<\/p>\n<p>El interior est\u00e1 forrado para que no sea transparente, pero pueda permanecer ligero. \u00a1El material te brindar\u00e1 total comodidad! Se lleva bastante suelto y se ajusta en las mangas. \u00a1Tambi\u00e9n es f\u00e1cil de lavar y mantener, no te preocupes por tus sesiones de motocross!<\/p>","protected":false},"excerpt":{"rendered":"<p>Jersey Cross, fluido ligero y transpirable.<\/p>","protected":false},"featured_media":17767,"comment_status":"open","ping_status":"closed","template":"","meta":{"inline_featured_image":false},"product_brand":[],"product_cat":[416,406,409],"product_tag":[],"class_list":{"0":"post-17270","1":"product","2":"type-product","3":"status-publish","4":"has-post-thumbnail","6":"product_cat-black-friday","7":"product_cat-jerseys","8":"product_cat-vetements-brox","10":"first","11":"instock","12":"taxable","13":"shipping-taxable","14":"purchasable","15":"product-type-variable"},"supplier_id":null,"supplier_sku":"","barcode":null,"atum_controlled":true,"out_stock_date":null,"out_stock_threshold":null,"inheritable":true,"inbound_stock":0,"stock_on_hold":0,"sold_today":0,"sales_last_days":0,"reserved_stock":0,"customer_returns":0,"warehouse_damage":0,"lost_in_post":0,"other_logs":0,"out_stock_days":0,"lost_sales":0,"has_location":false,"update_date":"2026-04-22T01:15:46","atum_locations":[],"atum_stock_status":"instock","restock_status":false,"low_stock_amount":"","sales_update_date":"2026-04-22T01:15:46","calc_backorders":null,"_links":{"self":[{"href":"https:\/\/brox.shop\/es\/wp-json\/wp\/v2\/product\/17270","targetHints":{"allow":["GET"]}}],"collection":[{"href":"https:\/\/brox.shop\/es\/wp-json\/wp\/v2\/product"}],"about":[{"href":"https:\/\/brox.shop\/es\/wp-json\/wp\/v2\/types\/product"}],"replies":[{"embeddable":true,"href":"https:\/\/brox.shop\/es\/wp-json\/wp\/v2\/comments?post=17270"}],"wp:featuredmedia":[{"embeddable":true,"href":"https:\/\/brox.shop\/es\/wp-json\/wp\/v2\/media\/17767"}],"wp:attachment":[{"href":"https:\/\/brox.shop\/es\/wp-json\/wp\/v2\/media?parent=17270"}],"wp:term":[{"taxonomy":"product_brand","embeddable":true,"href":"https:\/\/brox.shop\/es\/wp-json\/wp\/v2\/product_brand?post=17270"},{"taxonomy":"product_cat","embeddable":true,"href":"https:\/\/brox.shop\/es\/wp-json\/wp\/v2\/product_cat?post=17270"},{"taxonomy":"product_tag","embeddable":true,"href":"https:\/\/brox.shop\/es\/wp-json\/wp\/v2\/product_tag?post=17270"}],"curies":[{"name":"wp","href":"https:\/\/api.w.org\/{rel}","templated":true}]}}