{"id":17444,"date":"2024-03-19T10:51:25","date_gmt":"2024-03-19T09:51:25","guid":{"rendered":"https:\/\/brox.shop\/?post_type=product&#038;p=17444"},"modified":"2026-01-07T17:28:41","modified_gmt":"2026-01-07T16:28:41","slug":"chaussettes-brox-2","status":"publish","type":"product","link":"https:\/\/brox.shop\/es\/producto\/chaussettes-brox-2\/","title":{"rendered":"Calcetines Brox"},"content":{"rendered":"<h2 style=\"text-align: center\">Calcetines Brox<\/h2>\n<p>Los calcetines Brox son unos calcetines altos s\u00faper c\u00f3modos para un viaje lleno de confort. Fabricados principalmente de algod\u00f3n, nuestros calcetines est\u00e1n dise\u00f1ados para mantenerte abrigado y garantizar una excelente transpirabilidad durante tus viajes en motocicleta.<\/p>\n<p>El estilo de calcet\u00edn Brox presenta el tan querido logotipo alrededor del tobillo. El dise\u00f1o blanco y negro los hace f\u00e1ciles de usar y combinar con todos tus atuendos.<\/p>\n<p>Como beneficio adicional a estos calcetines altos, y porque la calidad siempre es esencial para nosotros, \u00a1est\u00e1n fabricados en una f\u00e1brica francesa!<\/p>\n<p>Dise\u00f1ados para mentes j\u00f3venes y aventureras, estos calcetines convierten cada paso en una carrera salvaje. \u00a1Muestra el estilo Brox y convi\u00e9rtete en el rider m\u00e1s rudo!<\/p>\n\t<div id=\"accordion-3919561415\" class=\"accordion-item\">\n\t\t<a id=\"accordion-3919561415-label\" class=\"accordion-title plain\" href=\"#accordion-item-guide-des-tailles\" aria-expanded=\"false\" aria-controls=\"accordion-3919561415-content\">\n\t\t\t<button class=\"toggle\" aria-label=\"Toggle\"><i class=\"icon-angle-down\" aria-hidden=\"true\"><\/i><\/button>\n\t\t\t<span>GU\u00cdA DE TALLAS<\/span>\n\t\t<\/a>\n\t\t<div id=\"accordion-3919561415-content\" class=\"accordion-inner\" aria-labelledby=\"accordion-3919561415-label\">\n\t\t\t\n<p>Talla \u00fanica \ud83d\ude09<\/p>\n\t\t<\/div>\n\t<\/div>\n\t\n\t<div id=\"text-1529877715\" class=\"text\">\n\t\t\t\t\n<style>\n#text-1529877715 {\n  color: rgb(255,255,255);\n}\n#text-1529877715 > * {\n  color: rgb(255,255,255);\n}\n<\/style>\n\t<\/div>\n\t\n\t<div id=\"accordion-3766055745\" class=\"accordion-item\">\n\t\t<a id=\"accordion-3766055745-label\" class=\"accordion-title plain\" href=\"#accordion-item-la-coupe\" aria-expanded=\"false\" aria-controls=\"accordion-3766055745-content\">\n\t\t\t<button class=\"toggle\" aria-label=\"Toggle\"><i class=\"icon-angle-down\" aria-hidden=\"true\"><\/i><\/button>\n\t\t\t<span>EL CORTE<\/span>\n\t\t<\/a>\n\t\t<div id=\"accordion-3766055745-content\" class=\"accordion-inner\" aria-labelledby=\"accordion-3766055745-label\">\n\t\t\t\n<p>Calcetines altos, suaves y s\u00faper c\u00f3modos.<\/p>\n\t\t<\/div>\n\t<\/div>\n\t\n\t<div id=\"accordion-2077259071\" class=\"accordion-item\">\n\t\t<a id=\"accordion-2077259071-label\" class=\"accordion-title plain\" href=\"#accordion-item-livraison-et-retours\" aria-expanded=\"false\" aria-controls=\"accordion-2077259071-content\">\n\t\t\t<button class=\"toggle\" aria-label=\"Toggle\"><i class=\"icon-angle-down\" aria-hidden=\"true\"><\/i><\/button>\n\t\t\t<span>ENTREGA Y DEVOLUCIONES<\/span>\n\t\t<\/a>\n\t\t<div id=\"accordion-2077259071-content\" class=\"accordion-inner\" aria-labelledby=\"accordion-2077259071-label\">\n\t\t\t\n<p><img decoding=\"async\" src=\"https:\/\/eudoxie.shop\/wp-content\/uploads\/2023\/04\/reassurance-telephone-600x637.jpg\" alt=\"Reassurance Telephone\" \/><\/p>\n<ul>\n<li>Posibilidad de devoluci\u00f3n en un plazo de 14 d\u00edas desde su recepci\u00f3n.<\/li>\n<\/ul>\n\t\t<\/div>\n\t<\/div>","protected":false},"excerpt":{"rendered":"<ul>\n<li style=\"text-align: left\">Talla \u00fanica<\/li>\n<li style=\"text-align: left\"><span style=\"color: #333333;font-size: 14.4px\">Algod\u00f3n, poliamida, elastano<\/span><\/li>\n<li style=\"text-align: left\">Fabricado en FRANCIA<\/li>\n<li style=\"text-align: left\">Grueso y c\u00f3modo<\/li>\n<li style=\"text-align: left\">En blanco y negro<\/li>\n<\/ul>","protected":false},"featured_media":17437,"comment_status":"closed","ping_status":"closed","template":"","meta":{"inline_featured_image":false},"product_brand":[],"product_cat":[415,409],"product_tag":[],"class_list":{"0":"post-17444","1":"product","2":"type-product","3":"status-publish","4":"has-post-thumbnail","6":"product_cat-chaussettes","7":"product_cat-vetements-brox","9":"first","10":"instock","11":"taxable","12":"shipping-taxable","13":"purchasable","14":"product-type-simple"},"supplier_id":null,"supplier_sku":"","barcode":null,"atum_controlled":true,"out_stock_date":null,"out_stock_threshold":null,"inheritable":false,"inbound_stock":0,"stock_on_hold":0,"sold_today":0,"sales_last_days":0,"reserved_stock":0,"customer_returns":0,"warehouse_damage":0,"lost_in_post":0,"other_logs":0,"out_stock_days":0,"lost_sales":0,"has_location":false,"update_date":"2026-05-05T02:04:38","atum_locations":[],"atum_stock_status":"instock","restock_status":false,"low_stock_amount":"","sales_update_date":"2026-05-05T02:04:38","calc_backorders":null,"_links":{"self":[{"href":"https:\/\/brox.shop\/es\/wp-json\/wp\/v2\/product\/17444","targetHints":{"allow":["GET"]}}],"collection":[{"href":"https:\/\/brox.shop\/es\/wp-json\/wp\/v2\/product"}],"about":[{"href":"https:\/\/brox.shop\/es\/wp-json\/wp\/v2\/types\/product"}],"replies":[{"embeddable":true,"href":"https:\/\/brox.shop\/es\/wp-json\/wp\/v2\/comments?post=17444"}],"wp:featuredmedia":[{"embeddable":true,"href":"https:\/\/brox.shop\/es\/wp-json\/wp\/v2\/media\/17437"}],"wp:attachment":[{"href":"https:\/\/brox.shop\/es\/wp-json\/wp\/v2\/media?parent=17444"}],"wp:term":[{"taxonomy":"product_brand","embeddable":true,"href":"https:\/\/brox.shop\/es\/wp-json\/wp\/v2\/product_brand?post=17444"},{"taxonomy":"product_cat","embeddable":true,"href":"https:\/\/brox.shop\/es\/wp-json\/wp\/v2\/product_cat?post=17444"},{"taxonomy":"product_tag","embeddable":true,"href":"https:\/\/brox.shop\/es\/wp-json\/wp\/v2\/product_tag?post=17444"}],"curies":[{"name":"wp","href":"https:\/\/api.w.org\/{rel}","templated":true}]}}