{"id":17538,"date":"2024-07-16T12:18:12","date_gmt":"2024-07-16T10:18:12","guid":{"rendered":"https:\/\/brox.shop\/?post_type=product&#038;p=17538"},"modified":"2026-01-25T17:12:11","modified_gmt":"2026-01-25T16:12:11","slug":"astro-dark-t-shirt-moto-noir-copie","status":"publish","type":"product","link":"https:\/\/brox.shop\/es\/producto\/astro-dark-t-shirt-moto-noir-copie\/","title":{"rendered":"Astro Dark \u2013 Camiseta de moto"},"content":{"rendered":"<h1 style=\"text-align: center;\">Astro Dark \u2013 Camiseta de moto<\/h1>\n<ul>\n<li>Camiseta de moto de algod\u00f3n grueso negra<\/li>\n<li>Nueva colecci\u00f3n<\/li>\n<li>100% algod\u00f3n<\/li>\n<li>serigraf\u00eda de alta calidad<\/li>\n<\/ul>\n<p style=\"text-align: left;\">\u00bfNo encuentras tu talla o alg\u00fan producto ya no est\u00e1 disponible? Escr\u00edbenos a rider@brox.shop, \u00a1encontraremos la soluci\u00f3n!<\/p>\n<div class=\"accordion\">\n\t<div id=\"accordion-1423282348\" class=\"accordion-item\">\n\t\t<a id=\"accordion-1423282348-label\" class=\"accordion-title plain\" href=\"#accordion-item-guide-des-tailles\" aria-expanded=\"false\" aria-controls=\"accordion-1423282348-content\">\n\t\t\t<button class=\"toggle\" aria-label=\"Toggle\"><i class=\"icon-angle-down\" aria-hidden=\"true\"><\/i><\/button>\n\t\t\t<span>GU\u00cdA DE TALLAS<\/span>\n\t\t<\/a>\n\t\t<div id=\"accordion-1423282348-content\" class=\"accordion-inner\" aria-labelledby=\"accordion-1423282348-label\">\n\t\t\t\n<p><img loading=\"lazy\" decoding=\"async\" class=\"alignnone size-medium wp-image-17312\" src=\"https:\/\/brox.shop\/wp-content\/uploads\/2023\/09\/BROX-guide-taille-tee-shirt-600x307.jpg\" alt=\"Brox Guide Taille Tee Shirt\" width=\"600\" height=\"307\" srcset=\"https:\/\/brox.shop\/wp-content\/uploads\/2023\/09\/BROX-guide-taille-tee-shirt-600x307.jpg 600w, https:\/\/brox.shop\/wp-content\/uploads\/2023\/09\/BROX-guide-taille-tee-shirt-1050x537.jpg 1050w, https:\/\/brox.shop\/wp-content\/uploads\/2023\/09\/BROX-guide-taille-tee-shirt-350x179.jpg 350w, https:\/\/brox.shop\/wp-content\/uploads\/2023\/09\/BROX-guide-taille-tee-shirt-768x393.jpg 768w, https:\/\/brox.shop\/wp-content\/uploads\/2023\/09\/BROX-guide-taille-tee-shirt-800x409.jpg 800w, https:\/\/brox.shop\/wp-content\/uploads\/2023\/09\/BROX-guide-taille-tee-shirt.jpg 1378w\" sizes=\"auto, (max-width: 600px) 100vw, 600px\" \/><\/p>\n\t\t<\/div>\n\t<\/div>\n\t\n\t<div id=\"accordion-1606117269\" class=\"accordion-item\">\n\t\t<a id=\"accordion-1606117269-label\" class=\"accordion-title plain\" href=\"#accordion-item-livraison-et-retours\" aria-expanded=\"false\" aria-controls=\"accordion-1606117269-content\">\n\t\t\t<button class=\"toggle\" aria-label=\"Toggle\"><i class=\"icon-angle-down\" aria-hidden=\"true\"><\/i><\/button>\n\t\t\t<span>ENTREGA Y DEVOLUCIONES<\/span>\n\t\t<\/a>\n\t\t<div id=\"accordion-1606117269-content\" class=\"accordion-inner\" aria-labelledby=\"accordion-1606117269-label\">\n\t\t\t\n<p><img loading=\"lazy\" decoding=\"async\" class=\"wp-image-17461 aligncenter\" src=\"https:\/\/eudoxie.shop\/wp-content\/uploads\/2023\/04\/reassurance-telephone-600x637.jpg\" alt=\"Reassurance Telephone\" width=\"377\" height=\"400\" \/><\/p>\n<ul>\n<li>Posibilidad de devoluci\u00f3n en un plazo de 14 d\u00edas desde su recepci\u00f3n.<\/li>\n<\/ul>\n\t\t<\/div>\n\t<\/div>\n\t\n<\/div>\n<h2><\/h2>\n<h2>Descripci\u00f3n de la camiseta de moto negra<\/h2>\n<div>\n<div>La camiseta de moto Astro Dark Black: la prenda imprescindible para los motoristas con estilo<\/div>\n<div><\/div>\n<div>\u00a1Hola, fan\u00e1tico de las dos ruedas! Sabemos que est\u00e1s buscando una camiseta de moto negra que luzca genial y al mismo tiempo sea c\u00f3moda en tus viajes en moto. Pues ya tienes en tus manos el art\u00edculo imprescindible de tu armario de motero: la camiseta de moto Astro Dark.<\/div>\n<div><\/div>\n<div>Esta camiseta est\u00e1 hecha para ti, y aqu\u00ed te explicamos por qu\u00e9:<\/div>\n<div><strong>El ajuste perfecto<\/strong> :Se ajusta al cuerpo, cubre bien tus ri\u00f1ones para evitar las molestias del viento manteniendo un look top. El escote est\u00e1 cuidadosamente dise\u00f1ado, el corte es recto y ligeramente oversize, para un estilo que es a la vez rudo y c\u00f3modo.<\/div>\n<div><strong>Comodidad absoluta<\/strong> :\u00bfQu\u00e9 pasa? Algod\u00f3n org\u00e1nico s\u00faper suave y sorprendentemente f\u00e1cil de usar. No m\u00e1s camisetas que piquen ni apretende, no querr\u00e1s quit\u00e1rtela.<\/div>\n<div><strong>Un lado vintage atemporal<\/strong> :El lavado de la versi\u00f3n negra le da un encanto vintage atemporal. Estar\u00e1s a la vanguardia de la moda sin dejar de ser fiel a tu estilo motero.<\/div>\n<div><\/div>\n<div>\n<p>Entonces, si quieres una camiseta que combine estilo, comodidad y un toque vintage, es hora de enamorarte de la camiseta Astro Dark Black. M\u00e1s que una simple prenda de vestir, es un aut\u00e9ntico emblema para los aut\u00e9nticos moteros. Prep\u00e1rate para llamar la atenci\u00f3n y mostrarle al mundo que eres un motociclista con mucho estilo. \u00a1No pierdas esta oportunidad y a\u00f1ade ahora esta camiseta de moto imprescindible a tu colecci\u00f3n!<\/p>\n<\/div>\n<\/div>\n<p>&nbsp;<\/p>\n<p>\u00bfEstas dudando sobre alguna de nuestras piezas? Tambi\u00e9n podemos ofrecerte nuestras otras camisetas de estilo de vida. <a href=\"https:\/\/brox.shop\/es\/categoria-producto\/vetements\/tshirts\/\">aqu\u00ed<\/a><\/p>\n<p>De lo contrario, para encontrar todas nuestras aventuras, vaya a nuestra <a href=\"https:\/\/www.instagram.com\/brox_motorcycle_label\/\" target=\"_blank\" rel=\"noopener\">Instagram <\/a>!<\/p>","protected":false},"excerpt":{"rendered":"<ul>\n<li style=\"text-align: left;\">Camiseta de moto de algod\u00f3n grueso negra<\/li>\n<li style=\"text-align: left;\">Nueva colecci\u00f3n<\/li>\n<li style=\"text-align: left;\">100% algod\u00f3n<\/li>\n<li style=\"text-align: left;\">serigraf\u00eda de alta calidad<\/li>\n<\/ul>","protected":false},"featured_media":17745,"comment_status":"closed","ping_status":"closed","template":"","meta":{"inline_featured_image":false},"product_brand":[],"product_cat":[417,143,409],"product_tag":[],"class_list":{"0":"post-17538","1":"product","2":"type-product","3":"status-publish","4":"has-post-thumbnail","6":"product_cat-soldes","7":"product_cat-t-shirt-moto","8":"product_cat-vetements-brox","10":"first","11":"instock","12":"taxable","13":"shipping-taxable","14":"purchasable","15":"product-type-variable"},"supplier_id":null,"supplier_sku":"","barcode":null,"atum_controlled":true,"out_stock_date":null,"out_stock_threshold":null,"inheritable":true,"inbound_stock":0,"stock_on_hold":0,"sold_today":0,"sales_last_days":0,"reserved_stock":0,"customer_returns":0,"warehouse_damage":0,"lost_in_post":0,"other_logs":0,"out_stock_days":0,"lost_sales":0,"has_location":false,"update_date":"2026-05-05T02:04:35","atum_locations":[],"atum_stock_status":"instock","restock_status":false,"low_stock_amount":"","sales_update_date":"2026-05-05T02:04:35","calc_backorders":null,"_links":{"self":[{"href":"https:\/\/brox.shop\/es\/wp-json\/wp\/v2\/product\/17538","targetHints":{"allow":["GET"]}}],"collection":[{"href":"https:\/\/brox.shop\/es\/wp-json\/wp\/v2\/product"}],"about":[{"href":"https:\/\/brox.shop\/es\/wp-json\/wp\/v2\/types\/product"}],"replies":[{"embeddable":true,"href":"https:\/\/brox.shop\/es\/wp-json\/wp\/v2\/comments?post=17538"}],"wp:featuredmedia":[{"embeddable":true,"href":"https:\/\/brox.shop\/es\/wp-json\/wp\/v2\/media\/17745"}],"wp:attachment":[{"href":"https:\/\/brox.shop\/es\/wp-json\/wp\/v2\/media?parent=17538"}],"wp:term":[{"taxonomy":"product_brand","embeddable":true,"href":"https:\/\/brox.shop\/es\/wp-json\/wp\/v2\/product_brand?post=17538"},{"taxonomy":"product_cat","embeddable":true,"href":"https:\/\/brox.shop\/es\/wp-json\/wp\/v2\/product_cat?post=17538"},{"taxonomy":"product_tag","embeddable":true,"href":"https:\/\/brox.shop\/es\/wp-json\/wp\/v2\/product_tag?post=17538"}],"curies":[{"name":"wp","href":"https:\/\/api.w.org\/{rel}","templated":true}]}}