{"id":17552,"date":"2024-07-16T15:34:22","date_gmt":"2024-07-16T13:34:22","guid":{"rendered":"https:\/\/brox.shop\/?post_type=product&#038;p=17552"},"modified":"2026-01-25T17:12:11","modified_gmt":"2026-01-25T16:12:11","slug":"bold-t-shirt-moto","status":"publish","type":"product","link":"https:\/\/brox.shop\/es\/producto\/bold-t-shirt-moto\/","title":{"rendered":"Bold \u2013 Camiseta de moto"},"content":{"rendered":"<h1 style=\"text-align: center;\">Bold \u2013 Camiseta de moto<\/h1>\n<ul>\n<li>Camiseta de moto blanca<\/li>\n<li>Nueva colecci\u00f3n<\/li>\n<li>100% algod\u00f3n<\/li>\n<li>serigraf\u00eda de alta calidad<\/li>\n<\/ul>\n<p style=\"text-align: left;\">\u00bfNo encuentras tu talla o alg\u00fan producto ya no est\u00e1 disponible? Escr\u00edbenos a rider@brox.shop, \u00a1encontraremos la soluci\u00f3n!<\/p>\n<div class=\"accordion\">\n\t<div id=\"accordion-348088692\" class=\"accordion-item\">\n\t\t<a id=\"accordion-348088692-label\" class=\"accordion-title plain\" href=\"#accordion-item-guide-des-tailles\" aria-expanded=\"false\" aria-controls=\"accordion-348088692-content\">\n\t\t\t<button class=\"toggle\" aria-label=\"Toggle\"><i class=\"icon-angle-down\" aria-hidden=\"true\"><\/i><\/button>\n\t\t\t<span>GU\u00cdA DE TALLAS<\/span>\n\t\t<\/a>\n\t\t<div id=\"accordion-348088692-content\" class=\"accordion-inner\" aria-labelledby=\"accordion-348088692-label\">\n\t\t\t\n<p><img loading=\"lazy\" decoding=\"async\" class=\"alignnone size-medium wp-image-17312\" src=\"https:\/\/brox.shop\/wp-content\/uploads\/2023\/09\/BROX-guide-taille-tee-shirt-600x307.jpg\" alt=\"Brox Guide Taille Tee Shirt\" width=\"600\" height=\"307\" srcset=\"https:\/\/brox.shop\/wp-content\/uploads\/2023\/09\/BROX-guide-taille-tee-shirt-600x307.jpg 600w, https:\/\/brox.shop\/wp-content\/uploads\/2023\/09\/BROX-guide-taille-tee-shirt-1050x537.jpg 1050w, https:\/\/brox.shop\/wp-content\/uploads\/2023\/09\/BROX-guide-taille-tee-shirt-350x179.jpg 350w, https:\/\/brox.shop\/wp-content\/uploads\/2023\/09\/BROX-guide-taille-tee-shirt-768x393.jpg 768w, https:\/\/brox.shop\/wp-content\/uploads\/2023\/09\/BROX-guide-taille-tee-shirt-800x409.jpg 800w, https:\/\/brox.shop\/wp-content\/uploads\/2023\/09\/BROX-guide-taille-tee-shirt.jpg 1378w\" sizes=\"auto, (max-width: 600px) 100vw, 600px\" \/><\/p>\n\t\t<\/div>\n\t<\/div>\n\t\n\t<div id=\"accordion-1174178087\" class=\"accordion-item\">\n\t\t<a id=\"accordion-1174178087-label\" class=\"accordion-title plain\" href=\"#accordion-item-livraison-et-retours\" aria-expanded=\"false\" aria-controls=\"accordion-1174178087-content\">\n\t\t\t<button class=\"toggle\" aria-label=\"Toggle\"><i class=\"icon-angle-down\" aria-hidden=\"true\"><\/i><\/button>\n\t\t\t<span>ENTREGA Y DEVOLUCIONES<\/span>\n\t\t<\/a>\n\t\t<div id=\"accordion-1174178087-content\" class=\"accordion-inner\" aria-labelledby=\"accordion-1174178087-label\">\n\t\t\t\n<p><img loading=\"lazy\" decoding=\"async\" class=\"wp-image-17461 aligncenter\" src=\"https:\/\/eudoxie.shop\/wp-content\/uploads\/2023\/04\/reassurance-telephone-600x637.jpg\" alt=\"Reassurance Telephone\" width=\"377\" height=\"400\" \/><\/p>\n<ul>\n<li>Posibilidad de devoluci\u00f3n en un plazo de 14 d\u00edas desde su recepci\u00f3n.<\/li>\n<\/ul>\n\t\t<\/div>\n\t<\/div>\n\t\n<\/div>\n<h2><\/h2>\n<h2>Descripci\u00f3n de la camiseta de moto blanca<\/h2>\n<div>\n<p>\u00a1Ven a descubrir la camiseta Brox Moto GOLD, un nuevo producto que har\u00e1 las delicias de los amantes de la moto y del estilo! Esta camiseta de algod\u00f3n es s\u00faper c\u00f3moda de llevar, ya sea en tu moto o en tu estilo de vida diario.<\/p>\n<p>Con su serigraf\u00eda azul representando la marca por toda la espalda y el pecho, aporta ese peque\u00f1o toque de frescura y originalidad que marca la diferencia. Perfecto para afirmar tu estilo de conducci\u00f3n en la carretera.<\/p>\n<p>La camiseta Moto GOLD est\u00e1 dise\u00f1ada para seguirte a todas partes. Es ligera y c\u00f3moda, ideal para tus salidas sobre dos ruedas o tus sesiones de skate. Gracias a su corte holgado te garantiza una gran libertad de movimientos, a la vez que es lo suficientemente ajustado para lucir siempre genial.<\/p>\n<p>\u00a1Adem\u00e1s de elegante, tambi\u00e9n es s\u00faper pr\u00e1ctico! F\u00e1cil de lavar y mantener, soporta sin problemas las sesiones de motocross m\u00e1s intensas. Y porque sabemos que la comodidad es esencial, el suave algod\u00f3n te brinda una sensaci\u00f3n agradable durante todo el d\u00eda.<\/p>\n<p>Es el regalo de motocicleta perfecto para hombres, ya seas un principiante o un motociclista experimentado. \u00a1No esperes m\u00e1s para a\u00f1adir esta pieza esencial de Brox a tu colecci\u00f3n!<\/p>\n<\/div>\n<p>&nbsp;<\/p>\n<p>\u00bfEstas dudando sobre alguna de nuestras piezas? Tambi\u00e9n podemos ofrecerte nuestras otras camisetas de estilo de vida. <a href=\"https:\/\/brox.shop\/es\/categoria-producto\/vetements\/tshirts\/\">aqu\u00ed<\/a><\/p>\n<p>De lo contrario, para encontrar todas nuestras aventuras, vaya a nuestra <a href=\"https:\/\/www.instagram.com\/brox_motorcycle_label\/\" target=\"_blank\" rel=\"noopener\">Instagram <\/a>!<\/p>","protected":false},"excerpt":{"rendered":"<ul>\n<li style=\"text-align: left;\">Camiseta de moto<\/li>\n<li style=\"text-align: left;\">Nueva colecci\u00f3n<\/li>\n<li style=\"text-align: left;\">100% algod\u00f3n<\/li>\n<li style=\"text-align: left;\">serigraf\u00eda de alta calidad<\/li>\n<\/ul>","protected":false},"featured_media":17739,"comment_status":"closed","ping_status":"closed","template":"","meta":{"inline_featured_image":false},"product_brand":[],"product_cat":[143,409],"product_tag":[],"class_list":{"0":"post-17552","1":"product","2":"type-product","3":"status-publish","4":"has-post-thumbnail","6":"product_cat-t-shirt-moto","7":"product_cat-vetements-brox","9":"first","10":"instock","11":"taxable","12":"shipping-taxable","13":"purchasable","14":"product-type-variable"},"supplier_id":null,"supplier_sku":"","barcode":null,"atum_controlled":true,"out_stock_date":null,"out_stock_threshold":null,"inheritable":true,"inbound_stock":0,"stock_on_hold":0,"sold_today":0,"sales_last_days":0,"reserved_stock":0,"customer_returns":0,"warehouse_damage":0,"lost_in_post":0,"other_logs":0,"out_stock_days":0,"lost_sales":0,"has_location":false,"update_date":"2026-04-22T01:15:45","atum_locations":[],"atum_stock_status":"instock","restock_status":false,"low_stock_amount":"","sales_update_date":"2026-04-22T01:15:45","calc_backorders":null,"_links":{"self":[{"href":"https:\/\/brox.shop\/es\/wp-json\/wp\/v2\/product\/17552","targetHints":{"allow":["GET"]}}],"collection":[{"href":"https:\/\/brox.shop\/es\/wp-json\/wp\/v2\/product"}],"about":[{"href":"https:\/\/brox.shop\/es\/wp-json\/wp\/v2\/types\/product"}],"replies":[{"embeddable":true,"href":"https:\/\/brox.shop\/es\/wp-json\/wp\/v2\/comments?post=17552"}],"wp:featuredmedia":[{"embeddable":true,"href":"https:\/\/brox.shop\/es\/wp-json\/wp\/v2\/media\/17739"}],"wp:attachment":[{"href":"https:\/\/brox.shop\/es\/wp-json\/wp\/v2\/media?parent=17552"}],"wp:term":[{"taxonomy":"product_brand","embeddable":true,"href":"https:\/\/brox.shop\/es\/wp-json\/wp\/v2\/product_brand?post=17552"},{"taxonomy":"product_cat","embeddable":true,"href":"https:\/\/brox.shop\/es\/wp-json\/wp\/v2\/product_cat?post=17552"},{"taxonomy":"product_tag","embeddable":true,"href":"https:\/\/brox.shop\/es\/wp-json\/wp\/v2\/product_tag?post=17552"}],"curies":[{"name":"wp","href":"https:\/\/api.w.org\/{rel}","templated":true}]}}