{"id":17669,"date":"2025-01-08T09:42:44","date_gmt":"2025-01-08T08:42:44","guid":{"rendered":"https:\/\/brox.shop\/?post_type=product&#038;p=17669"},"modified":"2025-12-04T09:26:11","modified_gmt":"2025-12-04T08:26:11","slug":"casquette-trucker-future","status":"publish","type":"product","link":"https:\/\/brox.shop\/es\/producto\/casquette-trucker-future\/","title":{"rendered":"Gorra de camionero \u2013 Futuro"},"content":{"rendered":"<h1 style=\"text-align: center\">Gorra de camionero \u2013 Futuro<\/h1>\n<ul>\n<li>Talla \u00fanica<\/li>\n<li>Gorra de camionero<\/li>\n<li>En blanco y negro<\/li>\n<\/ul>\n<p style=\"text-align: left\">\n<div class=\"accordion\">\n\t<div id=\"accordion-1025813335\" class=\"accordion-item\">\n\t\t<a id=\"accordion-1025813335-label\" class=\"accordion-title plain\" href=\"#accordion-item-livraison-et-retours\" aria-expanded=\"false\" aria-controls=\"accordion-1025813335-content\">\n\t\t\t<button class=\"toggle\" aria-label=\"Toggle\"><i class=\"icon-angle-down\" aria-hidden=\"true\"><\/i><\/button>\n\t\t\t<span>ENTREGA Y DEVOLUCIONES<\/span>\n\t\t<\/a>\n\t\t<div id=\"accordion-1025813335-content\" class=\"accordion-inner\" aria-labelledby=\"accordion-1025813335-label\">\n\t\t\t\n<p><img loading=\"lazy\" decoding=\"async\" class=\"wp-image-17461 aligncenter\" src=\"https:\/\/eudoxie.shop\/wp-content\/uploads\/2023\/04\/reassurance-telephone-600x637.jpg\" alt=\"Reassurance Telephone\" width=\"377\" height=\"400\" \/><\/p>\n<ul>\n<li>Posibilidad de devoluci\u00f3n en un plazo de 14 d\u00edas desde su recepci\u00f3n.<\/li>\n<li>1 a\u00f1o de garant\u00eda<\/li>\n<\/ul>\n\t\t<\/div>\n\t<\/div>\n\t\n\t<div id=\"accordion-921441082\" class=\"accordion-item\">\n\t\t<a id=\"accordion-921441082-label\" class=\"accordion-title plain\" href=\"#accordion-item-description\" aria-expanded=\"false\" aria-controls=\"accordion-921441082-content\">\n\t\t\t<button class=\"toggle\" aria-label=\"Toggle\"><i class=\"icon-angle-down\" aria-hidden=\"true\"><\/i><\/button>\n\t\t\t<span>DESCRIPCI\u00d3N<\/span>\n\t\t<\/a>\n\t\t<div id=\"accordion-921441082-content\" class=\"accordion-inner\" aria-labelledby=\"accordion-921441082-label\">\n\t\t\t\n<h2>Descripci\u00f3n de la gorra Future Brox<\/h2>\n<p><strong>Gorra de moto y camionero Brox: la combinaci\u00f3n perfecta de estilo y rendimiento<\/strong><\/p>\n<p>Afirma tu identidad motera con el <strong>Gorra de camionero y motociclista Brox<\/strong>, el accesorio imprescindible para completar tu look con un toque atrevido. Esta gorra negra, adornada con un impecable bordado blanco, combina un dise\u00f1o moderno y una comodidad duradera.<\/p>\n<ul>\n<li><strong>Materiales de calidad<\/strong> :<br \/>\nEl frente r\u00edgido de poli\u00e9ster reforzado garantiza una forma perfecta y una robustez ideal para el uso diario.<br \/>\nLa espalda de malla pl\u00e1stica transpirable (rejilla) proporciona una ventilaci\u00f3n \u00f3ptima, perfecta para largos d\u00edas bajo el sol o despu\u00e9s de un viaje en motocicleta.<\/li>\n<li><strong>Dise\u00f1o \u00fanico<\/strong> :<br \/>\nCon una visera plana y un bordado de primera calidad, esta gorra muestra con orgullo el logotipo de Brox, seguido de \u201cMotorcycle Crew\u201d y el lema inspirador \u201cRide to the Future\u201d.<\/li>\n<li><strong>Una pieza de colecci\u00f3n para entusiastas.<\/strong> :<br \/>\nAl ser la primera edici\u00f3n de las gorras Brox, se convierte en una aut\u00e9ntica pieza hist\u00f3rica para la marca. Este modelo ic\u00f3nico encarna el esp\u00edritu de los moteros y el estilo atemporal de las gorras de camionero.<\/li>\n<\/ul>\n<p>Ya sea que est\u00e9s en la carretera o en la ciudad, la gorra Brox es tu aliada para afirmar tu estilo con orgullo mientras representas al mundo del motociclismo.<\/p>\n\t\t<\/div>\n\t<\/div>\n\t\n<\/div>\n<p>&nbsp;<\/p>\n<p>\u00bfEstas dudando sobre alguna de nuestras piezas? Tambi\u00e9n podemos ofrecerle nuestras otras chaquetas homologadas,<a href=\"https:\/\/brox.shop\/es\/categoria-producto\/equipements-moto\/\"> AQU\u00cd<\/a><\/p>\n<p>De lo contrario, para encontrar todas nuestras aventuras, vaya a nuestra <a href=\"https:\/\/www.instagram.com\/brox_motorcycle_label\/\" target=\"_blank\" rel=\"noopener\">Instagram <\/a>!<\/p>","protected":false},"excerpt":{"rendered":"<ul>\n<li style=\"text-align: left\">Talla \u00fanica<\/li>\n<li style=\"text-align: left\">Gorra de camionero<\/li>\n<li style=\"text-align: left\">En blanco y negro<\/li>\n<\/ul>","protected":false},"featured_media":17671,"comment_status":"closed","ping_status":"closed","template":"","meta":{"inline_featured_image":false},"product_brand":[],"product_cat":[408,409],"product_tag":[],"class_list":{"0":"post-17669","1":"product","2":"type-product","3":"status-publish","4":"has-post-thumbnail","6":"product_cat-casquettes","7":"product_cat-vetements-brox","9":"first","10":"instock","11":"sold-individually","12":"taxable","13":"shipping-taxable","14":"purchasable","15":"product-type-simple"},"supplier_id":null,"supplier_sku":"","barcode":"3760315178555","atum_controlled":true,"out_stock_date":null,"out_stock_threshold":null,"inheritable":false,"inbound_stock":0,"stock_on_hold":0,"sold_today":0,"sales_last_days":0,"reserved_stock":0,"customer_returns":0,"warehouse_damage":0,"lost_in_post":0,"other_logs":0,"out_stock_days":0,"lost_sales":0,"has_location":false,"update_date":"2026-04-22T01:15:47","atum_locations":[],"atum_stock_status":"instock","restock_status":false,"low_stock_amount":"","sales_update_date":"2026-04-22T01:15:47","calc_backorders":null,"_links":{"self":[{"href":"https:\/\/brox.shop\/es\/wp-json\/wp\/v2\/product\/17669","targetHints":{"allow":["GET"]}}],"collection":[{"href":"https:\/\/brox.shop\/es\/wp-json\/wp\/v2\/product"}],"about":[{"href":"https:\/\/brox.shop\/es\/wp-json\/wp\/v2\/types\/product"}],"replies":[{"embeddable":true,"href":"https:\/\/brox.shop\/es\/wp-json\/wp\/v2\/comments?post=17669"}],"wp:featuredmedia":[{"embeddable":true,"href":"https:\/\/brox.shop\/es\/wp-json\/wp\/v2\/media\/17671"}],"wp:attachment":[{"href":"https:\/\/brox.shop\/es\/wp-json\/wp\/v2\/media?parent=17669"}],"wp:term":[{"taxonomy":"product_brand","embeddable":true,"href":"https:\/\/brox.shop\/es\/wp-json\/wp\/v2\/product_brand?post=17669"},{"taxonomy":"product_cat","embeddable":true,"href":"https:\/\/brox.shop\/es\/wp-json\/wp\/v2\/product_cat?post=17669"},{"taxonomy":"product_tag","embeddable":true,"href":"https:\/\/brox.shop\/es\/wp-json\/wp\/v2\/product_tag?post=17669"}],"curies":[{"name":"wp","href":"https:\/\/api.w.org\/{rel}","templated":true}]}}