{"id":17683,"date":"2025-01-10T10:34:56","date_gmt":"2025-01-10T09:34:56","guid":{"rendered":"https:\/\/brox.shop\/?post_type=product&#038;p=17683"},"modified":"2025-02-12T10:59:47","modified_gmt":"2025-02-12T09:59:47","slug":"casquette-clash","status":"publish","type":"product","link":"https:\/\/brox.shop\/es\/producto\/casquette-clash\/","title":{"rendered":"Gorra de choque"},"content":{"rendered":"<h1 style=\"text-align: center;\">Gorra de choque<\/h1>\n<ul>\n<li>Talla \u00fanica<\/li>\n<li>Ajustable<\/li>\n<li>Negro descolorido<\/li>\n<li>Bordado blanco<\/li>\n<\/ul>\n<div class=\"accordion\">\n\t<div id=\"accordion-2603648159\" class=\"accordion-item\">\n\t\t<a id=\"accordion-2603648159-label\" class=\"accordion-title plain\" href=\"#accordion-item-livraison-et-retours\" aria-expanded=\"false\" aria-controls=\"accordion-2603648159-content\">\n\t\t\t<button class=\"toggle\" aria-label=\"Toggle\"><i class=\"icon-angle-down\" aria-hidden=\"true\"><\/i><\/button>\n\t\t\t<span>ENTREGA Y DEVOLUCIONES<\/span>\n\t\t<\/a>\n\t\t<div id=\"accordion-2603648159-content\" class=\"accordion-inner\" aria-labelledby=\"accordion-2603648159-label\">\n\t\t\t\n<p><img loading=\"lazy\" decoding=\"async\" class=\"wp-image-17461 aligncenter\" src=\"https:\/\/eudoxie.shop\/wp-content\/uploads\/2023\/04\/reassurance-telephone-600x637.jpg\" alt=\"Reassurance Telephone\" width=\"377\" height=\"400\" \/><\/p>\n<ul>\n<li>Posibilidad de devoluci\u00f3n en un plazo de 14 d\u00edas desde su recepci\u00f3n.<\/li>\n<li>1 a\u00f1o de garant\u00eda<\/li>\n<\/ul>\n\t\t<\/div>\n\t<\/div>\n\t\n\t<div id=\"accordion-1635163304\" class=\"accordion-item\">\n\t\t<a id=\"accordion-1635163304-label\" class=\"accordion-title plain\" href=\"#accordion-item-description\" aria-expanded=\"false\" aria-controls=\"accordion-1635163304-content\">\n\t\t\t<button class=\"toggle\" aria-label=\"Toggle\"><i class=\"icon-angle-down\" aria-hidden=\"true\"><\/i><\/button>\n\t\t\t<span>DESCRIPCI\u00d3N<\/span>\n\t\t<\/a>\n\t\t<div id=\"accordion-1635163304-content\" class=\"accordion-inner\" aria-labelledby=\"accordion-1635163304-label\">\n\t\t\t\n<div class=\"flex max-w-full flex-col flex-grow\">\n<div class=\"min-h-8 text-message flex w-full flex-col items-end gap-2 whitespace-normal break-words text-start &#091;.text-message+&amp;&#093;:mt-5\" dir=\"auto\" data-message-author-role=\"assistant\" data-message-id=\"d4487e26-a161-435b-acfb-8590040c98e2\" data-message-model-slug=\"gpt-4o\">\n<div class=\"flex w-full flex-col gap-1 empty:hidden first:pt-&#091;3px&#093;\">\n<div class=\"markdown prose w-full break-words dark:prose-invert light\">\n<p><strong>Gorra Clash Brox: estilo urbano puro<\/strong><\/p>\n<p>Adopta un look aut\u00e9ntico con el <strong>Gorra de Clash Brox<\/strong>, un accesorio pensado para quienes combinan estilo y sencillez.<\/p>\n<ul>\n<li><strong>Dise\u00f1o atemporal<\/strong> :<br \/>\nEsta gorra negra con efecto lavado ofrece un aspecto \u00fanico y moderno. El bordado blanco \u201cBROX\u201d en la parte delantera a\u00f1ade un toque sutil pero asertivo, ideal para un estilo urbano casual.<\/li>\n<li><strong>La comodidad ante todo<\/strong> :<br \/>\nCon un frente suave y un tama\u00f1o \u00fanico ajustable gracias a su cierre en la parte trasera, la gorra Clash garantiza una comodidad perfecta y se adapta a todas las morfolog\u00edas.<\/li>\n<li><strong>Versatilidad absoluta<\/strong> :<br \/>\nYa sea para completar un atuendo casual o agregar una pieza llamativa a tu look diario, la gorra Clash Brox es una prenda esencial de tu guardarropa.<\/li>\n<\/ul>\n<p>A\u00f1ade una dosis de car\u00e1cter y autenticidad a tu estilo con esta ic\u00f3nica gorra de Brox. <strong>Haz de Clash tu aliado para un look sencillo y llamativo.<\/strong><\/p>\n<\/div>\n<\/div>\n<\/div>\n<\/div>\n<div class=\"mb-2 flex gap-3 empty:hidden -ml-2\">\n<div class=\"items-center justify-start rounded-xl p-1 flex\">\n<div class=\"flex items-center\"><button class=\"rounded-lg text-token-text-secondary hover:bg-token-main-surface-secondary\" aria-label=\"Leer en voz alta\" data-testid=\"voice-play-turn-action-button\"><\/button><button class=\"rounded-lg text-token-text-secondary hover:bg-token-main-surface-secondary\" aria-label=\"Copiar\" data-testid=\"copy-turn-action-button\"><\/button><\/p>\n<div class=\"flex\"><\/div>\n<div class=\"flex items-center pb-0\"><\/div>\n<\/div>\n<\/div>\n<\/div>\n<h2><span style=\"color: #555555; font-size: 14.4px;\">\t\t<\/div>\n\t<\/div>\n\t<\/span><\/h2>\n<\/div>\n<p>&nbsp;<\/p>\n<p>\u00bfEstas dudando sobre alguna de nuestras piezas? Tambi\u00e9n podemos ofrecerle nuestras otras chaquetas homologadas,<a href=\"https:\/\/brox.shop\/es\/categoria-producto\/equipements-moto\/\"> AQU\u00cd<\/a><\/p>\n<p>De lo contrario, para encontrar todas nuestras aventuras, vaya a nuestra <a href=\"https:\/\/www.instagram.com\/brox_motorcycle_label\/\" target=\"_blank\" rel=\"noopener\">Instagram <\/a>!<\/p>","protected":false},"excerpt":{"rendered":"<ul>\n<li style=\"text-align: left;\">Talla \u00fanica<\/li>\n<li style=\"text-align: left;\">Ajustable<\/li>\n<li style=\"text-align: left;\">Negro descolorido<\/li>\n<li style=\"text-align: left;\">Bordado blanco<\/li>\n<\/ul>","protected":false},"featured_media":17684,"comment_status":"closed","ping_status":"closed","template":"","meta":{"inline_featured_image":false},"product_brand":[],"product_cat":[408,409],"product_tag":[],"class_list":{"0":"post-17683","1":"product","2":"type-product","3":"status-publish","4":"has-post-thumbnail","6":"product_cat-casquettes","7":"product_cat-vetements-brox","9":"first","10":"instock","11":"sold-individually","12":"taxable","13":"shipping-taxable","14":"purchasable","15":"product-type-simple"},"supplier_id":null,"supplier_sku":"","barcode":null,"atum_controlled":true,"out_stock_date":null,"out_stock_threshold":null,"inheritable":false,"inbound_stock":null,"stock_on_hold":null,"sold_today":null,"sales_last_days":null,"reserved_stock":null,"customer_returns":null,"warehouse_damage":null,"lost_in_post":null,"other_logs":null,"out_stock_days":null,"lost_sales":null,"has_location":null,"update_date":null,"atum_locations":[],"atum_stock_status":"instock","restock_status":false,"low_stock_amount":"","sales_update_date":null,"calc_backorders":null,"_links":{"self":[{"href":"https:\/\/brox.shop\/es\/wp-json\/wp\/v2\/product\/17683","targetHints":{"allow":["GET"]}}],"collection":[{"href":"https:\/\/brox.shop\/es\/wp-json\/wp\/v2\/product"}],"about":[{"href":"https:\/\/brox.shop\/es\/wp-json\/wp\/v2\/types\/product"}],"replies":[{"embeddable":true,"href":"https:\/\/brox.shop\/es\/wp-json\/wp\/v2\/comments?post=17683"}],"wp:featuredmedia":[{"embeddable":true,"href":"https:\/\/brox.shop\/es\/wp-json\/wp\/v2\/media\/17684"}],"wp:attachment":[{"href":"https:\/\/brox.shop\/es\/wp-json\/wp\/v2\/media?parent=17683"}],"wp:term":[{"taxonomy":"product_brand","embeddable":true,"href":"https:\/\/brox.shop\/es\/wp-json\/wp\/v2\/product_brand?post=17683"},{"taxonomy":"product_cat","embeddable":true,"href":"https:\/\/brox.shop\/es\/wp-json\/wp\/v2\/product_cat?post=17683"},{"taxonomy":"product_tag","embeddable":true,"href":"https:\/\/brox.shop\/es\/wp-json\/wp\/v2\/product_tag?post=17683"}],"curies":[{"name":"wp","href":"https:\/\/api.w.org\/{rel}","templated":true}]}}