{"id":17696,"date":"2025-01-29T12:08:27","date_gmt":"2025-01-29T11:08:27","guid":{"rendered":"https:\/\/brox.shop\/?post_type=product&#038;p=17696"},"modified":"2025-11-28T16:11:25","modified_gmt":"2025-11-28T15:11:25","slug":"tour-de-cou-moto-tech","status":"publish","type":"product","link":"https:\/\/brox.shop\/es\/producto\/tour-de-cou-moto-tech\/","title":{"rendered":"Calentador de cuello para motocicleta \u2013 Tech"},"content":{"rendered":"<p><strong>Calentador de cuello Tech Motorcycle: estilo atrevido y protecci\u00f3n sin concesiones<\/strong><\/p>\n<p>EL <strong>Calentador de cuello Tech Motorcycle<\/strong> by Brox es mucho m\u00e1s que un accesorio: es la alianza perfecta entre <strong>Dise\u00f1o vintage rudo<\/strong> y funcionalidad. Ideal para ciclistas y entusiastas de los deportes de invierno, este calentador de cuello negro destaca por su <strong>Dise\u00f1o \u00fanico<\/strong>, puntuado por <strong>bandas de color amarillo p\u00e1lido y verde azulado<\/strong> que aportan un toque de modernidad.<\/p>\n<p>\u00bfSu principal activo? A <strong>l\u00ednea de tablero de ajedrez dorado<\/strong> que cubre la parte superior y contrasta elegantemente con el fondo negro. Este detalle sutil pero audaz realza el estilo, al tiempo que afirma una personalidad fuerte. La gargantilla se extiende hasta la base del cuello, donde est\u00e1 firmada con un <strong>Etiqueta bordada de Brox<\/strong>, garant\u00eda de calidad y autenticidad.<\/p>\n<h3>\u00bfPor qu\u00e9 elegir el? <strong>Calentador de cuello Tech Motorcycle<\/strong> \u00bfde Brox?<\/h3>\n<ul>\n<li><strong>Estilo \u00fanico y asertivo<\/strong> :un dise\u00f1o negro mejorado con detalles retro, bandas de colores y un toque de oro.<\/li>\n<li><strong>Comodidad y protecci\u00f3n<\/strong> :Un tejido transpirable y ligero, que mantiene tu rostro y cuello calientes sin obstaculizar tus movimientos.<\/li>\n<li><strong>Versatilidad todoterreno<\/strong> :Perfecto para motociclismo, deportes de invierno o cualquier actividad invernal al aire libre.<\/li>\n<\/ul>\n<p>Este <strong>Calentador de cuello de motocicleta para hombres<\/strong> Est\u00e1 dise\u00f1ado para soportar las temperaturas m\u00e1s duras sin perder estilo. Con sus patrones atrevidos y su dise\u00f1o ergon\u00f3mico, se convierte r\u00e1pidamente en el accesorio esencial para tu equipo de invierno.<\/p>\n<h3>Protecci\u00f3n eficaz con un aspecto cuidado<\/h3>\n<p>Hecho en <strong>Tejido t\u00e9cnico de alta calidad<\/strong>, EL <strong>Calentador de cuello Tech Motorcycle<\/strong> Te protege eficazmente contra el fr\u00edo, el viento y las inclemencias del tiempo. Su dise\u00f1o ligero permite una gran libertad de movimientos, ideal para ciclistas exigentes y aventureros.<\/p>\n<p>Ya sea que conduzcas por caminos sinuosos o desaf\u00edes el fr\u00edo en las monta\u00f1as, el <strong>Calentador de cuello Tech<\/strong> destaca como el aliado perfecto, tanto funcional como est\u00e9tico.<\/p>\n<h3>Caracter\u00edsticas t\u00e9cnicas<\/h3>\n<ul>\n<li><strong>Color principal<\/strong> :negro, con bandas de color amarillo p\u00e1lido y verde azulado.<\/li>\n<li><strong>Detalles \u00fanicos<\/strong> :l\u00ednea de tablero de ajedrez dorado en la parte superior y etiqueta Brox bordada.<\/li>\n<li><strong>Asunto<\/strong> : Tejido t\u00e9cnico transpirable, ligero y c\u00e1lido.<\/li>\n<li><strong>Talla \u00fanica<\/strong> :Se adapta a todo tipo de cuerpo.<\/li>\n<li><strong>Usos<\/strong> :motociclismo, deportes de invierno, senderismo y actividades al aire libre.<\/li>\n<\/ul>\n<h3>Env\u00edos y devoluciones<\/h3>\n<ul>\n<li><strong>Entrega r\u00e1pida<\/strong> En todas partes en Francia.<\/li>\n<li><strong>Devoluci\u00f3n o reembolso en un plazo de 14 d\u00edas<\/strong> Despu\u00e9s de la recepci\u00f3n.<\/li>\n<\/ul>\n<hr \/>\n<p><strong>Con el calentador de cuello para motocicleta Tech by <a href=\"https:\/\/brox.shop\/es\/\">Brox<\/a><\/strong>Emb\u00e1rcate en una aventura con estilo, sin sacrificar nunca tu comodidad ni tu protecci\u00f3n. \u00a1Haz tu pedido ahora y presume de estilo en la carretera! Para cualquier pregunta, cont\u00e1ctanos: rider@brox.fr y s\u00edguenos en Instagram: <a href=\"https:\/\/www.instagram.com\/brox_motorcycle_label\/?hl=fr\" target=\"_blank\" rel=\"noopener\">@Brox_Motorcycle_Gear<\/a><\/p>","protected":false},"excerpt":{"rendered":"<ul>\n<li style=\"text-align: left\">Calentador de cuello para motocicleta Brox \u2013 Tech<\/li>\n<li style=\"text-align: left\">Dise\u00f1ado en Francia<\/li>\n<li style=\"text-align: left\">Material fluido y transpirable.<\/li>\n<\/ul>","protected":false},"featured_media":17700,"comment_status":"open","ping_status":"closed","template":"","meta":{"inline_featured_image":false},"product_brand":[],"product_cat":[404,419],"product_tag":[],"class_list":{"0":"post-17696","1":"product","2":"type-product","3":"status-publish","4":"has-post-thumbnail","6":"product_cat-equipements-moto","7":"product_cat-protection-legeres","9":"first","10":"instock","11":"taxable","12":"shipping-taxable","13":"purchasable","14":"product-type-simple"},"supplier_id":null,"supplier_sku":"","barcode":null,"atum_controlled":true,"out_stock_date":null,"out_stock_threshold":null,"inheritable":false,"inbound_stock":0,"stock_on_hold":0,"sold_today":0,"sales_last_days":0,"reserved_stock":0,"customer_returns":0,"warehouse_damage":0,"lost_in_post":0,"other_logs":0,"out_stock_days":0,"lost_sales":0,"has_location":false,"update_date":"2026-04-22T01:15:47","atum_locations":[],"atum_stock_status":"instock","restock_status":false,"low_stock_amount":"","sales_update_date":"2026-04-22T01:15:47","calc_backorders":null,"_links":{"self":[{"href":"https:\/\/brox.shop\/es\/wp-json\/wp\/v2\/product\/17696","targetHints":{"allow":["GET"]}}],"collection":[{"href":"https:\/\/brox.shop\/es\/wp-json\/wp\/v2\/product"}],"about":[{"href":"https:\/\/brox.shop\/es\/wp-json\/wp\/v2\/types\/product"}],"replies":[{"embeddable":true,"href":"https:\/\/brox.shop\/es\/wp-json\/wp\/v2\/comments?post=17696"}],"wp:featuredmedia":[{"embeddable":true,"href":"https:\/\/brox.shop\/es\/wp-json\/wp\/v2\/media\/17700"}],"wp:attachment":[{"href":"https:\/\/brox.shop\/es\/wp-json\/wp\/v2\/media?parent=17696"}],"wp:term":[{"taxonomy":"product_brand","embeddable":true,"href":"https:\/\/brox.shop\/es\/wp-json\/wp\/v2\/product_brand?post=17696"},{"taxonomy":"product_cat","embeddable":true,"href":"https:\/\/brox.shop\/es\/wp-json\/wp\/v2\/product_cat?post=17696"},{"taxonomy":"product_tag","embeddable":true,"href":"https:\/\/brox.shop\/es\/wp-json\/wp\/v2\/product_tag?post=17696"}],"curies":[{"name":"wp","href":"https:\/\/api.w.org\/{rel}","templated":true}]}}